{"id":744379,"date":"2025-08-28T01:55:37","date_gmt":"2025-08-27T22:55:37","guid":{"rendered":"https:\/\/roveyayinevi.com.tr\/index.php\/urun\/dugum\/"},"modified":"2026-04-12T03:00:08","modified_gmt":"2026-04-12T00:00:08","slug":"dugum","status":"publish","type":"product","link":"https:\/\/roveyayinevi.com.tr\/index.php\/urun\/dugum\/","title":{"rendered":"D\u00fc\u011f\u00fcm"},"content":{"rendered":"<p>\u201cPerdeyi aralay\u0131p da bakt\u0131\u011f\u0131nda ikinci katta olmas\u0131na ra\u011fmen havada siyah bir sil\u00fcetin s\u00fcz\u00fcld\u00fc\u011f\u00fcn\u00fc g\u00f6rd\u00fc. Korkudan perdeyi kapat\u0131p yata\u011f\u0131na ge\u00e7ti. Dua okumaya ba\u015flad\u0131. Tam duas\u0131n\u0131 bitirdi\u011finde odas\u0131n\u0131n kap\u0131s\u0131n\u0131n kolu yukar\u0131 a\u015fa\u011f\u0131 inip kalkmaya ba\u015flad\u0131. Kap\u0131m kilitli de\u011fil ki, diye ge\u00e7irdi i\u00e7inden.\u201d   Hurra serisinin \u00fc\u00e7\u00fcnc\u00fc kitab\u0131 D\u00fc\u011f\u00fcm\u2019de S\u00fcleyman Mert, Akif Hoca ve Yavuz\u2019un maceralar\u0131n\u0131 anlatmaya kald\u0131\u011f\u0131 yerden devam ediyor. <\/p>\n","protected":false},"excerpt":{"rendered":"<p>\u201cPerdeyi aralay\u0131p da bakt\u0131\u011f\u0131nda ikinci katta olmas\u0131na ra\u011fmen havada siyah bir sil\u00fcetin s\u00fcz\u00fcld\u00fc\u011f\u00fcn\u00fc g\u00f6rd\u00fc. Korkudan perdeyi kapat\u0131p yata\u011f\u0131na ge\u00e7ti. Dua okumaya ba\u015flad\u0131. Tam duas\u0131n\u0131 bitirdi\u011finde odas\u0131n\u0131n<span class=\"excerpt-hellip\"> [\u2026]<\/span><\/p>\n","protected":false},"featured_media":0,"template":"","meta":{"_monsterinsights_skip_tracking":false,"_monsterinsights_sitenote_active":false,"_monsterinsights_sitenote_note":"","_monsterinsights_sitenote_category":0},"product_brand":[],"product_cat":[12291,12711],"product_tag":[],"class_list":{"0":"post-744379","1":"product","2":"type-product","3":"status-publish","5":"product_cat-edebiyat","6":"product_cat-roman-oyku","7":"pa_cilt-ciltsiz","8":"pa_tur-kitap","9":"pa_yayinevi-luna-yayinlari","10":"pa_yazar-suleyman-mert","12":"first","13":"instock","14":"sale","15":"shipping-taxable","16":"purchasable","17":"product-type-simple"},"_links":{"self":[{"href":"https:\/\/roveyayinevi.com.tr\/index.php\/wp-json\/wp\/v2\/product\/744379","targetHints":{"allow":["GET"]}}],"collection":[{"href":"https:\/\/roveyayinevi.com.tr\/index.php\/wp-json\/wp\/v2\/product"}],"about":[{"href":"https:\/\/roveyayinevi.com.tr\/index.php\/wp-json\/wp\/v2\/types\/product"}],"wp:attachment":[{"href":"https:\/\/roveyayinevi.com.tr\/index.php\/wp-json\/wp\/v2\/media?parent=744379"}],"wp:term":[{"taxonomy":"product_brand","embeddable":true,"href":"https:\/\/roveyayinevi.com.tr\/index.php\/wp-json\/wp\/v2\/product_brand?post=744379"},{"taxonomy":"product_cat","embeddable":true,"href":"https:\/\/roveyayinevi.com.tr\/index.php\/wp-json\/wp\/v2\/product_cat?post=744379"},{"taxonomy":"product_tag","embeddable":true,"href":"https:\/\/roveyayinevi.com.tr\/index.php\/wp-json\/wp\/v2\/product_tag?post=744379"}],"curies":[{"name":"wp","href":"https:\/\/api.w.org\/{rel}","templated":true}]}}