{"id":744378,"date":"2025-08-28T01:55:35","date_gmt":"2025-08-27T22:55:35","guid":{"rendered":"https:\/\/roveyayinevi.com.tr\/index.php\/urun\/izin-ver\/"},"modified":"2025-08-31T18:42:33","modified_gmt":"2025-08-31T15:42:33","slug":"izin-ver","status":"publish","type":"product","link":"https:\/\/roveyayinevi.com.tr\/index.php\/urun\/izin-ver\/","title":{"rendered":"\u0130zin Ver"},"content":{"rendered":"<p>Adam kibirle yakla\u015ft\u0131 \u00e7ocu\u011fa, elinde yanan bir mumla. \u201cS\u00f6yle bakal\u0131m, \u00e7ocuk&#8230;\u201d dedi. \u201cSence bu \u0131\u015f\u0131k nereden geliyor?\u201d \u00c7ocuk cevap vermedi bir s\u00fcre. Sonra uzand\u0131, \u00fcfleyip mumu s\u00f6nd\u00fcr\u00fcverdi. \u201cOnu b\u0131rak da, sen s\u00f6yle bakal\u0131m, sence \u0131\u015f\u0131k nereye gitti?\u201d Kendine, kendinde biriktirdiklerine bu kadar s\u0131k\u0131 s\u0131k\u0131ya sar\u0131lma. Vazge\u00e7meyi bil her \u015feyden yeri gelince. Kendinle y\u00fczle\u015fmeye ve yeniyi bulmaya hep a\u00e7\u0131k olsun kalbin, hi\u00e7 ummad\u0131\u011f\u0131n \u015feyler ve yerlerde&#8230; \u0130zin ver gitsin, izin ver gelsin! (Bhagwan)     Ye\u015fim ve Hakan aralar\u0131ndaki sorunu \u00e7\u00f6zebilecek mi? Ge\u00e7mi\u015ften \u00e7\u0131k\u0131p gelen Ali kasabada neleri de\u011fi\u015ftirecek? Ada sakinlerini bekleyen b\u00fcy\u00fck tehlike ne? Damla\u2019n\u0131n kasabaya d\u00f6n\u00fc\u015f\u00fc sizin de hayat\u0131n\u0131za m\u00fcthi\u015f de\u011fi\u015fiklikler getirecek. Mercaneli kasabas\u0131 sizi yine b\u00fcy\u00fck s\u00fcrprizlerle misafir edecek. Kasaba sakinleri ve misafirlerin hayatlar\u0131 de\u011fi\u015firken sizler de onlara e\u015flik ediyor olacaks\u0131n\u0131z. Ve belki siz de kasabam\u0131za yerle\u015fmek isteyeceksiniz. Unutmay\u0131n\u2026 Her yeti\u015fkinin arkas\u0131nda ac\u0131 hik\u00e2yesi olan yaral\u0131 bir \u00e7ocuk vard\u0131r. \u0130zin verin i\u00e7imizdeki \u00e7ocu\u011fu Mercaneli kasabas\u0131nda birlikte sar\u0131p sarmayal\u0131m. <\/p>\n","protected":false},"excerpt":{"rendered":"<p>Adam kibirle yakla\u015ft\u0131 \u00e7ocu\u011fa, elinde yanan bir mumla. \u201cS\u00f6yle bakal\u0131m, \u00e7ocuk&#8230;\u201d dedi. \u201cSence bu \u0131\u015f\u0131k nereden geliyor?\u201d \u00c7ocuk cevap vermedi bir s\u00fcre. Sonra uzand\u0131, \u00fcfleyip mumu<span class=\"excerpt-hellip\"> [\u2026]<\/span><\/p>\n","protected":false},"featured_media":0,"template":"","meta":{"_monsterinsights_skip_tracking":false,"_monsterinsights_sitenote_active":false,"_monsterinsights_sitenote_note":"","_monsterinsights_sitenote_category":0},"product_brand":[],"product_cat":[12291,12711],"product_tag":[],"class_list":{"0":"post-744378","1":"product","2":"type-product","3":"status-publish","5":"product_cat-edebiyat","6":"product_cat-roman-oyku","7":"pa_cilt-ciltsiz","8":"pa_tur-kitap","9":"pa_yayinevi-mona-kitap","10":"pa_yazar-almula-merter-churm","12":"first","13":"instock","14":"sale","15":"shipping-taxable","16":"purchasable","17":"product-type-simple"},"_links":{"self":[{"href":"https:\/\/roveyayinevi.com.tr\/index.php\/wp-json\/wp\/v2\/product\/744378","targetHints":{"allow":["GET"]}}],"collection":[{"href":"https:\/\/roveyayinevi.com.tr\/index.php\/wp-json\/wp\/v2\/product"}],"about":[{"href":"https:\/\/roveyayinevi.com.tr\/index.php\/wp-json\/wp\/v2\/types\/product"}],"wp:attachment":[{"href":"https:\/\/roveyayinevi.com.tr\/index.php\/wp-json\/wp\/v2\/media?parent=744378"}],"wp:term":[{"taxonomy":"product_brand","embeddable":true,"href":"https:\/\/roveyayinevi.com.tr\/index.php\/wp-json\/wp\/v2\/product_brand?post=744378"},{"taxonomy":"product_cat","embeddable":true,"href":"https:\/\/roveyayinevi.com.tr\/index.php\/wp-json\/wp\/v2\/product_cat?post=744378"},{"taxonomy":"product_tag","embeddable":true,"href":"https:\/\/roveyayinevi.com.tr\/index.php\/wp-json\/wp\/v2\/product_tag?post=744378"}],"curies":[{"name":"wp","href":"https:\/\/api.w.org\/{rel}","templated":true}]}}