{"id":744377,"date":"2025-08-28T01:55:34","date_gmt":"2025-08-27T22:55:34","guid":{"rendered":"https:\/\/roveyayinevi.com.tr\/index.php\/urun\/kuresel-ekonomik-krizler-ve-toparlanma\/"},"modified":"2026-04-16T02:56:28","modified_gmt":"2026-04-15T23:56:28","slug":"kuresel-ekonomik-krizler-ve-toparlanma","status":"publish","type":"product","link":"https:\/\/roveyayinevi.com.tr\/index.php\/urun\/kuresel-ekonomik-krizler-ve-toparlanma\/","title":{"rendered":"K\u00fcresel Ekonomik Krizler ve Toparlanma"},"content":{"rendered":"<p>1.      KR\u0130ZLER\u0130N YAPISI   2.      K\u00dcRESEL KR\u0130ZLER   3.      ULUSLARAARASI F\u0130NANSAL KR\u0130ZLERDEN SONRAK\u0130 TOPARLANMA PERFORMANSINA Y\u00d6NEL\u0130K MODEL \u00c7ALI\u015eMASI   <\/p>\n","protected":false},"excerpt":{"rendered":"<p>1. KR\u0130ZLER\u0130N YAPISI 2. K\u00dcRESEL KR\u0130ZLER 3. ULUSLARAARASI F\u0130NANSAL KR\u0130ZLERDEN SONRAK\u0130 TOPARLANMA PERFORMANSINA Y\u00d6NEL\u0130K MODEL \u00c7ALI\u015eMASI<\/p>\n","protected":false},"featured_media":0,"template":"","meta":{"_monsterinsights_skip_tracking":false,"_monsterinsights_sitenote_active":false,"_monsterinsights_sitenote_note":"","_monsterinsights_sitenote_category":0},"product_brand":[],"product_cat":[20333,13043],"product_tag":[],"class_list":{"0":"post-744377","1":"product","2":"type-product","3":"status-publish","5":"product_cat-diger-ekonomi","6":"product_cat-ekonomi","7":"pa_cilt-ciltsiz","8":"pa_tur-kitap","9":"pa_yayinevi-gazi-kitabevi","10":"pa_yazar-berkan-atas","12":"first","13":"instock","14":"sale","15":"shipping-taxable","16":"purchasable","17":"product-type-simple"},"_links":{"self":[{"href":"https:\/\/roveyayinevi.com.tr\/index.php\/wp-json\/wp\/v2\/product\/744377","targetHints":{"allow":["GET"]}}],"collection":[{"href":"https:\/\/roveyayinevi.com.tr\/index.php\/wp-json\/wp\/v2\/product"}],"about":[{"href":"https:\/\/roveyayinevi.com.tr\/index.php\/wp-json\/wp\/v2\/types\/product"}],"wp:attachment":[{"href":"https:\/\/roveyayinevi.com.tr\/index.php\/wp-json\/wp\/v2\/media?parent=744377"}],"wp:term":[{"taxonomy":"product_brand","embeddable":true,"href":"https:\/\/roveyayinevi.com.tr\/index.php\/wp-json\/wp\/v2\/product_brand?post=744377"},{"taxonomy":"product_cat","embeddable":true,"href":"https:\/\/roveyayinevi.com.tr\/index.php\/wp-json\/wp\/v2\/product_cat?post=744377"},{"taxonomy":"product_tag","embeddable":true,"href":"https:\/\/roveyayinevi.com.tr\/index.php\/wp-json\/wp\/v2\/product_tag?post=744377"}],"curies":[{"name":"wp","href":"https:\/\/api.w.org\/{rel}","templated":true}]}}