{"id":744376,"date":"2025-08-28T01:55:32","date_gmt":"2025-08-27T22:55:32","guid":{"rendered":"https:\/\/roveyayinevi.com.tr\/index.php\/urun\/kedi-ankira\/"},"modified":"2026-04-16T02:56:28","modified_gmt":"2026-04-15T23:56:28","slug":"kedi-ankira","status":"publish","type":"product","link":"https:\/\/roveyayinevi.com.tr\/index.php\/urun\/kedi-ankira\/","title":{"rendered":"Kedi Ankira"},"content":{"rendered":"<p>Merhaba, ben G\u00f6khan! O g\u00fcn okulun giri\u015f b\u00f6l\u00fcm\u00fcnde duran Ankara maketine bak\u0131yorduk. Ben, Firuze ve Kemal&#8230; Giri\u015f zili \u00e7al\u0131\u015fm\u0131\u015ft\u0131 ve herkes s\u0131n\u0131flar\u0131na girmi\u015fti. O s\u0131rada bir kedi yan\u0131m\u0131za geldi. Kedi Ankira! \u0130\u015fte ne olduysa, ondan sonra oldu. Okulun i\u00e7inde bir f\u0131rt\u0131na koptu. Ben, Kemal ve Firuze o f\u0131rt\u0131nan\u0131n i\u00e7inde u\u00e7maya ba\u015flad\u0131k. O an neler oldu\u011funu anlamak m\u00fcmk\u00fcn de\u011fildi. G\u00f6zlerimizi a\u00e7t\u0131\u011f\u0131m\u0131zda kendimizi hi\u00e7 bilmedi\u011fimiz bir yerde bulduk. \u00dcstelik geri d\u00f6nebilmek i\u00e7in bulmam\u0131z gereken d\u00f6rt \u015fifre vard\u0131. Bir de pe\u015fimizde olan Ankira muhaf\u0131zlar\u0131&#8230; Onlara yakalanmadan d\u00f6rt \u015fifreyi bulmal\u0131yd\u0131k. Fantastik bir diyarda, heyecan dolu bir maceraya var m\u0131s\u0131n ? <\/p>\n","protected":false},"excerpt":{"rendered":"<p>Merhaba, ben G\u00f6khan! O g\u00fcn okulun giri\u015f b\u00f6l\u00fcm\u00fcnde duran Ankara maketine bak\u0131yorduk. Ben, Firuze ve Kemal&#8230; Giri\u015f zili \u00e7al\u0131\u015fm\u0131\u015ft\u0131 ve herkes s\u0131n\u0131flar\u0131na girmi\u015fti. O s\u0131rada bir<span class=\"excerpt-hellip\"> [\u2026]<\/span><\/p>\n","protected":false},"featured_media":0,"template":"","meta":{"_monsterinsights_skip_tracking":false,"_monsterinsights_sitenote_active":false,"_monsterinsights_sitenote_note":"","_monsterinsights_sitenote_category":0},"product_brand":[],"product_cat":[12689,12274],"product_tag":[],"class_list":{"0":"post-744376","1":"product","2":"type-product","3":"status-publish","5":"product_cat-cizgi-roman-cocuk-ve-genclik-kitaplari","6":"product_cat-cocuk-ve-genclik-kitaplari","7":"pa_cilt-ciltsiz","8":"pa_tur-kitap","9":"pa_yayinevi-marti-cocuk-yayinlari","10":"pa_yazar-buket-cetin","12":"first","13":"instock","14":"sale","15":"shipping-taxable","16":"purchasable","17":"product-type-simple"},"_links":{"self":[{"href":"https:\/\/roveyayinevi.com.tr\/index.php\/wp-json\/wp\/v2\/product\/744376","targetHints":{"allow":["GET"]}}],"collection":[{"href":"https:\/\/roveyayinevi.com.tr\/index.php\/wp-json\/wp\/v2\/product"}],"about":[{"href":"https:\/\/roveyayinevi.com.tr\/index.php\/wp-json\/wp\/v2\/types\/product"}],"wp:attachment":[{"href":"https:\/\/roveyayinevi.com.tr\/index.php\/wp-json\/wp\/v2\/media?parent=744376"}],"wp:term":[{"taxonomy":"product_brand","embeddable":true,"href":"https:\/\/roveyayinevi.com.tr\/index.php\/wp-json\/wp\/v2\/product_brand?post=744376"},{"taxonomy":"product_cat","embeddable":true,"href":"https:\/\/roveyayinevi.com.tr\/index.php\/wp-json\/wp\/v2\/product_cat?post=744376"},{"taxonomy":"product_tag","embeddable":true,"href":"https:\/\/roveyayinevi.com.tr\/index.php\/wp-json\/wp\/v2\/product_tag?post=744376"}],"curies":[{"name":"wp","href":"https:\/\/api.w.org\/{rel}","templated":true}]}}