{"id":744375,"date":"2025-08-28T01:55:31","date_gmt":"2025-08-27T22:55:31","guid":{"rendered":"https:\/\/roveyayinevi.com.tr\/index.php\/urun\/yatirim-projelerinde-finansal-analiz-teknikleri\/"},"modified":"2025-11-13T08:21:39","modified_gmt":"2025-11-13T05:21:39","slug":"yatirim-projelerinde-finansal-analiz-teknikleri","status":"publish","type":"product","link":"https:\/\/roveyayinevi.com.tr\/index.php\/urun\/yatirim-projelerinde-finansal-analiz-teknikleri\/","title":{"rendered":"Yat\u0131r\u0131m Projelerinde Finansal Analiz Teknikleri"},"content":{"rendered":"<p>1.      Giri\u015f   2.      Yat\u0131r\u0131m Projesi   3.      Finansal Analiz   4.      Finansal Yat\u0131r\u0131mlar ve \u0130nfraheat End\u00fcstri \u0130\u015fletmesi \u00d6rne\u011fi <\/p>\n","protected":false},"excerpt":{"rendered":"<p>1. Giri\u015f 2. Yat\u0131r\u0131m Projesi 3. Finansal Analiz 4. Finansal Yat\u0131r\u0131mlar ve \u0130nfraheat End\u00fcstri \u0130\u015fletmesi \u00d6rne\u011fi<\/p>\n","protected":false},"featured_media":0,"template":"","meta":{"_monsterinsights_skip_tracking":false,"_monsterinsights_sitenote_active":false,"_monsterinsights_sitenote_note":"","_monsterinsights_sitenote_category":0},"product_brand":[],"product_cat":[20333,13043],"product_tag":[],"class_list":{"0":"post-744375","1":"product","2":"type-product","3":"status-publish","5":"product_cat-diger-ekonomi","6":"product_cat-ekonomi","7":"pa_cilt-ciltsiz","8":"pa_tur-kitap","9":"pa_yayinevi-gazi-kitabevi","10":"pa_yazar-mustafa-dilmen","12":"first","13":"instock","14":"sale","15":"shipping-taxable","16":"purchasable","17":"product-type-simple"},"_links":{"self":[{"href":"https:\/\/roveyayinevi.com.tr\/index.php\/wp-json\/wp\/v2\/product\/744375","targetHints":{"allow":["GET"]}}],"collection":[{"href":"https:\/\/roveyayinevi.com.tr\/index.php\/wp-json\/wp\/v2\/product"}],"about":[{"href":"https:\/\/roveyayinevi.com.tr\/index.php\/wp-json\/wp\/v2\/types\/product"}],"wp:attachment":[{"href":"https:\/\/roveyayinevi.com.tr\/index.php\/wp-json\/wp\/v2\/media?parent=744375"}],"wp:term":[{"taxonomy":"product_brand","embeddable":true,"href":"https:\/\/roveyayinevi.com.tr\/index.php\/wp-json\/wp\/v2\/product_brand?post=744375"},{"taxonomy":"product_cat","embeddable":true,"href":"https:\/\/roveyayinevi.com.tr\/index.php\/wp-json\/wp\/v2\/product_cat?post=744375"},{"taxonomy":"product_tag","embeddable":true,"href":"https:\/\/roveyayinevi.com.tr\/index.php\/wp-json\/wp\/v2\/product_tag?post=744375"}],"curies":[{"name":"wp","href":"https:\/\/api.w.org\/{rel}","templated":true}]}}