{"id":744374,"date":"2025-08-28T01:55:30","date_gmt":"2025-08-27T22:55:30","guid":{"rendered":"https:\/\/roveyayinevi.com.tr\/index.php\/urun\/helal-sertifikali-urunler-ve-tuketici-davranislari\/"},"modified":"2026-04-16T02:56:28","modified_gmt":"2026-04-15T23:56:28","slug":"helal-sertifikali-urunler-ve-tuketici-davranislari","status":"publish","type":"product","link":"https:\/\/roveyayinevi.com.tr\/index.php\/urun\/helal-sertifikali-urunler-ve-tuketici-davranislari\/","title":{"rendered":"Helal Sertifikal\u0131 \u00dcr\u00fcnler ve T\u00fcketici Davran\u0131\u015flar\u0131"},"content":{"rendered":"<p>B\u0130R\u0130NC\u0130 B\u00d6L\u00dcM GIDA SEKT\u00d6R\u00dcNDE HELAL SERT\u0130F\u0130KASI   \u0130K\u0130NC\u0130 B\u00d6L\u00dcM ULUSAL VE ULUSLARARASI PAZARLARDA HELAL GIDA   \u00dc\u00c7\u00dcNC\u00dc B\u00d6L\u00dcM T\u00dcKET\u0130C\u0130 DAVRANI\u015eLARI VE HELAL GIDA SERT\u0130F\u0130KASI   D\u00d6RD\u00dcNC\u00dc B\u00d6L\u00dcM GIDA SEKT\u00d6R\u00dcNDE HELAL SERT\u0130F\u0130KALI \u00dcR\u00dcNLER\u0130N T\u00dcKET\u0130C\u0130 TERC\u0130H VE DAVRANI\u015eLARINA OLAN ETK\u0130S\u0130N\u0130 BEL\u0130RLEMEYE Y\u00d6NEL\u0130K B\u0130R ARA\u015eTIRMA T\u00dcRK\u0130YE-\u0130NG\u0130LTERE KAR\u015eILA\u015eTIRMASI <\/p>\n","protected":false},"excerpt":{"rendered":"<p>B\u0130R\u0130NC\u0130 B\u00d6L\u00dcM GIDA SEKT\u00d6R\u00dcNDE HELAL SERT\u0130F\u0130KASI \u0130K\u0130NC\u0130 B\u00d6L\u00dcM ULUSAL VE ULUSLARARASI PAZARLARDA HELAL GIDA \u00dc\u00c7\u00dcNC\u00dc B\u00d6L\u00dcM T\u00dcKET\u0130C\u0130 DAVRANI\u015eLARI VE HELAL GIDA SERT\u0130F\u0130KASI D\u00d6RD\u00dcNC\u00dc B\u00d6L\u00dcM GIDA SEKT\u00d6R\u00dcNDE<span class=\"excerpt-hellip\"> [\u2026]<\/span><\/p>\n","protected":false},"featured_media":0,"template":"","meta":{"_monsterinsights_skip_tracking":false,"_monsterinsights_sitenote_active":false,"_monsterinsights_sitenote_note":"","_monsterinsights_sitenote_category":0},"product_brand":[],"product_cat":[13043,17492],"product_tag":[],"class_list":{"0":"post-744374","1":"product","2":"type-product","3":"status-publish","5":"product_cat-ekonomi","6":"product_cat-pazarlama-satis-reklam","7":"pa_cilt-ciltsiz","8":"pa_tur-kitap","9":"pa_yayinevi-gazi-kitabevi","10":"pa_yazar-yakup-guzel","12":"first","13":"instock","14":"sale","15":"shipping-taxable","16":"purchasable","17":"product-type-simple"},"_links":{"self":[{"href":"https:\/\/roveyayinevi.com.tr\/index.php\/wp-json\/wp\/v2\/product\/744374","targetHints":{"allow":["GET"]}}],"collection":[{"href":"https:\/\/roveyayinevi.com.tr\/index.php\/wp-json\/wp\/v2\/product"}],"about":[{"href":"https:\/\/roveyayinevi.com.tr\/index.php\/wp-json\/wp\/v2\/types\/product"}],"wp:attachment":[{"href":"https:\/\/roveyayinevi.com.tr\/index.php\/wp-json\/wp\/v2\/media?parent=744374"}],"wp:term":[{"taxonomy":"product_brand","embeddable":true,"href":"https:\/\/roveyayinevi.com.tr\/index.php\/wp-json\/wp\/v2\/product_brand?post=744374"},{"taxonomy":"product_cat","embeddable":true,"href":"https:\/\/roveyayinevi.com.tr\/index.php\/wp-json\/wp\/v2\/product_cat?post=744374"},{"taxonomy":"product_tag","embeddable":true,"href":"https:\/\/roveyayinevi.com.tr\/index.php\/wp-json\/wp\/v2\/product_tag?post=744374"}],"curies":[{"name":"wp","href":"https:\/\/api.w.org\/{rel}","templated":true}]}}