{"id":744372,"date":"2025-08-28T01:55:28","date_gmt":"2025-08-27T22:55:28","guid":{"rendered":"https:\/\/roveyayinevi.com.tr\/index.php\/urun\/kendin-icin-bisey-yap\/"},"modified":"2026-04-11T14:13:24","modified_gmt":"2026-04-11T11:13:24","slug":"kendin-icin-bisey-yap","status":"publish","type":"product","link":"https:\/\/roveyayinevi.com.tr\/index.php\/urun\/kendin-icin-bisey-yap\/","title":{"rendered":"Kendin \u0130\u00e7in Bi\u2019\u015eey Yap"},"content":{"rendered":"<p>\u201cProblemler sizi yakalamadan siz problemleri yakalay\u0131n\u201d   \u0130nsanlar kimi zaman kendi d\u00fc\u015fmanlar\u0131n\u0131 besler. Fark\u0131nda olmadan i\u00e7inde yand\u0131klar\u0131 ate\u015fe benzin d\u00f6kerler. \u0130nsan bunu neden yapar? Beynimiz bize t\u00fcrl\u00fc oyunlar oynamay\u0131 sever de ondan. Beyin g\u00fcn i\u00e7inde onlarca d\u00fc\u015f\u00fcnce \u00fcreten b\u00fcy\u00fck bir makine gibidir. Ama kendinize biraz yak\u0131ndan bak\u0131nca, asl\u0131nda \u00e7o\u011fu zaman sadece bir ya da iki kayg\u0131l\u0131 d\u00fc\u015f\u00fcnceyi zihnimizde \u00e7evirip durdu\u011fumuzu g\u00f6r\u00fcr\u00fcz. Kendimizi amans\u0131z bir d\u00f6ng\u00fcn\u00fcn i\u00e7inde \u00e7aresizce debelenirken buluruz. David Carbonell, bu durumu \u015fu e\u011flenceli deyi\u015fle betimliyor: \u201cBuz \u00fcst\u00fcnde kayan ya\u011fl\u0131 bal\u0131\u011f\u0131 tutmaya \u00e7al\u0131\u015fmak.\u201d Biraz d\u00fc\u015f\u00fcn\u00fcnce bunun imk\u00e2ns\u0131z\u0131 ger\u00e7ekle\u015ftirmek isteyen beyhude bir \u00e7aba oldu\u011funu anlars\u0131n\u0131z. Bu kitapta daha i\u015fe yarar bir d\u00fc\u015f\u00fcnce ileri s\u00fcr\u00fcl\u00fcyor: Kayg\u0131l\u0131 d\u00fc\u015f\u00fcnceler sizi k\u0131sk\u0131vrak yakalamadan siz onlar\u0131 yakalayabilirsiniz. Yazar kayg\u0131y\u0131 anlamaya ve kafada \u00e7\u00f6zmeye \u00e7al\u0131\u015fmak yerine kayg\u0131yla pratik ili\u015fkimizi d\u00f6n\u00fc\u015ft\u00fcrmeye davet ediyor bizi. Dan\u0131\u015fanlar\u0131n\u0131n kayg\u0131y\u0131 ve stresi nas\u0131l yendi\u011fini anlatt\u0131\u011f\u0131 hik\u00e2yeleriyle Carbonell, okura pratik bir rehberlik sunuyor. Her \u015feyden \u00f6nce sadece kendiniz i\u00e7in bir \u015feyler yapmaya ba\u015flay\u0131n. Kayg\u0131yla \u00e7at\u0131\u015fmaya gerek yok, sordu\u011fu sorular\u0131 yan\u0131ts\u0131z b\u0131rak\u0131n yeter.<\/p>\n","protected":false},"excerpt":{"rendered":"<p>\u201cProblemler sizi yakalamadan siz problemleri yakalay\u0131n\u201d \u0130nsanlar kimi zaman kendi d\u00fc\u015fmanlar\u0131n\u0131 besler. Fark\u0131nda olmadan i\u00e7inde yand\u0131klar\u0131 ate\u015fe benzin d\u00f6kerler. \u0130nsan bunu neden yapar? Beynimiz bize t\u00fcrl\u00fc<span class=\"excerpt-hellip\"> [\u2026]<\/span><\/p>\n","protected":false},"featured_media":0,"template":"","meta":{"_monsterinsights_skip_tracking":false,"_monsterinsights_sitenote_active":false,"_monsterinsights_sitenote_note":"","_monsterinsights_sitenote_category":0},"product_brand":[],"product_cat":[12364,12376],"product_tag":[],"class_list":{"0":"post-744372","1":"product","2":"type-product","3":"status-publish","5":"product_cat-genel-konular","6":"product_cat-kisisel-gelisim","7":"pa_cilt-ciltsiz","8":"pa_tur-kitap","9":"pa_yayinevi-tavoos-yayinlari","10":"pa_yazar-david-carbonell","12":"first","13":"instock","14":"sale","15":"shipping-taxable","16":"purchasable","17":"product-type-simple"},"_links":{"self":[{"href":"https:\/\/roveyayinevi.com.tr\/index.php\/wp-json\/wp\/v2\/product\/744372","targetHints":{"allow":["GET"]}}],"collection":[{"href":"https:\/\/roveyayinevi.com.tr\/index.php\/wp-json\/wp\/v2\/product"}],"about":[{"href":"https:\/\/roveyayinevi.com.tr\/index.php\/wp-json\/wp\/v2\/types\/product"}],"wp:attachment":[{"href":"https:\/\/roveyayinevi.com.tr\/index.php\/wp-json\/wp\/v2\/media?parent=744372"}],"wp:term":[{"taxonomy":"product_brand","embeddable":true,"href":"https:\/\/roveyayinevi.com.tr\/index.php\/wp-json\/wp\/v2\/product_brand?post=744372"},{"taxonomy":"product_cat","embeddable":true,"href":"https:\/\/roveyayinevi.com.tr\/index.php\/wp-json\/wp\/v2\/product_cat?post=744372"},{"taxonomy":"product_tag","embeddable":true,"href":"https:\/\/roveyayinevi.com.tr\/index.php\/wp-json\/wp\/v2\/product_tag?post=744372"}],"curies":[{"name":"wp","href":"https:\/\/api.w.org\/{rel}","templated":true}]}}