{"id":744369,"date":"2025-08-28T01:55:26","date_gmt":"2025-08-27T22:55:26","guid":{"rendered":"https:\/\/roveyayinevi.com.tr\/index.php\/urun\/animsama-ve-baglantili-animsama-uzerine\/"},"modified":"2026-04-12T03:00:08","modified_gmt":"2026-04-12T00:00:08","slug":"animsama-ve-baglantili-animsama-uzerine","status":"publish","type":"product","link":"https:\/\/roveyayinevi.com.tr\/index.php\/urun\/animsama-ve-baglantili-animsama-uzerine\/","title":{"rendered":"An\u0131msama ve Ba\u011flant\u0131l\u0131 An\u0131msama \u00dczerine"},"content":{"rendered":"<p>Aristoteles\u2019in bu metni iki temel k\u0131sma ayr\u0131lmakta ve bunlar\u0131n ilkinde, insan olamayacak olan kimi hayvanlar\u0131n da kendisinden pay ald\u0131\u011f\u0131 bir olanak olan mneme\u2019den (an\u0131msama) s\u00f6z edilmekte. An\u0131msaman\u0131n duyumsama (aisthesis) ve imgeleme (phantasia) ile s\u0131k\u0131 bir ba\u011flant\u0131s\u0131n\u0131n oldu\u011funu savlayan Aristoteles, bu ba\u011flant\u0131lar\u0131 a\u00e7\u0131k k\u0131lmak i\u00e7in her bir duyuma \u00f6zg\u00fc olan duyumsamalar\u0131n genel olarak nas\u0131l kuruldu\u011funun yeniden \u00fczerinden ge\u00e7mekte ve bir pathos (bir iz\/izlenim, bir etkilenim) olarak duyumsamay\u0131 bu k\u0131s\u0131mda ayr\u0131nt\u0131l\u0131 olarak ele almaktad\u0131r. Metnin ikinci temel k\u0131sm\u0131 ise anamnesis (ba\u011flant\u0131l\u0131 an\u0131msama) \u00fczerine. Burada Aristoteles\u2019in bir syllogismos (ba\u011flant\u0131l\u0131 bir \u00e7\u0131kar\u0131m) oldu\u011funu s\u00f6yledi\u011fi anamnesis serimleniyor. Aristoteles\u2019in \u201cba\u011flant\u0131l\u0131 an\u0131msama\u201ds\u0131, devaml\u0131l\u0131k i\u00e7eren\u201d bir an\u0131msamaya i\u015faret etmektedir. <\/p>\n","protected":false},"excerpt":{"rendered":"<p>Aristoteles\u2019in bu metni iki temel k\u0131sma ayr\u0131lmakta ve bunlar\u0131n ilkinde, insan olamayacak olan kimi hayvanlar\u0131n da kendisinden pay ald\u0131\u011f\u0131 bir olanak olan mneme\u2019den (an\u0131msama) s\u00f6z edilmekte.<span class=\"excerpt-hellip\"> [\u2026]<\/span><\/p>\n","protected":false},"featured_media":0,"template":"","meta":{"_monsterinsights_skip_tracking":false,"_monsterinsights_sitenote_active":false,"_monsterinsights_sitenote_note":"","_monsterinsights_sitenote_category":0},"product_brand":[],"product_cat":[12389,12388],"product_tag":[],"class_list":{"0":"post-744369","1":"product","2":"type-product","3":"status-publish","5":"product_cat-diger-felsefe","6":"product_cat-felsefe","7":"pa_cilt-ciltsiz","8":"pa_tur-kitap","9":"pa_yayinevi-bilgesu-yayincilik","10":"pa_yazar-aristoteles","12":"first","13":"instock","14":"sale","15":"shipping-taxable","16":"purchasable","17":"product-type-simple"},"_links":{"self":[{"href":"https:\/\/roveyayinevi.com.tr\/index.php\/wp-json\/wp\/v2\/product\/744369","targetHints":{"allow":["GET"]}}],"collection":[{"href":"https:\/\/roveyayinevi.com.tr\/index.php\/wp-json\/wp\/v2\/product"}],"about":[{"href":"https:\/\/roveyayinevi.com.tr\/index.php\/wp-json\/wp\/v2\/types\/product"}],"wp:attachment":[{"href":"https:\/\/roveyayinevi.com.tr\/index.php\/wp-json\/wp\/v2\/media?parent=744369"}],"wp:term":[{"taxonomy":"product_brand","embeddable":true,"href":"https:\/\/roveyayinevi.com.tr\/index.php\/wp-json\/wp\/v2\/product_brand?post=744369"},{"taxonomy":"product_cat","embeddable":true,"href":"https:\/\/roveyayinevi.com.tr\/index.php\/wp-json\/wp\/v2\/product_cat?post=744369"},{"taxonomy":"product_tag","embeddable":true,"href":"https:\/\/roveyayinevi.com.tr\/index.php\/wp-json\/wp\/v2\/product_tag?post=744369"}],"curies":[{"name":"wp","href":"https:\/\/api.w.org\/{rel}","templated":true}]}}