{"id":744368,"date":"2025-08-28T01:55:24","date_gmt":"2025-08-27T22:55:24","guid":{"rendered":"https:\/\/roveyayinevi.com.tr\/index.php\/urun\/deniz-gezmis\/"},"modified":"2026-04-16T02:56:28","modified_gmt":"2026-04-15T23:56:28","slug":"deniz-gezmis","status":"publish","type":"product","link":"https:\/\/roveyayinevi.com.tr\/index.php\/urun\/deniz-gezmis\/","title":{"rendered":"Deniz Gezmi\u015f"},"content":{"rendered":"<p>\u0130ddianameye kar\u015f\u0131 diyeceklerim mevcuttur. \u0130ddianame, kelle istemek i\u00e7in haz\u0131rlanm\u0131\u015ft\u0131r. Yap\u0131lan tahliller yanl\u0131\u015ft\u0131r, hatal\u0131d\u0131r, de\u011ferlendirmeler keza isabetsizdir. Yaln\u0131z biz varl\u0131\u011f\u0131m\u0131z\u0131 hi\u00e7bir kar\u015f\u0131l\u0131k beklemeden esasen T\u00fcrk halk\u0131na arma\u011fan etmi\u015f bulunuyoruz. Bu sebeple \u00f6l\u00fcmden \u00e7ekinmiyoruz. Ya\u015fas\u0131n tam ba\u011f\u0131ms\u0131z T\u00fcrkiye! Ya\u015fas\u0131n Marksizm-Leninizm\u2019in y\u00fcce ideolojisi! Ya\u015fas\u0131n T\u00fcrk ve K\u00fcrt halklar\u0131n\u0131n ba\u011f\u0131ms\u0131zl\u0131k m\u00fccadelesi! Kahrolsun emperyalizm! Ya\u015fas\u0131n i\u015f\u00e7iler, k\u00f6yl\u00fcler! <\/p>\n","protected":false},"excerpt":{"rendered":"<p>\u0130ddianameye kar\u015f\u0131 diyeceklerim mevcuttur. \u0130ddianame, kelle istemek i\u00e7in haz\u0131rlanm\u0131\u015ft\u0131r. Yap\u0131lan tahliller yanl\u0131\u015ft\u0131r, hatal\u0131d\u0131r, de\u011ferlendirmeler keza isabetsizdir. Yaln\u0131z biz varl\u0131\u011f\u0131m\u0131z\u0131 hi\u00e7bir kar\u015f\u0131l\u0131k beklemeden esasen T\u00fcrk halk\u0131na arma\u011fan<span class=\"excerpt-hellip\"> [\u2026]<\/span><\/p>\n","protected":false},"featured_media":0,"template":"","meta":{"_monsterinsights_skip_tracking":false,"_monsterinsights_sitenote_active":false,"_monsterinsights_sitenote_note":"","_monsterinsights_sitenote_category":0},"product_brand":[],"product_cat":[14009,12291],"product_tag":[],"class_list":{"0":"post-744368","1":"product","2":"type-product","3":"status-publish","5":"product_cat-biyografi-otobiyografi-edebiyat","6":"product_cat-edebiyat","7":"pa_cilt-ciltsiz","8":"pa_tur-kitap","9":"pa_yayinevi-kirmizi-ada-yayinlari","10":"pa_yazar-birol-ozturk","12":"first","13":"instock","14":"sale","15":"shipping-taxable","16":"purchasable","17":"product-type-simple"},"_links":{"self":[{"href":"https:\/\/roveyayinevi.com.tr\/index.php\/wp-json\/wp\/v2\/product\/744368","targetHints":{"allow":["GET"]}}],"collection":[{"href":"https:\/\/roveyayinevi.com.tr\/index.php\/wp-json\/wp\/v2\/product"}],"about":[{"href":"https:\/\/roveyayinevi.com.tr\/index.php\/wp-json\/wp\/v2\/types\/product"}],"wp:attachment":[{"href":"https:\/\/roveyayinevi.com.tr\/index.php\/wp-json\/wp\/v2\/media?parent=744368"}],"wp:term":[{"taxonomy":"product_brand","embeddable":true,"href":"https:\/\/roveyayinevi.com.tr\/index.php\/wp-json\/wp\/v2\/product_brand?post=744368"},{"taxonomy":"product_cat","embeddable":true,"href":"https:\/\/roveyayinevi.com.tr\/index.php\/wp-json\/wp\/v2\/product_cat?post=744368"},{"taxonomy":"product_tag","embeddable":true,"href":"https:\/\/roveyayinevi.com.tr\/index.php\/wp-json\/wp\/v2\/product_tag?post=744368"}],"curies":[{"name":"wp","href":"https:\/\/api.w.org\/{rel}","templated":true}]}}