{"id":744367,"date":"2025-08-28T01:55:23","date_gmt":"2025-08-27T22:55:23","guid":{"rendered":"https:\/\/roveyayinevi.com.tr\/index.php\/urun\/babaya-mektup-9\/"},"modified":"2026-04-16T02:56:28","modified_gmt":"2026-04-15T23:56:28","slug":"babaya-mektup-9","status":"publish","type":"product","link":"https:\/\/roveyayinevi.com.tr\/index.php\/urun\/babaya-mektup-9\/","title":{"rendered":"Babaya Mektup"},"content":{"rendered":"<p>Franz Kafka\u2019n\u0131n d\u00fcnyas\u0131 \u00fc\u00e7e ayr\u0131l\u0131r: uyumsuz bir k\u00f6le gibi hissetti\u011fi ilk d\u00fcnya, babas\u0131n\u0131n y\u00f6netimi alt\u0131ndaki ikinci d\u00fcnya ve herkesin mutlu oldu\u011fu, kurallardan uzak \u00fc\u00e7\u00fcnc\u00fc d\u00fcnya. 1919\u2019da, ba\u015far\u0131l\u0131 i\u015f adam\u0131 Hermann Kafka\u2019ya yazd\u0131\u011f\u0131 uzun mektupta, Julie Wohryzek ile evlili\u011fine kar\u015f\u0131 \u00e7\u0131kan babas\u0131na d\u00fc\u015f\u00fcncelerini itiraf eden yazar, \u2018\u2019baba\u2019\u2019 kavram\u0131n\u0131 korku ve otorite ekseninde yorumlar. Babas\u0131, ileti\u015fim kuramad\u0131\u011f\u0131 bir zorbal\u0131k simgesidir. \u0130leti\u015fimsizli\u011fin neden oldu\u011fu sorunlar, ya\u015fam\u0131 boyunca alt\u0131nda oldu\u011fu fiziksel ve psikolojik bask\u0131 Kafka\u2019n\u0131n k\u00fc\u00e7\u00fck bir kitap niteli\u011findeki mektubunu yazmas\u0131na neden olur. Arkada\u015f\u0131 Max Brod\u2019a g\u00f6re, Kafka mektubunu babas\u0131na ula\u015ft\u0131rmas\u0131 i\u00e7in annesine vermi\u015f, annesi mektubu ula\u015ft\u0131rmas\u0131 i\u00e7in annesine vermi\u015f,annesi mektubu ula\u015ft\u0131ramam\u0131\u015f ve yazara iade etmi\u015ftir. <\/p>\n","protected":false},"excerpt":{"rendered":"<p>Franz Kafka\u2019n\u0131n d\u00fcnyas\u0131 \u00fc\u00e7e ayr\u0131l\u0131r: uyumsuz bir k\u00f6le gibi hissetti\u011fi ilk d\u00fcnya, babas\u0131n\u0131n y\u00f6netimi alt\u0131ndaki ikinci d\u00fcnya ve herkesin mutlu oldu\u011fu, kurallardan uzak \u00fc\u00e7\u00fcnc\u00fc d\u00fcnya. 1919\u2019da,<span class=\"excerpt-hellip\"> [\u2026]<\/span><\/p>\n","protected":false},"featured_media":0,"template":"","meta":{"_monsterinsights_skip_tracking":false,"_monsterinsights_sitenote_active":false,"_monsterinsights_sitenote_note":"","_monsterinsights_sitenote_category":0},"product_brand":[],"product_cat":[12291,12711],"product_tag":[],"class_list":{"0":"post-744367","1":"product","2":"type-product","3":"status-publish","5":"product_cat-edebiyat","6":"product_cat-roman-oyku","7":"pa_cilt-ciltsiz","8":"pa_tur-kitap","9":"pa_yayinevi-fark-yayinlari","10":"pa_yazar-franz-kafka","12":"first","13":"instock","14":"sale","15":"shipping-taxable","16":"purchasable","17":"product-type-simple"},"_links":{"self":[{"href":"https:\/\/roveyayinevi.com.tr\/index.php\/wp-json\/wp\/v2\/product\/744367","targetHints":{"allow":["GET"]}}],"collection":[{"href":"https:\/\/roveyayinevi.com.tr\/index.php\/wp-json\/wp\/v2\/product"}],"about":[{"href":"https:\/\/roveyayinevi.com.tr\/index.php\/wp-json\/wp\/v2\/types\/product"}],"wp:attachment":[{"href":"https:\/\/roveyayinevi.com.tr\/index.php\/wp-json\/wp\/v2\/media?parent=744367"}],"wp:term":[{"taxonomy":"product_brand","embeddable":true,"href":"https:\/\/roveyayinevi.com.tr\/index.php\/wp-json\/wp\/v2\/product_brand?post=744367"},{"taxonomy":"product_cat","embeddable":true,"href":"https:\/\/roveyayinevi.com.tr\/index.php\/wp-json\/wp\/v2\/product_cat?post=744367"},{"taxonomy":"product_tag","embeddable":true,"href":"https:\/\/roveyayinevi.com.tr\/index.php\/wp-json\/wp\/v2\/product_tag?post=744367"}],"curies":[{"name":"wp","href":"https:\/\/api.w.org\/{rel}","templated":true}]}}