{"id":744366,"date":"2025-08-28T01:55:21","date_gmt":"2025-08-27T22:55:21","guid":{"rendered":"https:\/\/roveyayinevi.com.tr\/index.php\/urun\/kendine-ait-bir-oda-11\/"},"modified":"2026-04-16T02:56:28","modified_gmt":"2026-04-15T23:56:28","slug":"kendine-ait-bir-oda-11","status":"publish","type":"product","link":"https:\/\/roveyayinevi.com.tr\/index.php\/urun\/kendine-ait-bir-oda-11\/","title":{"rendered":"Kendine Ait Bir Oda"},"content":{"rendered":"<p>Sosyal hayat\u0131n pek \u00e7ok alan\u0131nda oldu\u011fu gibi, kad\u0131nlar\u0131n edebiyat d\u00fcnyas\u0131na girmesi de tarihin olduk\u00e7a ge\u00e7 bir d\u00f6neminde m\u00fcmk\u00fcn olmu\u015ftur. Virginia Woolf, Kendine Ait Bir Oda eserinde \u201cKad\u0131nlar neden kurmaca metin yazamaz?\u201d sorusuna kapsaml\u0131 bir cevap arar. Cevap arad\u0131k\u00e7a erkek egemen d\u00fczenin ger\u00e7ekleri daha \u00e7ok su y\u00fcz\u00fcne \u00e7\u0131kar. Virginia Woof\u2019un \u00fcniversiteli kad\u0131n \u00f6\u011frencilere y\u00f6nelik konu\u015fmalar\u0131ndan derlenen eser, \u0130ngiltere\u2019de kad\u0131nlar\u0131n ekonomik ba\u011f\u0131ms\u0131zl\u0131klar\u0131n\u0131 kazanmaya ba\u015flad\u0131klar\u0131 ve oy haklar\u0131n\u0131n hen\u00fcz kabul edildi\u011fi d\u00f6nemde kaleme al\u0131nm\u0131\u015ft\u0131r. Kad\u0131nlar\u0131n edebi anlamda \u00fcretken olabilmesinin ko\u015fulu ise kendine ait bir oda ve gelir olarak \u00f6ne s\u00fcr\u00fclmektedir. Kad\u0131n hareketlerinin son derece \u00f6nemsedi\u011fi metin, kad\u0131nlar\u0131 daha cesur ve \u00fcretken bireyler olmaya davet ediyor. <\/p>\n","protected":false},"excerpt":{"rendered":"<p>Sosyal hayat\u0131n pek \u00e7ok alan\u0131nda oldu\u011fu gibi, kad\u0131nlar\u0131n edebiyat d\u00fcnyas\u0131na girmesi de tarihin olduk\u00e7a ge\u00e7 bir d\u00f6neminde m\u00fcmk\u00fcn olmu\u015ftur. Virginia Woolf, Kendine Ait Bir Oda eserinde<span class=\"excerpt-hellip\"> [\u2026]<\/span><\/p>\n","protected":false},"featured_media":0,"template":"","meta":{"_monsterinsights_skip_tracking":false,"_monsterinsights_sitenote_active":false,"_monsterinsights_sitenote_note":"","_monsterinsights_sitenote_category":0},"product_brand":[],"product_cat":[12291,12711],"product_tag":[],"class_list":{"0":"post-744366","1":"product","2":"type-product","3":"status-publish","5":"product_cat-edebiyat","6":"product_cat-roman-oyku","7":"pa_cilt-ciltsiz","8":"pa_tur-kitap","9":"pa_yayinevi-fark-yayinlari","10":"pa_yazar-virginia-woolf","12":"first","13":"instock","14":"sale","15":"shipping-taxable","16":"purchasable","17":"product-type-simple"},"_links":{"self":[{"href":"https:\/\/roveyayinevi.com.tr\/index.php\/wp-json\/wp\/v2\/product\/744366","targetHints":{"allow":["GET"]}}],"collection":[{"href":"https:\/\/roveyayinevi.com.tr\/index.php\/wp-json\/wp\/v2\/product"}],"about":[{"href":"https:\/\/roveyayinevi.com.tr\/index.php\/wp-json\/wp\/v2\/types\/product"}],"wp:attachment":[{"href":"https:\/\/roveyayinevi.com.tr\/index.php\/wp-json\/wp\/v2\/media?parent=744366"}],"wp:term":[{"taxonomy":"product_brand","embeddable":true,"href":"https:\/\/roveyayinevi.com.tr\/index.php\/wp-json\/wp\/v2\/product_brand?post=744366"},{"taxonomy":"product_cat","embeddable":true,"href":"https:\/\/roveyayinevi.com.tr\/index.php\/wp-json\/wp\/v2\/product_cat?post=744366"},{"taxonomy":"product_tag","embeddable":true,"href":"https:\/\/roveyayinevi.com.tr\/index.php\/wp-json\/wp\/v2\/product_tag?post=744366"}],"curies":[{"name":"wp","href":"https:\/\/api.w.org\/{rel}","templated":true}]}}