{"id":744365,"date":"2025-08-28T01:55:19","date_gmt":"2025-08-27T22:55:19","guid":{"rendered":"https:\/\/roveyayinevi.com.tr\/index.php\/urun\/kudus-fatihi-selahaddin-eyyubi-2\/"},"modified":"2026-04-16T02:56:28","modified_gmt":"2026-04-15T23:56:28","slug":"kudus-fatihi-selahaddin-eyyubi-2","status":"publish","type":"product","link":"https:\/\/roveyayinevi.com.tr\/index.php\/urun\/kudus-fatihi-selahaddin-eyyubi-2\/","title":{"rendered":"Kud\u00fcs Fatihi Selahaddin Eyyubi"},"content":{"rendered":"<p>Hastal\u0131\u011f\u0131 a\u011f\u0131rla\u015f\u0131p vefat edece\u011fini anlay\u0131nca, adamlar\u0131na kefenini vererek bir m\u0131zra\u011f\u0131n ucuna ge\u00e7irmesini ve sokaklarda dola\u015ft\u0131rarak \u015f\u00f6yle ba\u011f\u0131rmalar\u0131n\u0131 emretti: \u2018\u2019Ey ahali!.. \u015eark\u2019\u0131n h\u00e2kimi Sultan Selahaddin \u00f6lmek \u00fczeredir ve ahirete ancak \u015fu bez par\u00e7as\u0131n\u0131 g\u00f6t\u00fcrebilecektir.\u2019\u2019 Kud\u00fcs i\u015fgal alt\u0131nda iken g\u00fclmeyen, g\u00f6zlerine uyku girmeyen Kud\u00fcs Fatihi Selahaddin Eyyubi\u2019nin destans\u0131 hayat \u00f6yk\u00fcs\u00fc. <\/p>\n","protected":false},"excerpt":{"rendered":"<p>Hastal\u0131\u011f\u0131 a\u011f\u0131rla\u015f\u0131p vefat edece\u011fini anlay\u0131nca, adamlar\u0131na kefenini vererek bir m\u0131zra\u011f\u0131n ucuna ge\u00e7irmesini ve sokaklarda dola\u015ft\u0131rarak \u015f\u00f6yle ba\u011f\u0131rmalar\u0131n\u0131 emretti: \u2018\u2019Ey ahali!.. \u015eark\u2019\u0131n h\u00e2kimi Sultan Selahaddin \u00f6lmek \u00fczeredir<span class=\"excerpt-hellip\"> [\u2026]<\/span><\/p>\n","protected":false},"featured_media":0,"template":"","meta":{"_monsterinsights_skip_tracking":false,"_monsterinsights_sitenote_active":false,"_monsterinsights_sitenote_note":"","_monsterinsights_sitenote_category":0},"product_brand":[],"product_cat":[12291,12745],"product_tag":[],"class_list":{"0":"post-744365","1":"product","2":"type-product","3":"status-publish","5":"product_cat-edebiyat","6":"product_cat-tarihi-roman","7":"pa_cilt-ciltsiz","8":"pa_tur-kitap","9":"pa_yayinevi-kirmizi-ada-yayinlari","10":"pa_yazar-bulent-temel","12":"first","13":"instock","14":"sale","15":"shipping-taxable","16":"purchasable","17":"product-type-simple"},"_links":{"self":[{"href":"https:\/\/roveyayinevi.com.tr\/index.php\/wp-json\/wp\/v2\/product\/744365","targetHints":{"allow":["GET"]}}],"collection":[{"href":"https:\/\/roveyayinevi.com.tr\/index.php\/wp-json\/wp\/v2\/product"}],"about":[{"href":"https:\/\/roveyayinevi.com.tr\/index.php\/wp-json\/wp\/v2\/types\/product"}],"wp:attachment":[{"href":"https:\/\/roveyayinevi.com.tr\/index.php\/wp-json\/wp\/v2\/media?parent=744365"}],"wp:term":[{"taxonomy":"product_brand","embeddable":true,"href":"https:\/\/roveyayinevi.com.tr\/index.php\/wp-json\/wp\/v2\/product_brand?post=744365"},{"taxonomy":"product_cat","embeddable":true,"href":"https:\/\/roveyayinevi.com.tr\/index.php\/wp-json\/wp\/v2\/product_cat?post=744365"},{"taxonomy":"product_tag","embeddable":true,"href":"https:\/\/roveyayinevi.com.tr\/index.php\/wp-json\/wp\/v2\/product_tag?post=744365"}],"curies":[{"name":"wp","href":"https:\/\/api.w.org\/{rel}","templated":true}]}}