{"id":744358,"date":"2025-08-28T01:55:10","date_gmt":"2025-08-27T22:55:10","guid":{"rendered":"https:\/\/roveyayinevi.com.tr\/index.php\/urun\/benlik-aynasina-bakmak\/"},"modified":"2026-04-16T02:56:28","modified_gmt":"2026-04-15T23:56:28","slug":"benlik-aynasina-bakmak","status":"publish","type":"product","link":"https:\/\/roveyayinevi.com.tr\/index.php\/urun\/benlik-aynasina-bakmak\/","title":{"rendered":"Benlik Aynas\u0131na Bakmak"},"content":{"rendered":"<p>Ger\u00e7ek duygular\u0131m\u0131z\u0131, d\u00fc\u015f\u00fcncelerimizi gizlemeyi \u00e7ok k\u00fc\u00e7\u00fck ya\u015flardan itibaren \u00f6\u011freniriz. Aileyle ba\u015flay\u0131p okulla devam eden geli\u015fim s\u00fcrecinde, bazen bask\u0131yla bazen de onay almak, g\u00fc\u00e7l\u00fc g\u00f6r\u00fcnmek ve \u00e7evremizle \u00e7at\u0131\u015fmay\u0131 en aza indirmek i\u00e7in ger\u00e7ek benli\u011fimizi saklar\u0131z.  \u0130yi bir ya\u015fam b\u00fcy\u00fck \u00f6l\u00e7\u00fcde kendimizi ne kadar iyi tan\u0131d\u0131\u011f\u0131m\u0131za ba\u011fl\u0131d\u0131r. Benlik fark\u0131ndal\u0131\u011f\u0131 ne yaz\u0131k ki okullarda \u00f6\u011fretilmez; o y\u00fczden pek \u00e7ok insan kendini tan\u0131madan, otomatik pilotta ya\u015far. Duygu, d\u00fc\u015f\u00fcnce ve davran\u0131\u015flar\u0131n\u0131 anlamland\u0131ramad\u0131\u011f\u0131, bir de\u011ferler sistemi geli\u015ftiremedi\u011fi i\u00e7in kendini \u00f6m\u00fcr boyu yetersiz ve ho\u015fnutsuz hisseder.   Bu kitap, ki\u015filik yap\u0131s\u0131ndan aile dinamiklerine, mutlulu\u011fun \u00e7e\u015fitlerinden hayat\u0131n anlam\u0131na uzanan pek \u00e7ok konuda bilimsel ve felsefi i\u00e7eri\u011fiyle benli\u011finizi fark etmenize yard\u0131mc\u0131 olacak aynalar tutuyor. <\/p>\n","protected":false},"excerpt":{"rendered":"<p>Ger\u00e7ek duygular\u0131m\u0131z\u0131, d\u00fc\u015f\u00fcncelerimizi gizlemeyi \u00e7ok k\u00fc\u00e7\u00fck ya\u015flardan itibaren \u00f6\u011freniriz. Aileyle ba\u015flay\u0131p okulla devam eden geli\u015fim s\u00fcrecinde, bazen bask\u0131yla bazen de onay almak, g\u00fc\u00e7l\u00fc g\u00f6r\u00fcnmek ve \u00e7evremizle<span class=\"excerpt-hellip\"> [\u2026]<\/span><\/p>\n","protected":false},"featured_media":0,"template":"","meta":{"_monsterinsights_skip_tracking":false,"_monsterinsights_sitenote_active":false,"_monsterinsights_sitenote_note":"","_monsterinsights_sitenote_category":0},"product_brand":[],"product_cat":[12755,12357],"product_tag":[],"class_list":{"0":"post-744358","1":"product","2":"type-product","3":"status-publish","5":"product_cat-gelisim-psikolojisi","6":"product_cat-psikoloji","7":"pa_cilt-ciltsiz","8":"pa_tur-kitap","9":"pa_yayinevi-dogan-novus","10":"pa_yazar-safak-nakajima","12":"first","13":"instock","14":"sale","15":"shipping-taxable","16":"purchasable","17":"product-type-simple"},"_links":{"self":[{"href":"https:\/\/roveyayinevi.com.tr\/index.php\/wp-json\/wp\/v2\/product\/744358","targetHints":{"allow":["GET"]}}],"collection":[{"href":"https:\/\/roveyayinevi.com.tr\/index.php\/wp-json\/wp\/v2\/product"}],"about":[{"href":"https:\/\/roveyayinevi.com.tr\/index.php\/wp-json\/wp\/v2\/types\/product"}],"wp:attachment":[{"href":"https:\/\/roveyayinevi.com.tr\/index.php\/wp-json\/wp\/v2\/media?parent=744358"}],"wp:term":[{"taxonomy":"product_brand","embeddable":true,"href":"https:\/\/roveyayinevi.com.tr\/index.php\/wp-json\/wp\/v2\/product_brand?post=744358"},{"taxonomy":"product_cat","embeddable":true,"href":"https:\/\/roveyayinevi.com.tr\/index.php\/wp-json\/wp\/v2\/product_cat?post=744358"},{"taxonomy":"product_tag","embeddable":true,"href":"https:\/\/roveyayinevi.com.tr\/index.php\/wp-json\/wp\/v2\/product_tag?post=744358"}],"curies":[{"name":"wp","href":"https:\/\/api.w.org\/{rel}","templated":true}]}}