{"id":744357,"date":"2025-08-28T01:55:09","date_gmt":"2025-08-27T22:55:09","guid":{"rendered":"https:\/\/roveyayinevi.com.tr\/index.php\/urun\/iyi-gunler-bay-baskan\/"},"modified":"2026-04-16T02:56:28","modified_gmt":"2026-04-15T23:56:28","slug":"iyi-gunler-bay-baskan","status":"publish","type":"product","link":"https:\/\/roveyayinevi.com.tr\/index.php\/urun\/iyi-gunler-bay-baskan\/","title":{"rendered":"\u0130yi G\u00fcnler Bay Ba\u015fkan"},"content":{"rendered":"<p>\u00d6zal: George, Tar\u0131k Aziz\u2019in, Amerika\u2019n\u0131n k\u00fc\u00e7\u00fck d\u00fc\u015fece\u011fini s\u00f6yledi\u011fini hat\u0131rl\u0131yorum. Siz de hat\u0131rlad\u0131n\u0131z m\u0131? Bush: Evet, hakl\u0131s\u0131n\u0131z. As\u0131l k\u00fc\u00e7\u00fck d\u00fc\u015fen o olacak ama bunu s\u00f6yletmek zorunday\u0131z. \u00d6zal: Evet, evet. Haysiyetleri k\u0131r\u0131lmal\u0131, \u00f6zellikle de Saddam H\u00fcseyin\u2019in. Bush: Okey, Turgut. Bak\u0131n, sizinle konu\u015fmak yine harikayd\u0131 ve sizin sadakatle yan\u0131m\u0131zda duru\u015funuzdan dolay\u0131 \u00e7ok m\u00fcte\u015fekkirim. \u00d6zal: Sizi tamam\u0131yla destekliyoruz, endi\u015fe etmeyin.   Saddam H\u00fcseyin\u2019in, 1990 A\u011fustos\u2019unda Kuveyt\u2019i i\u015fgalinden sonra Beyaz Saray\u2019la \u00c7ankaya K\u00f6\u015fk\u00fc aras\u0131nda al\u0131\u015f\u0131lmad\u0131k bir telefon trafi\u011fi ba\u015flam\u0131\u015ft\u0131. George Bush ve Turgut \u00d6zal, gece ge\u00e7 saatlere ta\u015f\u0131nan konu\u015fmalar yap\u0131yor, bilgi al\u0131\u015fveri\u015finde bulunuyorlard\u0131. Krizi T\u00fcrkiye\u2019yi uluslararas\u0131 ili\u015fkiler alan\u0131nda etkili bir akt\u00f6r haline getirmek i\u00e7in f\u0131rsat bilen \u00d6zal, Bush\u2019u Saddam H\u00fcseyin\u2019i devirmeye ikna etmeye \u00e7al\u0131\u015f\u0131yordu.   \u0130lk kez bu kitapla ortaya \u00e7\u0131kan bilgiler, iki devlet adam\u0131n\u0131n K\u00f6rfez krizi ve sonras\u0131ndaki y\u00fcz y\u00fcze g\u00f6r\u00fc\u015fmeleri ve telefon konu\u015fmalar\u0131yla T\u00fcrkiye-ABD ili\u015fkilerinin g\u00f6r\u00fcnmeyen y\u00fcz\u00fcn\u00fc oldu\u011fu kadar, o d\u00f6nem T\u00fcrkiye\u2019deki siyasi \u00e7eki\u015fmeleri ve bunlar\u0131n d\u0131\u015f politikaya yans\u0131malar\u0131n\u0131 da \u00e7arp\u0131c\u0131 ayr\u0131nt\u0131larla g\u00f6zler \u00f6n\u00fcne seriyor, uluslararas\u0131 akt\u00f6rlerin karakterlerini, psikolojilerini anlamam\u0131za yard\u0131mc\u0131 oluyor. \u0130yi G\u00fcnler Bay Ba\u015fkan liderler aras\u0131 ili\u015fkiler ve diplomasinin ger\u00e7ekleri hakk\u0131nda \u00e7ok \u00f6nemli bilgiler veriyor.<\/p>\n","protected":false},"excerpt":{"rendered":"<p>\u00d6zal: George, Tar\u0131k Aziz\u2019in, Amerika\u2019n\u0131n k\u00fc\u00e7\u00fck d\u00fc\u015fece\u011fini s\u00f6yledi\u011fini hat\u0131rl\u0131yorum. Siz de hat\u0131rlad\u0131n\u0131z m\u0131? Bush: Evet, hakl\u0131s\u0131n\u0131z. As\u0131l k\u00fc\u00e7\u00fck d\u00fc\u015fen o olacak ama bunu s\u00f6yletmek zorunday\u0131z. \u00d6zal:<span class=\"excerpt-hellip\"> [\u2026]<\/span><\/p>\n","protected":false},"featured_media":0,"template":"","meta":{"_monsterinsights_skip_tracking":false,"_monsterinsights_sitenote_active":false,"_monsterinsights_sitenote_note":"","_monsterinsights_sitenote_category":0},"product_brand":[],"product_cat":[13590,12337],"product_tag":[],"class_list":{"0":"post-744357","1":"product","2":"type-product","3":"status-publish","5":"product_cat-arastirma-inceleme-politika-siyaset","6":"product_cat-politika-siyaset","7":"pa_cilt-ciltsiz","8":"pa_tur-kitap","9":"pa_yayinevi-dogan-kitap","10":"pa_yazar-murat-yetkin","12":"first","13":"instock","14":"sale","15":"shipping-taxable","16":"purchasable","17":"product-type-simple"},"_links":{"self":[{"href":"https:\/\/roveyayinevi.com.tr\/index.php\/wp-json\/wp\/v2\/product\/744357","targetHints":{"allow":["GET"]}}],"collection":[{"href":"https:\/\/roveyayinevi.com.tr\/index.php\/wp-json\/wp\/v2\/product"}],"about":[{"href":"https:\/\/roveyayinevi.com.tr\/index.php\/wp-json\/wp\/v2\/types\/product"}],"wp:attachment":[{"href":"https:\/\/roveyayinevi.com.tr\/index.php\/wp-json\/wp\/v2\/media?parent=744357"}],"wp:term":[{"taxonomy":"product_brand","embeddable":true,"href":"https:\/\/roveyayinevi.com.tr\/index.php\/wp-json\/wp\/v2\/product_brand?post=744357"},{"taxonomy":"product_cat","embeddable":true,"href":"https:\/\/roveyayinevi.com.tr\/index.php\/wp-json\/wp\/v2\/product_cat?post=744357"},{"taxonomy":"product_tag","embeddable":true,"href":"https:\/\/roveyayinevi.com.tr\/index.php\/wp-json\/wp\/v2\/product_tag?post=744357"}],"curies":[{"name":"wp","href":"https:\/\/api.w.org\/{rel}","templated":true}]}}