{"id":744356,"date":"2025-08-28T01:55:07","date_gmt":"2025-08-27T22:55:07","guid":{"rendered":"https:\/\/roveyayinevi.com.tr\/index.php\/urun\/akil-fikir-kitabim-2\/"},"modified":"2026-04-16T02:56:27","modified_gmt":"2026-04-15T23:56:27","slug":"akil-fikir-kitabim-2","status":"publish","type":"product","link":"https:\/\/roveyayinevi.com.tr\/index.php\/urun\/akil-fikir-kitabim-2\/","title":{"rendered":"Ak\u0131l Fikir Kitab\u0131m-2"},"content":{"rendered":"<p>Say, s\u0131rala, karala, kurcala! Ayg\u00fcl Bahar Y\u0131lmaz&#8217;\u0131n yaz\u0131p, G\u00fcne\u015f Bloedorn&#8217;un resimledi\u011fi Ak\u0131l Fikir Kitab\u0131m&#8217;\u0131n ikinci halkas\u0131 yine yarat\u0131c\u0131 d\u00fc\u015f\u00fcnme etkinlikleriyle dolup ta\u015f\u0131yor; bu kez haf\u0131za, matematik, g\u00f6rsel, yaz\u0131nsal ve planlama odakl\u0131 \u00e7al\u0131\u015fmalarla \u00e7ocuklar\u0131n hayal d\u00fcnyas\u0131n\u0131 geni\u015fletiyor. Her sayfas\u0131 ayr\u0131 bir ke\u015fif ve farkl\u0131 bir deneyim vadeden bu etkile\u015fimli kitap okuruna, kendini daha iyi tan\u0131ma, bilgi birikimini art\u0131rma, bak\u0131\u015f a\u00e7\u0131s\u0131n\u0131 \u00e7e\u015fitlendirme ve yeni beceriler kazanma f\u0131rsat\u0131 sunuyor. Giri\u015f b\u00f6l\u00fcm\u00fcndeki \u201cAk\u0131l Fikir Rehberim\u201d ise, hedef belirlemekten verimli \u00e7al\u0131\u015fmaya s\u0131nav kayg\u0131s\u0131ndan zaman y\u00f6netimine ve ki\u015fisel geli\u015fime y\u00f6nelik pek \u00e7ok konuya de\u011finerek, ad\u0131m ad\u0131m ba\u015far\u0131ya ula\u015fman\u0131n ipu\u00e7lar\u0131n\u0131 payla\u015f\u0131yor.Her g\u00fcne bir \u015fiir b\u0131rakmaya, karma\u015f\u0131k \u015fifreler olu\u015fturmaya, film karelerini doldurmaya ya da harfleri avlamaya ne dersiniz? \u0130sterseniz hedef \u00e7ark\u0131n\u0131 \u00e7evirerek de maceraya bal\u0131klama dalabilirsiniz. \u00dcstelik t\u00fcm bunlar\u0131 yapmak i\u00e7in ihtiyac\u0131n\u0131z olan tek \u015fey yarat\u0131c\u0131l\u0131k! Tabii biraz da dikkat, odaklanma ve sab\u0131r gerekiyor. Baz\u0131 b\u00f6l\u00fcmlerde ter d\u00f6kecek kadar zorlan\u0131rsan\u0131z, sak\u0131n y\u0131lmay\u0131n! \u00c7\u00fcnk\u00fc s\u0131k\u0131lmadan, yorulmadan, kendine meydan okumadan ba\u015far\u0131ya ula\u015fmak olmaz. O h\u00e2lde daha ne duruyorsunuz? \u015eimdi doyas\u0131ya sayma, s\u0131ralama, karalama ve kurcalama vakti!  Evde, okulda, parkta, otob\u00fcste, sahilde, k\u0131sacas\u0131 her yerde ve her \u00e7antada yer edinecek bu e\u011flenceli kitapla; g\u00f6rsel haf\u0131zan\u0131z\u0131 harekete ge\u00e7irebilecek, bulmacalarla dikkatinizi \u00f6l\u00e7ebilecek ve bir olaya de\u011fi\u015fik a\u00e7\u0131lardan yakla\u015fman\u0131n inceliklerini ke\u015ffedebileceksiniz. Gerek bireysel olarak gerekse s\u0131n\u0131f ortam\u0131nda \u00e7ocuklar\u0131n keyifli ve nitelikli zaman ge\u00e7irmelerine olanak sa\u011flayan Ak\u0131l Fikir Kitab\u0131m-2, empati kurma, ba\u015fkalar\u0131yla i\u015fbirli\u011fi yapma gibi olumlu kazan\u0131mlar\u0131 da peki\u015ftiren, reng\u00e2renk bir yol arkada\u015f\u0131. <\/p>\n","protected":false},"excerpt":{"rendered":"<p>Say, s\u0131rala, karala, kurcala! Ayg\u00fcl Bahar Y\u0131lmaz&#8217;\u0131n yaz\u0131p, G\u00fcne\u015f Bloedorn&#8217;un resimledi\u011fi Ak\u0131l Fikir Kitab\u0131m&#8217;\u0131n ikinci halkas\u0131 yine yarat\u0131c\u0131 d\u00fc\u015f\u00fcnme etkinlikleriyle dolup ta\u015f\u0131yor; bu kez haf\u0131za, matematik,<span class=\"excerpt-hellip\"> [\u2026]<\/span><\/p>\n","protected":false},"featured_media":0,"template":"","meta":{"_monsterinsights_skip_tracking":false,"_monsterinsights_sitenote_active":false,"_monsterinsights_sitenote_note":"","_monsterinsights_sitenote_category":0},"product_brand":[],"product_cat":[12274,15842],"product_tag":[],"class_list":{"0":"post-744356","1":"product","2":"type-product","3":"status-publish","5":"product_cat-cocuk-ve-genclik-kitaplari","6":"product_cat-egitici-kitaplar","7":"pa_cilt-ciltsiz","8":"pa_tur-kitap","9":"pa_yayinevi-tudem-yayinlari","10":"pa_yazar-aygul-bahar-yilmaz","12":"first","13":"instock","14":"sale","15":"shipping-taxable","16":"purchasable","17":"product-type-simple"},"_links":{"self":[{"href":"https:\/\/roveyayinevi.com.tr\/index.php\/wp-json\/wp\/v2\/product\/744356","targetHints":{"allow":["GET"]}}],"collection":[{"href":"https:\/\/roveyayinevi.com.tr\/index.php\/wp-json\/wp\/v2\/product"}],"about":[{"href":"https:\/\/roveyayinevi.com.tr\/index.php\/wp-json\/wp\/v2\/types\/product"}],"wp:attachment":[{"href":"https:\/\/roveyayinevi.com.tr\/index.php\/wp-json\/wp\/v2\/media?parent=744356"}],"wp:term":[{"taxonomy":"product_brand","embeddable":true,"href":"https:\/\/roveyayinevi.com.tr\/index.php\/wp-json\/wp\/v2\/product_brand?post=744356"},{"taxonomy":"product_cat","embeddable":true,"href":"https:\/\/roveyayinevi.com.tr\/index.php\/wp-json\/wp\/v2\/product_cat?post=744356"},{"taxonomy":"product_tag","embeddable":true,"href":"https:\/\/roveyayinevi.com.tr\/index.php\/wp-json\/wp\/v2\/product_tag?post=744356"}],"curies":[{"name":"wp","href":"https:\/\/api.w.org\/{rel}","templated":true}]}}