{"id":744350,"date":"2025-08-28T01:55:01","date_gmt":"2025-08-27T22:55:01","guid":{"rendered":"https:\/\/roveyayinevi.com.tr\/index.php\/urun\/her-gune-bir-yasa\/"},"modified":"2026-04-08T03:04:11","modified_gmt":"2026-04-08T00:04:11","slug":"her-gune-bir-yasa","status":"publish","type":"product","link":"https:\/\/roveyayinevi.com.tr\/index.php\/urun\/her-gune-bir-yasa\/","title":{"rendered":"Her G\u00fcne Bir Yasa"},"content":{"rendered":"<p>Kim daha g\u00fc\u00e7l\u00fc olmak istemez ki?Ya da kendini daha iyi kontrol etmek?Kim hayatta ba\u015far\u0131ya ula\u015fmak istemez?Size bir s\u0131r verelim, \u015fu anda t\u00fcm bunlar\u0131nanahtar\u0131n\u0131 elinizde tutuyorsunuz.New York Times \u00e7oksatan listesinin bir numaral\u0131 yazar\u0131 ve d\u00fcnyan\u0131n \u00f6nde gelen g\u00fc\u00e7 ve strateji uzman\u0131 Robert Greene, yirmi y\u0131l\u0131 a\u015fk\u0131n s\u00fcredir milyonlarca insana yol g\u00f6steriyor. \u015eimdi, onun be\u015f kitab\u0131ndan derlenen al\u0131nt\u0131lar ile daha \u00f6nce hi\u00e7 yay\u0131mlanmam\u0131\u015f eserlerini bir araya getiren Her G\u00fcne Bir Yasa, Robert Greene\u2019nin kolay anla\u015f\u0131l\u0131r ve bilgelik dolu yasalar\u0131n\u0131 tek bir kitapta okurla bulu\u015fturuyor. Y\u0131l\u0131n her g\u00fcn\u00fc i\u00e7in \u00f6zel olarak se\u00e7ilmis yasalar\u0131, okuyucular\u0131n ya\u015fam sava\u015f\u0131nda g\u00f6rmezden gelemeyecekleri, her g\u00fcn sadece birka\u00e7 dakikalar\u0131n\u0131 ay\u0131rarak okuyacaklar\u0131 \u015fekilde sunuyor. Kitaptaki her b\u00f6l\u00fcm bir aya denk geliyor ve her ay dikkat \u00e7ekici bir tema etraf\u0131nda \u015fekilleniyor: g\u00fc\u00e7, ba\u015ftan \u00e7\u0131karma, ikna, strateji, insan do\u011fas\u0131, toks ik insanlar, kontrol, ustal\u0131k, psikoloji, liderlik, zorluklar ve yarat\u0131c\u0131l\u0131k.Tolstoy, \u201cHer g\u00fcn \u00e7al\u0131\u015fma, her insan i\u00e7in gereklidir,\u201d der. B\u00fcy\u00fck yazar\u0131n da dedi\u011fi gibi her g\u00fcn \u00e7al\u0131\u015fmay\u0131 te\u015fvik eden yap\u0131s\u0131yla bu kitap, Greene\u2019yle yeni tan\u0131\u015facak okurlar i\u00e7in bir giri\u015ften \u00e7ok daha fazlas\u0131, yazar\u0131n kitaplar\u0131ndaki hayat derslerini i\u00e7selle\u015ftirmeye yard\u0131mc\u0131 olacak bir yol haritas\u0131. Hayat m\u00fccadelesinde size \u00f6m\u00fcr boyu e\u015flik edecek, kendi kaderinizi yazarken d\u00f6n\u00fcp tekrar tekrar okumak isteyece\u011finiz esasl\u0131 bir k\u0131lavuz.<\/p>\n","protected":false},"excerpt":{"rendered":"<p>Kim daha g\u00fc\u00e7l\u00fc olmak istemez ki?Ya da kendini daha iyi kontrol etmek?Kim hayatta ba\u015far\u0131ya ula\u015fmak istemez?Size bir s\u0131r verelim, \u015fu anda t\u00fcm bunlar\u0131nanahtar\u0131n\u0131 elinizde tutuyorsunuz.New York<span class=\"excerpt-hellip\"> [\u2026]<\/span><\/p>\n","protected":false},"featured_media":0,"template":"","meta":{"_monsterinsights_skip_tracking":false,"_monsterinsights_sitenote_active":false,"_monsterinsights_sitenote_note":"","_monsterinsights_sitenote_category":0},"product_brand":[],"product_cat":[12364,12376],"product_tag":[],"class_list":{"0":"post-744350","1":"product","2":"type-product","3":"status-publish","5":"product_cat-genel-konular","6":"product_cat-kisisel-gelisim","7":"pa_cilt-ciltsiz","8":"pa_tur-kitap","9":"pa_yayinevi-altin-kitaplar","10":"pa_yazar-robert-greene","12":"first","13":"instock","14":"sale","15":"shipping-taxable","16":"purchasable","17":"product-type-simple"},"_links":{"self":[{"href":"https:\/\/roveyayinevi.com.tr\/index.php\/wp-json\/wp\/v2\/product\/744350","targetHints":{"allow":["GET"]}}],"collection":[{"href":"https:\/\/roveyayinevi.com.tr\/index.php\/wp-json\/wp\/v2\/product"}],"about":[{"href":"https:\/\/roveyayinevi.com.tr\/index.php\/wp-json\/wp\/v2\/types\/product"}],"wp:attachment":[{"href":"https:\/\/roveyayinevi.com.tr\/index.php\/wp-json\/wp\/v2\/media?parent=744350"}],"wp:term":[{"taxonomy":"product_brand","embeddable":true,"href":"https:\/\/roveyayinevi.com.tr\/index.php\/wp-json\/wp\/v2\/product_brand?post=744350"},{"taxonomy":"product_cat","embeddable":true,"href":"https:\/\/roveyayinevi.com.tr\/index.php\/wp-json\/wp\/v2\/product_cat?post=744350"},{"taxonomy":"product_tag","embeddable":true,"href":"https:\/\/roveyayinevi.com.tr\/index.php\/wp-json\/wp\/v2\/product_tag?post=744350"}],"curies":[{"name":"wp","href":"https:\/\/api.w.org\/{rel}","templated":true}]}}