{"id":744347,"date":"2025-08-28T01:54:58","date_gmt":"2025-08-27T22:54:58","guid":{"rendered":"https:\/\/roveyayinevi.com.tr\/index.php\/urun\/dersaadet-numunehane-i-osmani\/"},"modified":"2026-04-16T02:55:50","modified_gmt":"2026-04-15T23:55:50","slug":"dersaadet-numunehane-i-osmani","status":"publish","type":"product","link":"https:\/\/roveyayinevi.com.tr\/index.php\/urun\/dersaadet-numunehane-i-osmani\/","title":{"rendered":"Dersaadet Numunehane-i Osmani"},"content":{"rendered":"<p>\u0130stanbul Ticaret \u00dcniversitesi \u00d6\u011fretim \u00dcyesi Do\u00e7. Dr. \u015eefik Memi\u015f taraf\u0131ndan kaleme al\u0131nan Num\u00fbneh\u00e2ne-i Osm\u00e2n\u00ee, T\u00fcrkiye\u2019nin ilk ihracata te\u015fvik merkezi olan Osmanl\u0131 Ticaret Merkezi\u2019ni anlat\u0131yor. Bu eserle birlikte ilk kez T\u00fcrklerin ihracat maceras\u0131 t\u00fcm ayr\u0131nt\u0131lar\u0131yla ve kurumsal bir \u00e7al\u0131\u015fmaya d\u00f6n\u00fc\u015ft\u00fcrme gayretleriyle kitapla\u015ft\u0131r\u0131lm\u0131\u015f oldu. Sultan II. Abd\u00fclhamid\u2019in onay\u0131yla kendine \u00f6zel \u00e7\u0131kart\u0131lan mevzuatla \u00e7al\u0131\u015fmalar\u0131na ba\u015flayan Osmanl\u0131 Ticaret M\u00fczesi, Ticaret Nezareti ile Dersaadet Ticaret Odas\u0131\u2019n\u0131n i\u015fbirli\u011fiyle faaliyete ge\u00e7iyor. Kadim eserlerin te\u015fhir edildi\u011fi m\u00fczelerle kar\u0131\u015ft\u0131r\u0131lan ticaret m\u00fczelerinin onlarla tek ortak noktas\u0131, ticar\u00ee \u00fcr\u00fcnlerin de salonlarda sergilenmesinde ibaret. 1891\u2019de Mercan Yoku\u015fu\u2019da bulunan me\u015fhur \u015eark Han\u2019da faaliyete ba\u015flayan Osmanl\u0131 Ticaret M\u00fczesi\u2019nde, Osmanl\u0131 \u0130mparatorlu\u011fu\u2019nun d\u00f6rt bir yan\u0131ndan g\u00f6nderilen \u00fcr\u00fcnler te\u015fhir ediliyor. Num\u00fbneh\u00e2ne-i Osm\u00e2n\u00ee \u0130daresi taraf\u0131ndan yurt i\u00e7i ve yurt d\u0131\u015f\u0131 tan\u0131t\u0131m\u0131 yap\u0131lan \u00fcr\u00fcnler, hem uluslararas\u0131 fuarlarda tan\u0131t\u0131l\u0131yor, hem de m\u00fczenin yurt d\u0131\u015f\u0131ndaki \u015fubelerinde sergilenerek yeni pazarlara girmesi sa\u011flan\u0131yordu. Filibe\u2019de, Br\u00fcksel\u2019de, Fiyume\u2019de, Tokyo\u2019da a\u00e7t\u0131\u011f\u0131 \u015fube ve g\u00f6revlendirdi\u011fi temsilcilerle, yeni d\u00fcnya ticaretinde yer almaya \u00e7al\u0131\u015fan Osmanl\u0131 \u00fcreticilerinin \u00e7abalar\u0131na da de\u011finilen kitap, sanayile\u015fmeye \u00e7al\u0131\u015fan \u00fclkelerin ticaret m\u00fczeleri hakk\u0131nda da bilgi veriyor. T\u00fcrk iktisadi tarihinde mihenk noktas\u0131 say\u0131lan Osmanl\u0131 Ticaret M\u00fczesi hakk\u0131nda geni\u015f bilgiler veren, d\u00fcnyadaki di\u011fer \u00f6rnekleriyle de k\u0131yaslayan eser, okuyucular\u0131na ge\u00e7mi\u015fin aynas\u0131nda bug\u00fcn i\u00e7in \u00e7\u00f6z\u00fcmler sunuyor. Uzun ve titiz bir \u00e7al\u0131\u015fman\u0131n \u00fcr\u00fcn\u00fc olan \u201cDersaadet Numunehane-i Osmani\u201d \u00e7ok say\u0131da tarihi vesikay\u0131 da okurla bulu\u015fturuyor. <\/p>\n","protected":false},"excerpt":{"rendered":"<p>\u0130stanbul Ticaret \u00dcniversitesi \u00d6\u011fretim \u00dcyesi Do\u00e7. Dr. \u015eefik Memi\u015f taraf\u0131ndan kaleme al\u0131nan Num\u00fbneh\u00e2ne-i Osm\u00e2n\u00ee, T\u00fcrkiye\u2019nin ilk ihracata te\u015fvik merkezi olan Osmanl\u0131 Ticaret Merkezi\u2019ni anlat\u0131yor. Bu eserle<span class=\"excerpt-hellip\"> [\u2026]<\/span><\/p>\n","protected":false},"featured_media":0,"template":"","meta":{"_monsterinsights_skip_tracking":false,"_monsterinsights_sitenote_active":false,"_monsterinsights_sitenote_note":"","_monsterinsights_sitenote_category":0},"product_brand":[],"product_cat":[12370,12304],"product_tag":[],"class_list":{"0":"post-744347","1":"product","2":"type-product","3":"status-publish","5":"product_cat-arastirma-inceleme","6":"product_cat-tarih","7":"pa_cilt-ciltsiz","8":"pa_tur-kitap","9":"pa_yayinevi-yeditepe-yayinevi","10":"pa_yazar-sefik-memis","12":"first","13":"instock","14":"sale","15":"shipping-taxable","16":"purchasable","17":"product-type-simple"},"_links":{"self":[{"href":"https:\/\/roveyayinevi.com.tr\/index.php\/wp-json\/wp\/v2\/product\/744347","targetHints":{"allow":["GET"]}}],"collection":[{"href":"https:\/\/roveyayinevi.com.tr\/index.php\/wp-json\/wp\/v2\/product"}],"about":[{"href":"https:\/\/roveyayinevi.com.tr\/index.php\/wp-json\/wp\/v2\/types\/product"}],"wp:attachment":[{"href":"https:\/\/roveyayinevi.com.tr\/index.php\/wp-json\/wp\/v2\/media?parent=744347"}],"wp:term":[{"taxonomy":"product_brand","embeddable":true,"href":"https:\/\/roveyayinevi.com.tr\/index.php\/wp-json\/wp\/v2\/product_brand?post=744347"},{"taxonomy":"product_cat","embeddable":true,"href":"https:\/\/roveyayinevi.com.tr\/index.php\/wp-json\/wp\/v2\/product_cat?post=744347"},{"taxonomy":"product_tag","embeddable":true,"href":"https:\/\/roveyayinevi.com.tr\/index.php\/wp-json\/wp\/v2\/product_tag?post=744347"}],"curies":[{"name":"wp","href":"https:\/\/api.w.org\/{rel}","templated":true}]}}