{"id":744342,"date":"2025-08-28T01:54:52","date_gmt":"2025-08-27T22:54:52","guid":{"rendered":"https:\/\/roveyayinevi.com.tr\/index.php\/urun\/iktisat-ve-toplum-dergisi-144-sayi-21-yuzyilda-merkez-bankaciligi\/"},"modified":"2026-04-16T02:55:50","modified_gmt":"2026-04-15T23:55:50","slug":"iktisat-ve-toplum-dergisi-144-sayi-21-yuzyilda-merkez-bankaciligi","status":"publish","type":"product","link":"https:\/\/roveyayinevi.com.tr\/index.php\/urun\/iktisat-ve-toplum-dergisi-144-sayi-21-yuzyilda-merkez-bankaciligi\/","title":{"rendered":"\u0130ktisat ve Toplum Dergisi 144. Say\u0131 \/ 21. Y\u00fczy\u0131lda Merkez Bankac\u0131l\u0131\u011f\u0131"},"content":{"rendered":"<p>Bu say\u0131da:   21. Y\u00fczy\u0131lda Merkez Bankac\u0131l\u0131\u011f\u0131 Mahfi E\u011filmez   K\u00fcresel Enflasyon, Merkez Bankas\u0131 Ba\u011f\u0131ms\u0131zl\u0131\u011f\u0131 ve T\u00fcrkiye Selva Demiralp   21. Y\u00fczy\u0131l\u0131n Merkez Bankac\u0131l\u0131\u011f\u0131nda Ka\u00e7\u0131n\u0131lmaz D\u00f6neme\u00e7: Ye\u015fil Olmal\u0131 m\u0131, Olmamal\u0131 m\u0131? Burcu \u00dcn\u00fcvar, A. Erin\u00e7 Yeldan   Siyasal Erk ve Merkez Bankac\u0131l\u0131\u011f\u0131 \u00d6mer Faruk \u00c7olak   Sosyal Bilimciler Konu\u015fuyor: Turan Suba\u015fat   Merkez Bankalar\u0131 ve \u0130klim De\u011fi\u015fikli\u011fi Nazire Nergiz Din\u00e7er   \u201cT\u00fcrkiye Modeli\u201dnin Bir Senesi \u00d6zg\u00fcr Orhangazi   Yolsuzluk ve Siyaset: Bir Siyasal K\u00fclt\u00fcr Sorunu Ersin Kalayc\u0131o\u011flu   Mali \u00d6nlemler Covid-19\u2019un Makroekonomik Etkilerini Gidermeye Yard\u0131mc\u0131 Oldu mu? Bilin Neyapt\u0131   Bireyler Aras\u0131 G\u00fcven, Kurumlara G\u00fcven ve Ekonomik Performans Ecem Co\u015far Canl\u0131er, Devrim Dumluda\u011f <\/p>\n","protected":false},"excerpt":{"rendered":"<p>Bu say\u0131da: 21. Y\u00fczy\u0131lda Merkez Bankac\u0131l\u0131\u011f\u0131 Mahfi E\u011filmez K\u00fcresel Enflasyon, Merkez Bankas\u0131 Ba\u011f\u0131ms\u0131zl\u0131\u011f\u0131 ve T\u00fcrkiye Selva Demiralp 21. Y\u00fczy\u0131l\u0131n Merkez Bankac\u0131l\u0131\u011f\u0131nda Ka\u00e7\u0131n\u0131lmaz D\u00f6neme\u00e7: Ye\u015fil Olmal\u0131 m\u0131,<span class=\"excerpt-hellip\"> [\u2026]<\/span><\/p>\n","protected":false},"featured_media":0,"template":"","meta":{"_monsterinsights_skip_tracking":false,"_monsterinsights_sitenote_active":false,"_monsterinsights_sitenote_note":"","_monsterinsights_sitenote_category":0},"product_brand":[],"product_cat":[13527],"product_tag":[],"class_list":{"0":"post-744342","1":"product","2":"type-product","3":"status-publish","5":"product_cat-sureli-yayinlar","6":"pa_cilt-ciltsiz","7":"pa_tur-dergi","8":"pa_yayinevi-efil-yayinevi-dergi","9":"pa_yazar-kolektif","11":"first","12":"instock","13":"sale","14":"shipping-taxable","15":"purchasable","16":"product-type-simple"},"_links":{"self":[{"href":"https:\/\/roveyayinevi.com.tr\/index.php\/wp-json\/wp\/v2\/product\/744342","targetHints":{"allow":["GET"]}}],"collection":[{"href":"https:\/\/roveyayinevi.com.tr\/index.php\/wp-json\/wp\/v2\/product"}],"about":[{"href":"https:\/\/roveyayinevi.com.tr\/index.php\/wp-json\/wp\/v2\/types\/product"}],"wp:attachment":[{"href":"https:\/\/roveyayinevi.com.tr\/index.php\/wp-json\/wp\/v2\/media?parent=744342"}],"wp:term":[{"taxonomy":"product_brand","embeddable":true,"href":"https:\/\/roveyayinevi.com.tr\/index.php\/wp-json\/wp\/v2\/product_brand?post=744342"},{"taxonomy":"product_cat","embeddable":true,"href":"https:\/\/roveyayinevi.com.tr\/index.php\/wp-json\/wp\/v2\/product_cat?post=744342"},{"taxonomy":"product_tag","embeddable":true,"href":"https:\/\/roveyayinevi.com.tr\/index.php\/wp-json\/wp\/v2\/product_tag?post=744342"}],"curies":[{"name":"wp","href":"https:\/\/api.w.org\/{rel}","templated":true}]}}