{"id":744341,"date":"2025-08-28T01:54:51","date_gmt":"2025-08-27T22:54:51","guid":{"rendered":"https:\/\/roveyayinevi.com.tr\/index.php\/urun\/modernizmin-yansimalari-40li-yillarda-turkiye\/"},"modified":"2026-04-16T02:55:50","modified_gmt":"2026-04-15T23:55:50","slug":"modernizmin-yansimalari-40li-yillarda-turkiye","status":"publish","type":"product","link":"https:\/\/roveyayinevi.com.tr\/index.php\/urun\/modernizmin-yansimalari-40li-yillarda-turkiye\/","title":{"rendered":"Modernizmin Yans\u0131malar\u0131: 40\u2019l\u0131 Y\u0131llarda T\u00fcrkiye"},"content":{"rendered":"<p>Modernizmin Yans\u0131malar\u0131: 1940\u2019l\u0131 Y\u0131llarda T\u00fcrkiye; onar y\u0131ll\u0131k d\u00f6nemlerde T\u00fcrkiye\u2019de modernizmin de\u011ferlendirilmesini\/ele\u015ftirilmesini hedefleyen bir dizi kitab\u0131n 6. cildini olu\u015fturmaktad\u0131r. Bu kitap dizisi, T\u00fcrkiye\u2019de \u201cmodernle\u015fme\u201dnin ge\u00e7irdi\u011fi evrelerin \u00e7ok boyutlu bir bak\u0131\u015f a\u00e7\u0131s\u0131yla yeniden ele al\u0131nmas\u0131n\u0131 ama\u00e7lamaktad\u0131r. Bu kitapla birlikte 1940-2000 d\u00f6nemini 6 cilt halinde incelemi\u015f oluyoruz.   1940\u2019l\u0131 y\u0131llar sava\u015fla ba\u015flam\u0131\u015f ve d\u00fcnya d\u00fczeninde yeni bir sistemin ortaya \u00e7\u0131k\u0131\u015f\u0131yla bitmi\u015ftir. \u0130kinci D\u00fcnya Sava\u015f\u0131, kat\u0131lan\/kat\u0131lmayan t\u00fcm \u00fclkeleri etkilemi\u015f, d\u00f6nemin sonunda yeni bir ekonomik ve siyasi sistem ortaya \u00e7\u0131karm\u0131\u015ft\u0131r. Halen i\u00e7inde bulundu\u011fumuz ekonomik, siyasi, sosyal, askeri ve k\u00fclt\u00fcrel yap\u0131n\u0131n temellerinin at\u0131ld\u0131\u011f\u0131 bu yeni d\u00fczende, T\u00fcrkiye de d\u00fcnyaya yeniden eklemlenme \u00e7abas\u0131 i\u00e7ine girmi\u015ftir. 40\u2019l\u0131 y\u0131llar; sava\u015f ekonomisi, toplumsal muhalefetin y\u00fckseli\u015fi, K\u00f6y Enstit\u00fcleri, Demokrat Parti\u2019nin kurulu\u015fu, sava\u015f\u0131n sonunda olu\u015fan -sosyalist ve kapitalist blok- iki kutuplu d\u00fcnyada denge aray\u0131\u015flar\u0131, bas\u0131nda sans\u00fcr, ABD\u2019nin gelecek y\u0131llarda daha da artacak olan etkisi, Varl\u0131k Vergisi, \u00f6zellikle \u00e7ift\u00e7ilerin ge\u00e7im s\u0131k\u0131nt\u0131s\u0131 gibi yo\u011fun bir g\u00fcndemle ge\u00e7mi\u015ftir. 1940-1950 d\u00f6neminde se\u00e7im sisteminden e\u011fitim m\u00fcfredat\u0131na, planlamadan siyasi denge aray\u0131\u015flar\u0131na kadar her alanda ortaya \u00e7\u0131kan de\u011fi\u015fim, d\u00f6nemin sonunda Demokrat Parti\u2019nin iktidar\u0131yla son bulmu\u015ftur.   Bu derleme \u00e7al\u0131\u015fmada, farkl\u0131 disiplinlerden bilim insanlar\u0131n\u0131n, bu d\u00f6neme ili\u015fkin de\u011ferlendirmeleri yer almaktad\u0131r. Bu kitap, g\u00fcn\u00fcm\u00fcz T\u00fcrkiye\u2019sinin d\u00fcnyadaki yerini anlamak isteyenler i\u00e7in ba\u015flang\u0131\u00e7 noktas\u0131n\u0131 olu\u015fturmaktad\u0131r. Ara\u015ft\u0131rmac\u0131lar\u0131n kavray\u0131\u015flar\u0131na yeni bir pencere a\u00e7may\u0131 ve yeni \u00e7al\u0131\u015fmalar i\u00e7in ilham vermeyi umut ediyoruz.<\/p>\n","protected":false},"excerpt":{"rendered":"<p>Modernizmin Yans\u0131malar\u0131: 1940\u2019l\u0131 Y\u0131llarda T\u00fcrkiye; onar y\u0131ll\u0131k d\u00f6nemlerde T\u00fcrkiye\u2019de modernizmin de\u011ferlendirilmesini\/ele\u015ftirilmesini hedefleyen bir dizi kitab\u0131n 6. cildini olu\u015fturmaktad\u0131r. Bu kitap dizisi, T\u00fcrkiye\u2019de \u201cmodernle\u015fme\u201dnin ge\u00e7irdi\u011fi evrelerin \u00e7ok<span class=\"excerpt-hellip\"> [\u2026]<\/span><\/p>\n","protected":false},"featured_media":0,"template":"","meta":{"_monsterinsights_skip_tracking":false,"_monsterinsights_sitenote_active":false,"_monsterinsights_sitenote_note":"","_monsterinsights_sitenote_category":0},"product_brand":[],"product_cat":[13059,12337],"product_tag":[],"class_list":{"0":"post-744341","1":"product","2":"type-product","3":"status-publish","5":"product_cat-diger-politika-siyaset","6":"product_cat-politika-siyaset","7":"pa_cilt-ciltsiz","8":"pa_tur-kitap","9":"pa_yayinevi-efil-yayinevi","10":"pa_yazar-r-funda-barbaros-erik-jan-zurcher","12":"first","13":"instock","14":"sale","15":"shipping-taxable","16":"purchasable","17":"product-type-simple"},"_links":{"self":[{"href":"https:\/\/roveyayinevi.com.tr\/index.php\/wp-json\/wp\/v2\/product\/744341","targetHints":{"allow":["GET"]}}],"collection":[{"href":"https:\/\/roveyayinevi.com.tr\/index.php\/wp-json\/wp\/v2\/product"}],"about":[{"href":"https:\/\/roveyayinevi.com.tr\/index.php\/wp-json\/wp\/v2\/types\/product"}],"wp:attachment":[{"href":"https:\/\/roveyayinevi.com.tr\/index.php\/wp-json\/wp\/v2\/media?parent=744341"}],"wp:term":[{"taxonomy":"product_brand","embeddable":true,"href":"https:\/\/roveyayinevi.com.tr\/index.php\/wp-json\/wp\/v2\/product_brand?post=744341"},{"taxonomy":"product_cat","embeddable":true,"href":"https:\/\/roveyayinevi.com.tr\/index.php\/wp-json\/wp\/v2\/product_cat?post=744341"},{"taxonomy":"product_tag","embeddable":true,"href":"https:\/\/roveyayinevi.com.tr\/index.php\/wp-json\/wp\/v2\/product_tag?post=744341"}],"curies":[{"name":"wp","href":"https:\/\/api.w.org\/{rel}","templated":true}]}}