{"id":744339,"date":"2025-08-28T01:54:48","date_gmt":"2025-08-27T22:54:48","guid":{"rendered":"https:\/\/roveyayinevi.com.tr\/index.php\/urun\/hayvan-hukumranligi\/"},"modified":"2026-04-16T02:55:50","modified_gmt":"2026-04-15T23:55:50","slug":"hayvan-hukumranligi","status":"publish","type":"product","link":"https:\/\/roveyayinevi.com.tr\/index.php\/urun\/hayvan-hukumranligi\/","title":{"rendered":"Hayvan H\u00fck\u00fcmranl\u0131\u011f\u0131"},"content":{"rendered":"<p>Fransa\u2019n\u0131n g\u00fcneybat\u0131s\u0131nda s\u0131radan bir k\u00f6y. K\u00fc\u00e7\u00fck bir arazi par\u00e7as\u0131yla ba\u015flay\u0131p giderek i\u015fi b\u00fcy\u00fcten m\u00fctevaz\u0131 bir k\u00f6yl\u00fc ailesi. Ve do\u011fum, b\u00fcy\u00fcme, \u00f6l\u00fcm d\u00f6ng\u00fcs\u00fc i\u00e7inde her g\u00fcn y\u00fczlerce domuzun \u00e7alkaland\u0131\u011f\u0131 b\u00fcy\u00fck bir end\u00fcstriyel domuz \u00e7iftli\u011fi. \u0130nsan\u0131n hayvan ve do\u011fayla ili\u015fkisine \u00fcrpertici, rahats\u0131z edici bir yorum getiren Del Amo, modernitenin miras\u0131na esasl\u0131 bir ele\u015ftiri y\u00f6neltiyor.   Hayvan H\u00fck\u00fcmranl\u0131\u011f\u0131, modern g\u0131da \u00fcretiminin insan\u0131 ac\u0131ya \u2013sadece hayvanlar\u0131n \u00e7ekti\u011fi ac\u0131ya de\u011fil, ba\u015fka insanlar\u0131n \u0131st\u0131rab\u0131na da\u2013 nas\u0131l duyars\u0131zla\u015ft\u0131rd\u0131\u011f\u0131n\u0131 \u00e7arp\u0131c\u0131 bir bi\u00e7imde g\u00f6sterirken insan\u0131n do\u011fay\u0131 fethetme tak\u0131nt\u0131s\u0131n\u0131, \u015fiddetin nesilden nesle aktar\u0131l\u0131\u015f\u0131n\u0131 da g\u00f6zler \u00f6n\u00fcne seren \u00fcrpertici bir roman.   \u201cCioran e\u011fer bir romanc\u0131 olsayd\u0131, modern bir klasik olarak selamlanacak bu t\u00fcr bir kitap yazard\u0131. Hayvan H\u00fck\u00fcmranl\u0131\u011f\u0131, edebiyat\u0131n g\u00f6revinin ille de iyi hissettirmek de\u011fil, i\u00e7inde bulundu\u011fumuz \u00e7\u0131kmaz\u0131 do\u011fru bir \u015fekilde anlamam\u0131za yard\u0131m etmek oldu\u011funu anlatan m\u00fchim bir hat\u0131rlatma.\u201d                                                                  The Guardian   \u201cAile ve insan\u0131n vah\u015feti \u00fczerine yaz\u0131lm\u0131\u015f bir epik. Ola\u011fan\u00fcst\u00fc bir roman.\u201d                                                                       L\u2019Express   \u201cDel Amo insanl\u0131\u011f\u0131n, ekonomik ak\u0131lsall\u0131k ad\u0131na nas\u0131l bir delili\u011fe s\u00fcr\u00fcklendi\u011fine ili\u015fkin apokaliptik bir tasavvur sunuyor.\u201d                                                                                                      Le Monde <\/p>\n","protected":false},"excerpt":{"rendered":"<p>Fransa\u2019n\u0131n g\u00fcneybat\u0131s\u0131nda s\u0131radan bir k\u00f6y. K\u00fc\u00e7\u00fck bir arazi par\u00e7as\u0131yla ba\u015flay\u0131p giderek i\u015fi b\u00fcy\u00fcten m\u00fctevaz\u0131 bir k\u00f6yl\u00fc ailesi. Ve do\u011fum, b\u00fcy\u00fcme, \u00f6l\u00fcm d\u00f6ng\u00fcs\u00fc i\u00e7inde her g\u00fcn y\u00fczlerce<span class=\"excerpt-hellip\"> [\u2026]<\/span><\/p>\n","protected":false},"featured_media":0,"template":"","meta":{"_monsterinsights_skip_tracking":false,"_monsterinsights_sitenote_active":false,"_monsterinsights_sitenote_note":"","_monsterinsights_sitenote_category":0},"product_brand":[],"product_cat":[12291,13376],"product_tag":[],"class_list":{"0":"post-744339","1":"product","2":"type-product","3":"status-publish","5":"product_cat-edebiyat","6":"product_cat-fransiz-edebiyati","7":"pa_cilt-ciltsiz","8":"pa_tur-kitap","9":"pa_yayinevi-can-yayinlari","10":"pa_yazar-jean-baptiste-del-amo","12":"first","13":"instock","14":"sale","15":"shipping-taxable","16":"purchasable","17":"product-type-simple"},"_links":{"self":[{"href":"https:\/\/roveyayinevi.com.tr\/index.php\/wp-json\/wp\/v2\/product\/744339","targetHints":{"allow":["GET"]}}],"collection":[{"href":"https:\/\/roveyayinevi.com.tr\/index.php\/wp-json\/wp\/v2\/product"}],"about":[{"href":"https:\/\/roveyayinevi.com.tr\/index.php\/wp-json\/wp\/v2\/types\/product"}],"wp:attachment":[{"href":"https:\/\/roveyayinevi.com.tr\/index.php\/wp-json\/wp\/v2\/media?parent=744339"}],"wp:term":[{"taxonomy":"product_brand","embeddable":true,"href":"https:\/\/roveyayinevi.com.tr\/index.php\/wp-json\/wp\/v2\/product_brand?post=744339"},{"taxonomy":"product_cat","embeddable":true,"href":"https:\/\/roveyayinevi.com.tr\/index.php\/wp-json\/wp\/v2\/product_cat?post=744339"},{"taxonomy":"product_tag","embeddable":true,"href":"https:\/\/roveyayinevi.com.tr\/index.php\/wp-json\/wp\/v2\/product_tag?post=744339"}],"curies":[{"name":"wp","href":"https:\/\/api.w.org\/{rel}","templated":true}]}}