{"id":744338,"date":"2025-08-28T01:54:47","date_gmt":"2025-08-27T22:54:47","guid":{"rendered":"https:\/\/roveyayinevi.com.tr\/index.php\/urun\/psikoloji-icin-kisa-bir-mola\/"},"modified":"2026-04-16T02:55:50","modified_gmt":"2026-04-15T23:55:50","slug":"psikoloji-icin-kisa-bir-mola","status":"publish","type":"product","link":"https:\/\/roveyayinevi.com.tr\/index.php\/urun\/psikoloji-icin-kisa-bir-mola\/","title":{"rendered":"Psikoloji \u0130\u00e7in K\u0131sa Bir Mola"},"content":{"rendered":"<p>Freud\u2019u, Jung\u2019u, Pavlov\u2019u ve Muzaffer \u015eerif \u2019i ne kadar iyi tan\u0131yorsunuz?Ya\u015flanma psikolojisinden grup psikolojisine, mutluluktan ak\u0131l hastal\u0131\u011f\u0131na psikolojiyi ne kadar biliyorsunuz?Zihnin karma\u015f\u0131k i\u015fleyi\u015fi y\u00fczy\u0131llard\u0131r insanl\u0131\u011f\u0131 b\u00fcy\u00fclemi\u015ftir. Fakat ka\u00e7\u0131m\u0131z insan ruhunun ve beyninin temellerine ili\u015fkin net bir anlay\u0131\u015fa sahip oldu\u011fumuzu iddia edebilir?Psikolojiyi anlamas\u0131 kolay b\u00f6l\u00fcmlere ay\u0131rarak ve Eski Yunan&#8217;dan g\u00fcn\u00fcm\u00fcze kadar uzanan yolu izleyerek Levy, kendimizi anlamam\u0131z\u0131 \u015fekillendiren temel teorileri ve kavramlar\u0131 bir araya getiriyor. Mutluluk aray\u0131\u015f\u0131m\u0131zdan uykunun \u00f6nemine ve zihinsel sa\u011fl\u0131\u011f\u0131n neden \u00f6nemli oldu\u011fundan ya\u015fland\u0131k\u00e7a zihnimizin nas\u0131l de\u011fi\u015fti\u011fine kadar bu k\u00fc\u00e7\u00fck kitap insan olman\u0131n ne demek oldu\u011funu ara\u015ft\u0131r\u0131yor.Elinizdeki kitap sizi psikoloji i\u00e7in k\u0131sa bir molaya \u00e7a\u011f\u0131ran, ustal\u0131kla \u00f6zetlenmi\u015f bir k\u0131lavuz.<\/p>\n","protected":false},"excerpt":{"rendered":"<p>Freud\u2019u, Jung\u2019u, Pavlov\u2019u ve Muzaffer \u015eerif \u2019i ne kadar iyi tan\u0131yorsunuz?Ya\u015flanma psikolojisinden grup psikolojisine, mutluluktan ak\u0131l hastal\u0131\u011f\u0131na psikolojiyi ne kadar biliyorsunuz?Zihnin karma\u015f\u0131k i\u015fleyi\u015fi y\u00fczy\u0131llard\u0131r insanl\u0131\u011f\u0131 b\u00fcy\u00fclemi\u015ftir.<span class=\"excerpt-hellip\"> [\u2026]<\/span><\/p>\n","protected":false},"featured_media":0,"template":"","meta":{"_monsterinsights_skip_tracking":false,"_monsterinsights_sitenote_active":false,"_monsterinsights_sitenote_note":"","_monsterinsights_sitenote_category":0},"product_brand":[],"product_cat":[12358,12357],"product_tag":[],"class_list":{"0":"post-744338","1":"product","2":"type-product","3":"status-publish","5":"product_cat-genel-psikoloji","6":"product_cat-psikoloji","7":"pa_cilt-ciltsiz","8":"pa_tur-kitap","9":"pa_yayinevi-epsilon-yayinlari","10":"pa_yazar-joel-levy","12":"first","13":"instock","14":"sale","15":"shipping-taxable","16":"purchasable","17":"product-type-simple"},"_links":{"self":[{"href":"https:\/\/roveyayinevi.com.tr\/index.php\/wp-json\/wp\/v2\/product\/744338","targetHints":{"allow":["GET"]}}],"collection":[{"href":"https:\/\/roveyayinevi.com.tr\/index.php\/wp-json\/wp\/v2\/product"}],"about":[{"href":"https:\/\/roveyayinevi.com.tr\/index.php\/wp-json\/wp\/v2\/types\/product"}],"wp:attachment":[{"href":"https:\/\/roveyayinevi.com.tr\/index.php\/wp-json\/wp\/v2\/media?parent=744338"}],"wp:term":[{"taxonomy":"product_brand","embeddable":true,"href":"https:\/\/roveyayinevi.com.tr\/index.php\/wp-json\/wp\/v2\/product_brand?post=744338"},{"taxonomy":"product_cat","embeddable":true,"href":"https:\/\/roveyayinevi.com.tr\/index.php\/wp-json\/wp\/v2\/product_cat?post=744338"},{"taxonomy":"product_tag","embeddable":true,"href":"https:\/\/roveyayinevi.com.tr\/index.php\/wp-json\/wp\/v2\/product_tag?post=744338"}],"curies":[{"name":"wp","href":"https:\/\/api.w.org\/{rel}","templated":true}]}}