{"id":744334,"date":"2025-08-28T01:54:43","date_gmt":"2025-08-27T22:54:43","guid":{"rendered":"https:\/\/roveyayinevi.com.tr\/index.php\/urun\/kullerinden-yeniden-dogmaya-hazir-misin\/"},"modified":"2026-04-16T02:55:50","modified_gmt":"2026-04-15T23:55:50","slug":"kullerinden-yeniden-dogmaya-hazir-misin","status":"publish","type":"product","link":"https:\/\/roveyayinevi.com.tr\/index.php\/urun\/kullerinden-yeniden-dogmaya-hazir-misin\/","title":{"rendered":"K\u00fcllerinden Yeniden Do\u011fmaya Haz\u0131r M\u0131s\u0131n ?"},"content":{"rendered":"<p>Y\u0131llarca sigara i\u00e7tiniz ve bir sabah uyand\u0131\u011f\u0131n\u0131zda sigaradan tiksinmeyi hayal ettiniz. Birisi \u00e7\u0131ksa, sihirli de\u011fne\u011fi ile omzunuza dokunsa ve hayat\u0131n\u0131z\u0131n mucizesini ger\u00e7ekle\u015ftirmi\u015f olsa diye d\u00fc\u015f\u00fcnd\u00fcn\u00fcz. Kendi hayalinizin mimar\u0131 olma zaman\u0131 geldi. O mucizeyi kendiniz yaratacaks\u0131n\u0131z. Bu kitapla elinize \u00e7ok g\u00fc\u00e7l\u00fc sihirli bir de\u011fnek veriyorum, k\u00fcllerinden yeni bir ben yaratmak sizin elinizde\u2026<\/p>\n","protected":false},"excerpt":{"rendered":"<p>Y\u0131llarca sigara i\u00e7tiniz ve bir sabah uyand\u0131\u011f\u0131n\u0131zda sigaradan tiksinmeyi hayal ettiniz. Birisi \u00e7\u0131ksa, sihirli de\u011fne\u011fi ile omzunuza dokunsa ve hayat\u0131n\u0131z\u0131n mucizesini ger\u00e7ekle\u015ftirmi\u015f olsa diye d\u00fc\u015f\u00fcnd\u00fcn\u00fcz. Kendi<span class=\"excerpt-hellip\"> [\u2026]<\/span><\/p>\n","protected":false},"featured_media":0,"template":"","meta":{"_monsterinsights_skip_tracking":false,"_monsterinsights_sitenote_active":false,"_monsterinsights_sitenote_note":"","_monsterinsights_sitenote_category":0},"product_brand":[],"product_cat":[13366,13365],"product_tag":[],"class_list":{"0":"post-744334","1":"product","2":"type-product","3":"status-publish","5":"product_cat-diger-saglik","6":"product_cat-saglik","7":"pa_cilt-ciltsiz","8":"pa_tur-kitap","9":"pa_yayinevi-perseus","10":"pa_yazar-canan-koc-sengul","12":"first","13":"instock","14":"sale","15":"shipping-taxable","16":"purchasable","17":"product-type-simple"},"_links":{"self":[{"href":"https:\/\/roveyayinevi.com.tr\/index.php\/wp-json\/wp\/v2\/product\/744334","targetHints":{"allow":["GET"]}}],"collection":[{"href":"https:\/\/roveyayinevi.com.tr\/index.php\/wp-json\/wp\/v2\/product"}],"about":[{"href":"https:\/\/roveyayinevi.com.tr\/index.php\/wp-json\/wp\/v2\/types\/product"}],"wp:attachment":[{"href":"https:\/\/roveyayinevi.com.tr\/index.php\/wp-json\/wp\/v2\/media?parent=744334"}],"wp:term":[{"taxonomy":"product_brand","embeddable":true,"href":"https:\/\/roveyayinevi.com.tr\/index.php\/wp-json\/wp\/v2\/product_brand?post=744334"},{"taxonomy":"product_cat","embeddable":true,"href":"https:\/\/roveyayinevi.com.tr\/index.php\/wp-json\/wp\/v2\/product_cat?post=744334"},{"taxonomy":"product_tag","embeddable":true,"href":"https:\/\/roveyayinevi.com.tr\/index.php\/wp-json\/wp\/v2\/product_tag?post=744334"}],"curies":[{"name":"wp","href":"https:\/\/api.w.org\/{rel}","templated":true}]}}