{"id":744333,"date":"2025-08-28T01:54:42","date_gmt":"2025-08-27T22:54:42","guid":{"rendered":"https:\/\/roveyayinevi.com.tr\/index.php\/urun\/diplomasi\/"},"modified":"2025-09-25T08:15:22","modified_gmt":"2025-09-25T05:15:22","slug":"diplomasi","status":"publish","type":"product","link":"https:\/\/roveyayinevi.com.tr\/index.php\/urun\/diplomasi\/","title":{"rendered":"Diplomasi"},"content":{"rendered":"<p>Yirminci y\u00fczy\u0131l\u0131n \u015f\u00fcphesiz en \u00f6nemli eserlerinden biri olan Diplomasi\u2019de Henry Kissinger, uluslararas\u0131 ili\u015fkilerin uzun tarihini anlat\u0131yor. Kissinger\u2019\u0131n derin tarih ara\u015ft\u0131rmalar\u0131na, ayr\u0131ca bir diplomat ve politikac\u0131 olarak ki\u015fisel deneyimlerine dayanarak kaleme ald\u0131\u011f\u0131 bu eser, diplomasiye dair yaz\u0131lm\u0131\u015f belki de en kapsaml\u0131 kitap olma iddias\u0131ndad\u0131r. Modern devlet sisteminin babas\u0131 olan Richelieu\u2019den \u201cYeni D\u00fcnya D\u00fczeni\u201dne dek \u00fc\u00e7 y\u00fcz y\u0131l\u0131 a\u015fk\u0131n bir zaman dilimini ele alan Kissinger, diplomasi sanat\u0131n\u0131n ve g\u00fc\u00e7 dengesinin i\u00e7inde ya\u015fad\u0131\u011f\u0131m\u0131z d\u00fcnyay\u0131 nas\u0131l \u015fekillendirdi\u011fini g\u00f6zler \u00f6n\u00fcne seriyor. Ger\u00e7ek\u00e7i teori gelene\u011finin \u00f6nde gelen temsilcileri aras\u0131nda yer alan Kissinger, Birinci D\u00fcnya Sava\u015f\u0131 \u00f6ncesi Avrupa dengesiyle birlikte raison d\u2019\u00c9tat ve Realpolitik kavramlar\u0131na da detayl\u0131 bir bak\u0131\u015f sunuyor. Milletler Cemiyeti\u2019nin ilkelerinden olan kolektif g\u00fcvenlik ve kendi kaderini tayin hakk\u0131n\u0131 ele\u015ftiren Kissinger ayn\u0131 zamanda \u0130kinci D\u00fcnya Sava\u015f\u0131 sonras\u0131nda Sovyetler Birli\u011fi\u2019nin Do\u011fu ve G\u00fcney Avrupa\u2019da varl\u0131\u011f\u0131n\u0131 iddia etti\u011fi n\u00fcfuz alanlar\u0131n\u0131 inceliyor. Kissinger Diplomasi\u2019yi, So\u011fuk Sava\u015f\u2019\u0131n ard\u0131ndan ABD\u2019nin Avrupa tarz\u0131 Realpolitik\u2019e d\u00f6nmesi ve Wilsoncu idealizmi terk etmesi gerekti\u011fine y\u00f6nelik arg\u00fcman\u0131yla sonland\u0131r\u0131yor.<\/p>\n","protected":false},"excerpt":{"rendered":"<p>Yirminci y\u00fczy\u0131l\u0131n \u015f\u00fcphesiz en \u00f6nemli eserlerinden biri olan Diplomasi\u2019de Henry Kissinger, uluslararas\u0131 ili\u015fkilerin uzun tarihini anlat\u0131yor. Kissinger\u2019\u0131n derin tarih ara\u015ft\u0131rmalar\u0131na, ayr\u0131ca bir diplomat ve politikac\u0131 olarak<span class=\"excerpt-hellip\"> [\u2026]<\/span><\/p>\n","protected":false},"featured_media":0,"template":"","meta":{"_monsterinsights_skip_tracking":false,"_monsterinsights_sitenote_active":false,"_monsterinsights_sitenote_note":"","_monsterinsights_sitenote_category":0},"product_brand":[],"product_cat":[13590,12337],"product_tag":[],"class_list":{"0":"post-744333","1":"product","2":"type-product","3":"status-publish","5":"product_cat-arastirma-inceleme-politika-siyaset","6":"product_cat-politika-siyaset","7":"pa_cilt-ciltsiz","8":"pa_tur-kitap","9":"pa_yayinevi-panama-yayincilik","10":"pa_yazar-henry-kissinger","12":"first","13":"instock","14":"sale","15":"shipping-taxable","16":"purchasable","17":"product-type-simple"},"_links":{"self":[{"href":"https:\/\/roveyayinevi.com.tr\/index.php\/wp-json\/wp\/v2\/product\/744333","targetHints":{"allow":["GET"]}}],"collection":[{"href":"https:\/\/roveyayinevi.com.tr\/index.php\/wp-json\/wp\/v2\/product"}],"about":[{"href":"https:\/\/roveyayinevi.com.tr\/index.php\/wp-json\/wp\/v2\/types\/product"}],"wp:attachment":[{"href":"https:\/\/roveyayinevi.com.tr\/index.php\/wp-json\/wp\/v2\/media?parent=744333"}],"wp:term":[{"taxonomy":"product_brand","embeddable":true,"href":"https:\/\/roveyayinevi.com.tr\/index.php\/wp-json\/wp\/v2\/product_brand?post=744333"},{"taxonomy":"product_cat","embeddable":true,"href":"https:\/\/roveyayinevi.com.tr\/index.php\/wp-json\/wp\/v2\/product_cat?post=744333"},{"taxonomy":"product_tag","embeddable":true,"href":"https:\/\/roveyayinevi.com.tr\/index.php\/wp-json\/wp\/v2\/product_tag?post=744333"}],"curies":[{"name":"wp","href":"https:\/\/api.w.org\/{rel}","templated":true}]}}