{"id":744331,"date":"2025-08-28T01:54:39","date_gmt":"2025-08-27T22:54:39","guid":{"rendered":"https:\/\/roveyayinevi.com.tr\/index.php\/urun\/moby-dick-12\/"},"modified":"2026-04-16T02:55:50","modified_gmt":"2026-04-15T23:55:50","slug":"moby-dick-12","status":"publish","type":"product","link":"https:\/\/roveyayinevi.com.tr\/index.php\/urun\/moby-dick-12\/","title":{"rendered":"Moby Dick"},"content":{"rendered":"<p>Denizlere a\u00e7\u0131lmak isteyen gen\u00e7 Ismael, bir baca\u011f\u0131n\u0131 Moby Dick ad\u0131n\u0131 verdikleri b\u00fcy\u00fck bir beyaz balinaya kapt\u0131ran balina avc\u0131s\u0131 Kaptan Ahab\u2019\u0131n gemisine biner. D\u00fc\u015fman\u0131n, yani Moby Dick\u2019in yok edilmesi kaptan\u0131n intikam ate\u015fini dindirecek tek yoldur. Ancak g\u00f6z\u00fc k\u00f6r eden bu intikam, Ismael de dahil olmak \u00fczere t\u00fcm gemi m\u00fcrettebat\u0131n\u0131n sonunu getirecektir.   Amerikan edebiyat\u0131n\u0131n en sevilen romanlar\u0131ndan Moby Dick, Herman Melville\u2019in balina avc\u0131l\u0131\u011f\u0131ndan ahlaka, h\u0131rslardan insan do\u011fas\u0131na kadar uzanan geni\u015f bir bak\u0131\u015f a\u00e7\u0131s\u0131 sundu\u011fu ba\u015fyap\u0131t\u0131. <\/p>\n","protected":false},"excerpt":{"rendered":"<p>Denizlere a\u00e7\u0131lmak isteyen gen\u00e7 Ismael, bir baca\u011f\u0131n\u0131 Moby Dick ad\u0131n\u0131 verdikleri b\u00fcy\u00fck bir beyaz balinaya kapt\u0131ran balina avc\u0131s\u0131 Kaptan Ahab\u2019\u0131n gemisine biner. D\u00fc\u015fman\u0131n, yani Moby Dick\u2019in<span class=\"excerpt-hellip\"> [\u2026]<\/span><\/p>\n","protected":false},"featured_media":0,"template":"","meta":{"_monsterinsights_skip_tracking":false,"_monsterinsights_sitenote_active":false,"_monsterinsights_sitenote_note":"","_monsterinsights_sitenote_category":0},"product_brand":[],"product_cat":[12689,12274],"product_tag":[],"class_list":{"0":"post-744331","1":"product","2":"type-product","3":"status-publish","5":"product_cat-cizgi-roman-cocuk-ve-genclik-kitaplari","6":"product_cat-cocuk-ve-genclik-kitaplari","7":"pa_cilt-ciltsiz","8":"pa_tur-kitap","9":"pa_yayinevi-mundi","10":"pa_yazar-herman-melville","12":"first","13":"instock","14":"sale","15":"shipping-taxable","16":"purchasable","17":"product-type-simple"},"_links":{"self":[{"href":"https:\/\/roveyayinevi.com.tr\/index.php\/wp-json\/wp\/v2\/product\/744331","targetHints":{"allow":["GET"]}}],"collection":[{"href":"https:\/\/roveyayinevi.com.tr\/index.php\/wp-json\/wp\/v2\/product"}],"about":[{"href":"https:\/\/roveyayinevi.com.tr\/index.php\/wp-json\/wp\/v2\/types\/product"}],"wp:attachment":[{"href":"https:\/\/roveyayinevi.com.tr\/index.php\/wp-json\/wp\/v2\/media?parent=744331"}],"wp:term":[{"taxonomy":"product_brand","embeddable":true,"href":"https:\/\/roveyayinevi.com.tr\/index.php\/wp-json\/wp\/v2\/product_brand?post=744331"},{"taxonomy":"product_cat","embeddable":true,"href":"https:\/\/roveyayinevi.com.tr\/index.php\/wp-json\/wp\/v2\/product_cat?post=744331"},{"taxonomy":"product_tag","embeddable":true,"href":"https:\/\/roveyayinevi.com.tr\/index.php\/wp-json\/wp\/v2\/product_tag?post=744331"}],"curies":[{"name":"wp","href":"https:\/\/api.w.org\/{rel}","templated":true}]}}