{"id":744330,"date":"2025-08-28T01:54:37","date_gmt":"2025-08-27T22:54:37","guid":{"rendered":"https:\/\/roveyayinevi.com.tr\/index.php\/urun\/gaip\/"},"modified":"2026-04-16T02:55:50","modified_gmt":"2026-04-15T23:55:50","slug":"gaip","status":"publish","type":"product","link":"https:\/\/roveyayinevi.com.tr\/index.php\/urun\/gaip\/","title":{"rendered":"Gaip"},"content":{"rendered":"<p>Bir trafik kazas\u0131nda haf\u0131zan\u0131z\u0131 kaybetmek, sizin i\u00e7in yepyeni bir hayat ihtimalinin kap\u0131s\u0131n\u0131 aralar m\u0131? Babalar ve o\u011fullar\u0131 aras\u0131ndaki ezel ebed gerginliklerden bir huzur ihtimali \u00e7\u0131kar m\u0131? T\u00fcm bunlar\u0131n kay\u0131p Barnabas \u0130ncili\u2019yle alakas\u0131 ne peki?   Mahir \u00dcnsal Eri\u015f, Gaip\u2019te aileden memlekete, haf\u0131zadan siyasete k\u00f6pr\u00fcler kurarak ilerliyor. K\u00f6t\u00fcl\u00fc\u011f\u00fcn do\u011fas\u0131na dokunurken al\u0131\u015f\u0131ld\u0131k kal\u0131plar\u0131 bir kenara b\u0131rak\u0131yor. De\u011ferlerimize ihanet etmek a\u011f\u0131r bir y\u00fck de, hat\u0131rlanmas\u0131 gerekenleri unutmak ba\u015fka bir ihanet de\u011fil mi?   Merak\u0131m\u0131za bir fener gibi sar\u0131l\u0131rsak belki de yolu bulabiliriz\u2026 <\/p>\n","protected":false},"excerpt":{"rendered":"<p>Bir trafik kazas\u0131nda haf\u0131zan\u0131z\u0131 kaybetmek, sizin i\u00e7in yepyeni bir hayat ihtimalinin kap\u0131s\u0131n\u0131 aralar m\u0131? Babalar ve o\u011fullar\u0131 aras\u0131ndaki ezel ebed gerginliklerden bir huzur ihtimali \u00e7\u0131kar m\u0131?<span class=\"excerpt-hellip\"> [\u2026]<\/span><\/p>\n","protected":false},"featured_media":0,"template":"","meta":{"_monsterinsights_skip_tracking":false,"_monsterinsights_sitenote_active":false,"_monsterinsights_sitenote_note":"","_monsterinsights_sitenote_category":0},"product_brand":[],"product_cat":[12291,12711],"product_tag":[],"class_list":{"0":"post-744330","1":"product","2":"type-product","3":"status-publish","5":"product_cat-edebiyat","6":"product_cat-roman-oyku","7":"pa_cilt-ciltsiz","8":"pa_tur-kitap","9":"pa_yayinevi-mundi","10":"pa_yazar-mahir-unsal-eris","12":"first","13":"instock","14":"sale","15":"shipping-taxable","16":"purchasable","17":"product-type-simple"},"_links":{"self":[{"href":"https:\/\/roveyayinevi.com.tr\/index.php\/wp-json\/wp\/v2\/product\/744330","targetHints":{"allow":["GET"]}}],"collection":[{"href":"https:\/\/roveyayinevi.com.tr\/index.php\/wp-json\/wp\/v2\/product"}],"about":[{"href":"https:\/\/roveyayinevi.com.tr\/index.php\/wp-json\/wp\/v2\/types\/product"}],"wp:attachment":[{"href":"https:\/\/roveyayinevi.com.tr\/index.php\/wp-json\/wp\/v2\/media?parent=744330"}],"wp:term":[{"taxonomy":"product_brand","embeddable":true,"href":"https:\/\/roveyayinevi.com.tr\/index.php\/wp-json\/wp\/v2\/product_brand?post=744330"},{"taxonomy":"product_cat","embeddable":true,"href":"https:\/\/roveyayinevi.com.tr\/index.php\/wp-json\/wp\/v2\/product_cat?post=744330"},{"taxonomy":"product_tag","embeddable":true,"href":"https:\/\/roveyayinevi.com.tr\/index.php\/wp-json\/wp\/v2\/product_tag?post=744330"}],"curies":[{"name":"wp","href":"https:\/\/api.w.org\/{rel}","templated":true}]}}