{"id":744329,"date":"2025-08-28T01:54:36","date_gmt":"2025-08-27T22:54:36","guid":{"rendered":"https:\/\/roveyayinevi.com.tr\/index.php\/urun\/grup\/"},"modified":"2026-04-16T02:55:50","modified_gmt":"2026-04-15T23:55:50","slug":"grup","status":"publish","type":"product","link":"https:\/\/roveyayinevi.com.tr\/index.php\/urun\/grup\/","title":{"rendered":"Grup"},"content":{"rendered":"<p>\u201cBu s\u0131n\u0131r tan\u0131mayan otobiyografi, s\u00fcr\u00fckleyici bir deneyim ve \u015fimdiye kadar okudu\u011fum en umut verici kitaplardan biri.\u201d- Lisa Taddeo \u201cH\u00fcz\u00fcnl\u00fc ve e\u011flenceli, \u015fa\u015f\u0131rt\u0131c\u0131 ve \u00f6zg\u00fcr&#8230; \u0130leti\u015fim g\u00fcc\u00fcn\u00fcn kan\u0131t\u0131.\u201d- Lori Gottlieb \u201cTate, okurlar\u0131 hayat\u0131n\u0131 de\u011fi\u015ftiren iyile\u015fme yolunda bir yolculu\u011fa \u00e7\u0131kar\u0131yor ve kar\u015f\u0131l\u0131\u011f\u0131nda umut, insani ba\u011f ve hayata yeni bir bak\u0131\u015f a\u00e7\u0131s\u0131 getiriyor.\u201d- CNN  Kendimizi oldu\u011fu gibi sevme ve do\u011fru bir terapinin neler yapabilece\u011fi \u00fczerine samimi, komik ve duygu y\u00fckl\u00fc bir eser. Grup, hukuk fak\u00fcltesinde s\u0131n\u0131f birincisi olmu\u015f, bulimia hastal\u0131\u011f\u0131n\u0131 yenen fakat bir yandan \u00f6l\u00fcm\u00fc d\u00fc\u015f\u00fcnmeye devam eden Christie\u2019nin, hayat\u0131n\u0131 de\u011fi\u015ftirebilece\u011fini s\u00f6yleyen Dr.Rosen\u2019\u0131n grup terapisine kat\u0131lmas\u0131yla birlikte ba\u015f\u0131ndan ge\u00e7en maceralar\u0131 anlat\u0131yor. Christie\u2019nin tek yapmas\u0131 gereken  kendine, grup terapisindeki arkada\u015flar\u0131na ve Dr. Rosen\u2019a kar\u015f\u0131 d\u00fcr\u00fcst olmakt\u0131r. Hayat\u0131n\u0131n her detay\u0131n\u0131 anlatmak Christie\u2019ye hem garip hem de korkutucu gelir. \u0130nsanlar\u0131n onun kusurlu, \u015f\u00fcpheci ve yaln\u0131z oldu\u011funu d\u00fc\u015f\u00fcnmesi fikri gen\u00e7 kad\u0131n i\u00e7in hi\u00e7 de kolay de\u011fildir. Acaba grup terapilerinden sonra Christie kendini oldu\u011fu gibi kabul edebilecek mi?<\/p>\n","protected":false},"excerpt":{"rendered":"<p>\u201cBu s\u0131n\u0131r tan\u0131mayan otobiyografi, s\u00fcr\u00fckleyici bir deneyim ve \u015fimdiye kadar okudu\u011fum en umut verici kitaplardan biri.\u201d- Lisa Taddeo \u201cH\u00fcz\u00fcnl\u00fc ve e\u011flenceli, \u015fa\u015f\u0131rt\u0131c\u0131 ve \u00f6zg\u00fcr&#8230; \u0130leti\u015fim g\u00fcc\u00fcn\u00fcn<span class=\"excerpt-hellip\"> [\u2026]<\/span><\/p>\n","protected":false},"featured_media":0,"template":"","meta":{"_monsterinsights_skip_tracking":false,"_monsterinsights_sitenote_active":false,"_monsterinsights_sitenote_note":"","_monsterinsights_sitenote_category":0},"product_brand":[],"product_cat":[14009,12291],"product_tag":[],"class_list":{"0":"post-744329","1":"product","2":"type-product","3":"status-publish","5":"product_cat-biyografi-otobiyografi-edebiyat","6":"product_cat-edebiyat","7":"pa_cilt-ciltsiz","8":"pa_tur-kitap","9":"pa_yayinevi-nemesis-kitap","10":"pa_yazar-christie-tate","12":"first","13":"instock","14":"sale","15":"shipping-taxable","16":"purchasable","17":"product-type-simple"},"_links":{"self":[{"href":"https:\/\/roveyayinevi.com.tr\/index.php\/wp-json\/wp\/v2\/product\/744329","targetHints":{"allow":["GET"]}}],"collection":[{"href":"https:\/\/roveyayinevi.com.tr\/index.php\/wp-json\/wp\/v2\/product"}],"about":[{"href":"https:\/\/roveyayinevi.com.tr\/index.php\/wp-json\/wp\/v2\/types\/product"}],"wp:attachment":[{"href":"https:\/\/roveyayinevi.com.tr\/index.php\/wp-json\/wp\/v2\/media?parent=744329"}],"wp:term":[{"taxonomy":"product_brand","embeddable":true,"href":"https:\/\/roveyayinevi.com.tr\/index.php\/wp-json\/wp\/v2\/product_brand?post=744329"},{"taxonomy":"product_cat","embeddable":true,"href":"https:\/\/roveyayinevi.com.tr\/index.php\/wp-json\/wp\/v2\/product_cat?post=744329"},{"taxonomy":"product_tag","embeddable":true,"href":"https:\/\/roveyayinevi.com.tr\/index.php\/wp-json\/wp\/v2\/product_tag?post=744329"}],"curies":[{"name":"wp","href":"https:\/\/api.w.org\/{rel}","templated":true}]}}