{"id":744328,"date":"2025-08-28T01:54:34","date_gmt":"2025-08-27T22:54:34","guid":{"rendered":"https:\/\/roveyayinevi.com.tr\/index.php\/urun\/sevimli-dostlar-oyun-evi\/"},"modified":"2026-04-16T02:55:50","modified_gmt":"2026-04-15T23:55:50","slug":"sevimli-dostlar-oyun-evi","status":"publish","type":"product","link":"https:\/\/roveyayinevi.com.tr\/index.php\/urun\/sevimli-dostlar-oyun-evi\/","title":{"rendered":"Sevimli Dostlar &#8211; Oyun Evi"},"content":{"rendered":"<p>Sevimli Dostlar &#8211; Oyun Evi Kitap A\u00e7\u0131klamas\u0131 Bu kitapla \u00e7ocu\u011funuz yeni beceriler kazanacak. Par\u00e7a b\u00fct\u00fcn ili\u015fkisi kurma\u0130nce kas motor becerisiSay\u0131 sayma prati\u011fiG\u00f6rsel dikkat geli\u015fimiRenkleri tan\u0131maZ\u0131t kavramlar  (Tan\u0131t\u0131m B\u00fclteninden)<\/p>\n","protected":false},"excerpt":{"rendered":"<p>Sevimli Dostlar &#8211; Oyun Evi Kitap A\u00e7\u0131klamas\u0131 Bu kitapla \u00e7ocu\u011funuz yeni beceriler kazanacak. Par\u00e7a b\u00fct\u00fcn ili\u015fkisi kurma\u0130nce kas motor becerisiSay\u0131 sayma prati\u011fiG\u00f6rsel dikkat geli\u015fimiRenkleri tan\u0131maZ\u0131t kavramlar<span class=\"excerpt-hellip\"> [\u2026]<\/span><\/p>\n","protected":false},"featured_media":0,"template":"","meta":{"_monsterinsights_skip_tracking":false,"_monsterinsights_sitenote_active":false,"_monsterinsights_sitenote_note":"","_monsterinsights_sitenote_category":0},"product_brand":[],"product_cat":[12274,15842],"product_tag":[],"class_list":{"0":"post-744328","1":"product","2":"type-product","3":"status-publish","5":"product_cat-cocuk-ve-genclik-kitaplari","6":"product_cat-egitici-kitaplar","7":"pa_cilt-ciltsiz","8":"pa_tur-kitap","9":"pa_yayinevi-masalperest","10":"pa_yazar-kolektif","12":"first","13":"instock","14":"sale","15":"shipping-taxable","16":"purchasable","17":"product-type-simple"},"_links":{"self":[{"href":"https:\/\/roveyayinevi.com.tr\/index.php\/wp-json\/wp\/v2\/product\/744328","targetHints":{"allow":["GET"]}}],"collection":[{"href":"https:\/\/roveyayinevi.com.tr\/index.php\/wp-json\/wp\/v2\/product"}],"about":[{"href":"https:\/\/roveyayinevi.com.tr\/index.php\/wp-json\/wp\/v2\/types\/product"}],"wp:attachment":[{"href":"https:\/\/roveyayinevi.com.tr\/index.php\/wp-json\/wp\/v2\/media?parent=744328"}],"wp:term":[{"taxonomy":"product_brand","embeddable":true,"href":"https:\/\/roveyayinevi.com.tr\/index.php\/wp-json\/wp\/v2\/product_brand?post=744328"},{"taxonomy":"product_cat","embeddable":true,"href":"https:\/\/roveyayinevi.com.tr\/index.php\/wp-json\/wp\/v2\/product_cat?post=744328"},{"taxonomy":"product_tag","embeddable":true,"href":"https:\/\/roveyayinevi.com.tr\/index.php\/wp-json\/wp\/v2\/product_tag?post=744328"}],"curies":[{"name":"wp","href":"https:\/\/api.w.org\/{rel}","templated":true}]}}