{"id":744324,"date":"2025-08-28T01:54:30","date_gmt":"2025-08-27T22:54:30","guid":{"rendered":"https:\/\/roveyayinevi.com.tr\/index.php\/urun\/rus-devrimi-2\/"},"modified":"2026-04-16T02:55:50","modified_gmt":"2026-04-15T23:55:50","slug":"rus-devrimi-2","status":"publish","type":"product","link":"https:\/\/roveyayinevi.com.tr\/index.php\/urun\/rus-devrimi-2\/","title":{"rendered":"Rus Devrimi"},"content":{"rendered":"<p>1917 Rus Devrimi, 20. y\u00fczy\u0131l\u0131n d\u00f6n\u00fcm noktalar\u0131ndan biri olan ve b\u0131rakt\u0131\u011f\u0131 mirasla g\u00fcn\u00fcm\u00fcz\u00fc h\u00e2l\u00e2 etkileyen \u00e7\u0131\u011f\u0131r a\u00e7\u0131c\u0131 bir hadisedir. Sovyetler Birli\u011fi\u2019nin \u00e7\u00f6kmesiyle eri\u015fime a\u00e7\u0131lan ar\u015fivler sayesinde tarih\u00e7ilerin devrimi daha kapsaml\u0131 bi\u00e7imde de\u011ferlendirmesi m\u00fcmk\u00fcn hale gelirken Rus Devrimine ili\u015fkin yeni yorumlar ve anlat\u0131lar da pe\u015f pe\u015fe ortaya \u00e7\u0131km\u0131\u015ft\u0131r.   Sovyetler Birli\u011fi uzman\u0131 sayg\u0131n tarih\u00e7ilerden Sheila Fitzpatrick bu kitapta devrimin arka plan\u0131ndan 1917\u2019nin \u00e7alkant\u0131l\u0131 geli\u015fmelerine, Stalin\u2019in \u201ctepeden devrimi\u201dnden 1930\u2019lar\u0131n B\u00fcy\u00fck Tasfiye\u2019sine dek Rus Devriminin kritik a\u015famalar\u0131n\u0131 \u201ca\u015fa\u011f\u0131dan\u201d bir tarihsel bak\u0131\u015fla ve \u00f6zg\u00fcn yorumlarla de\u011ferlendiriyor.   \u201cDevirler de\u011fi\u015fir ve b\u00fct\u00fcn bu de\u011fi\u015fimler genellikle d\u00f6ng\u00fcsel bir \u00f6zellik arz ederler. 22. y\u00fczy\u0131lda, iki y\u00fcz\u00fcnc\u00fc y\u0131ld\u00f6n\u00fcm\u00fc kutlan\u0131rken Rus Devriminin ve onun sosyalist hedeflerinin Rusya\u2019da ve d\u00fcnyan\u0131n geri kalan\u0131nda nas\u0131l g\u00f6r\u00fcnece\u011fini hangimiz bilebiliriz ki?\u201d <\/p>\n","protected":false},"excerpt":{"rendered":"<p>1917 Rus Devrimi, 20. y\u00fczy\u0131l\u0131n d\u00f6n\u00fcm noktalar\u0131ndan biri olan ve b\u0131rakt\u0131\u011f\u0131 mirasla g\u00fcn\u00fcm\u00fcz\u00fc h\u00e2l\u00e2 etkileyen \u00e7\u0131\u011f\u0131r a\u00e7\u0131c\u0131 bir hadisedir. Sovyetler Birli\u011fi\u2019nin \u00e7\u00f6kmesiyle eri\u015fime a\u00e7\u0131lan ar\u015fivler sayesinde<span class=\"excerpt-hellip\"> [\u2026]<\/span><\/p>\n","protected":false},"featured_media":0,"template":"","meta":{"_monsterinsights_skip_tracking":false,"_monsterinsights_sitenote_active":false,"_monsterinsights_sitenote_note":"","_monsterinsights_sitenote_category":0},"product_brand":[],"product_cat":[12337,14528],"product_tag":[],"class_list":{"0":"post-744324","1":"product","2":"type-product","3":"status-publish","5":"product_cat-politika-siyaset","6":"product_cat-siyaset-tarihi","7":"pa_cilt-ciltsiz","8":"pa_tur-kitap","9":"pa_yayinevi-alfa-yayinlari","10":"pa_yazar-sheila-fitzpatrick","12":"first","13":"instock","14":"sale","15":"shipping-taxable","16":"purchasable","17":"product-type-simple"},"_links":{"self":[{"href":"https:\/\/roveyayinevi.com.tr\/index.php\/wp-json\/wp\/v2\/product\/744324","targetHints":{"allow":["GET"]}}],"collection":[{"href":"https:\/\/roveyayinevi.com.tr\/index.php\/wp-json\/wp\/v2\/product"}],"about":[{"href":"https:\/\/roveyayinevi.com.tr\/index.php\/wp-json\/wp\/v2\/types\/product"}],"wp:attachment":[{"href":"https:\/\/roveyayinevi.com.tr\/index.php\/wp-json\/wp\/v2\/media?parent=744324"}],"wp:term":[{"taxonomy":"product_brand","embeddable":true,"href":"https:\/\/roveyayinevi.com.tr\/index.php\/wp-json\/wp\/v2\/product_brand?post=744324"},{"taxonomy":"product_cat","embeddable":true,"href":"https:\/\/roveyayinevi.com.tr\/index.php\/wp-json\/wp\/v2\/product_cat?post=744324"},{"taxonomy":"product_tag","embeddable":true,"href":"https:\/\/roveyayinevi.com.tr\/index.php\/wp-json\/wp\/v2\/product_tag?post=744324"}],"curies":[{"name":"wp","href":"https:\/\/api.w.org\/{rel}","templated":true}]}}