{"id":744323,"date":"2025-08-28T01:54:28","date_gmt":"2025-08-27T22:54:28","guid":{"rendered":"https:\/\/roveyayinevi.com.tr\/index.php\/urun\/favusun-hayali\/"},"modified":"2026-04-16T02:55:50","modified_gmt":"2026-04-15T23:55:50","slug":"favusun-hayali","status":"publish","type":"product","link":"https:\/\/roveyayinevi.com.tr\/index.php\/urun\/favusun-hayali\/","title":{"rendered":"Favus\u2019un Hayali"},"content":{"rendered":"<p>Favus, bir i\u015f\u00e7i ar\u0131yd\u0131. Bir sabah uyand\u0131 ve \u015funu d\u00fc\u015f\u00fcnd\u00fc: \u201cNeden kovan\u0131 bir i\u015f\u00e7i ar\u0131 de\u011fil de krali\u00e7e ar\u0131 y\u00f6netiyor?\u201d Bu fikirle kendi kovan\u0131n\u0131 kurmak i\u00e7in yola \u00e7\u0131kt\u0131. Ve i\u015fte macera tam da burada ba\u015flad\u0131. *** Uzman Veteriner Hekim Nil Akdo\u011fan\u2019\u0131n kaleminden, ar\u0131lar\u0131n ya\u015fam\u0131 hakk\u0131nda hem bilgi veren hem de kendi tarz\u0131yla \u00e7ocuklarda hayvan sevgisini peki\u015ftiren, s\u0131cac\u0131k bir eser.   \u201cKitab\u0131n \u00e7ocuklar\u0131n psikolojik geli\u015fimine zarar verecek bir i\u00e7erikte olmad\u0131\u011f\u0131 kanaati olu\u015fmu\u015ftur. \u00c7ocuklar i\u00e7in \u00f6nemli kazan\u0131mlar olan ba\u015fka canl\u0131lar\u0131n ya\u015famlar\u0131n\u0131 anlama, sayg\u0131 duyma ve bu canl\u0131lara y\u00f6nelik olumlu bak\u0131\u015f a\u00e7\u0131s\u0131 geli\u015ftirmeye katk\u0131 sa\u011flamas\u0131 a\u00e7\u0131s\u0131ndan tavsiye edilir.\u201d Psikolog Arzu Aslan <\/p>\n","protected":false},"excerpt":{"rendered":"<p>Favus, bir i\u015f\u00e7i ar\u0131yd\u0131. Bir sabah uyand\u0131 ve \u015funu d\u00fc\u015f\u00fcnd\u00fc: \u201cNeden kovan\u0131 bir i\u015f\u00e7i ar\u0131 de\u011fil de krali\u00e7e ar\u0131 y\u00f6netiyor?\u201d Bu fikirle kendi kovan\u0131n\u0131 kurmak i\u00e7in<span class=\"excerpt-hellip\"> [\u2026]<\/span><\/p>\n","protected":false},"featured_media":0,"template":"","meta":{"_monsterinsights_skip_tracking":false,"_monsterinsights_sitenote_active":false,"_monsterinsights_sitenote_note":"","_monsterinsights_sitenote_category":0},"product_brand":[],"product_cat":[12274,12284],"product_tag":[],"class_list":{"0":"post-744323","1":"product","2":"type-product","3":"status-publish","5":"product_cat-cocuk-ve-genclik-kitaplari","6":"product_cat-hikayeler","7":"pa_cilt-ciltsiz","8":"pa_tur-kitap","9":"pa_yayinevi-luna-cocuk-yayinlari","10":"pa_yazar-nil-akdogan","12":"first","13":"instock","14":"sale","15":"shipping-taxable","16":"purchasable","17":"product-type-simple"},"_links":{"self":[{"href":"https:\/\/roveyayinevi.com.tr\/index.php\/wp-json\/wp\/v2\/product\/744323","targetHints":{"allow":["GET"]}}],"collection":[{"href":"https:\/\/roveyayinevi.com.tr\/index.php\/wp-json\/wp\/v2\/product"}],"about":[{"href":"https:\/\/roveyayinevi.com.tr\/index.php\/wp-json\/wp\/v2\/types\/product"}],"wp:attachment":[{"href":"https:\/\/roveyayinevi.com.tr\/index.php\/wp-json\/wp\/v2\/media?parent=744323"}],"wp:term":[{"taxonomy":"product_brand","embeddable":true,"href":"https:\/\/roveyayinevi.com.tr\/index.php\/wp-json\/wp\/v2\/product_brand?post=744323"},{"taxonomy":"product_cat","embeddable":true,"href":"https:\/\/roveyayinevi.com.tr\/index.php\/wp-json\/wp\/v2\/product_cat?post=744323"},{"taxonomy":"product_tag","embeddable":true,"href":"https:\/\/roveyayinevi.com.tr\/index.php\/wp-json\/wp\/v2\/product_tag?post=744323"}],"curies":[{"name":"wp","href":"https:\/\/api.w.org\/{rel}","templated":true}]}}