{"id":744319,"date":"2025-08-28T01:54:23","date_gmt":"2025-08-27T22:54:23","guid":{"rendered":"https:\/\/roveyayinevi.com.tr\/index.php\/urun\/buyuyunce-cocuk-olacagim\/"},"modified":"2026-04-11T14:13:22","modified_gmt":"2026-04-11T11:13:22","slug":"buyuyunce-cocuk-olacagim","status":"publish","type":"product","link":"https:\/\/roveyayinevi.com.tr\/index.php\/urun\/buyuyunce-cocuk-olacagim\/","title":{"rendered":"B\u00fcy\u00fcy\u00fcnce \u00c7ocuk Olaca\u011f\u0131m"},"content":{"rendered":"<p>D\u00fcnyay\u0131 \u00e7ocuk g\u00f6z\u00fcyle g\u00f6rmek ve onlar\u0131n kalbiyle kucaklamaktan daha g\u00fczel bir yol var m\u0131? \u00c7ocuklar\u0131n d\u00fcnyas\u0131nda sevgi, mutluluk ve oyunlar b\u00fcy\u00fck yer kapl\u0131yor.   Ac\u0131y\u0131, \u00f6fkeyi, k\u00f6t\u00fcl\u00fc\u011f\u00fc g\u00f6remiyorlar. G\u00f6rseler bile bunlar\u0131n bilgisine yeterince sahip olamad\u0131klar\u0131 i\u00e7in alg\u0131lamakta zorlanabiliyorlar. Ayn\u0131 zamanda \u00e7ocuklar, \u00e7ok b\u00fcy\u00fck bir hayal g\u00fcc\u00fcne sahipler.   Bu hik\u00e2yede \u00d6yk\u00fc ve Bambam, \u00e7ocuklara kalbinin kap\u0131lar\u0131n\u0131 a\u00e7\u0131yor. Hayal etmenin g\u00fcc\u00fc ve \u0131\u015f\u0131lt\u0131l\u0131 d\u00fcnyas\u0131, s\u0131cac\u0131k bir hik\u00e2ye ile sadece \u00e7ocuklara de\u011fil, hayal kurmaktan vazge\u00e7memi\u015f yeti\u015fkinlere de anlaml\u0131 mesajlar veriyor.   Yazar\u0131m\u0131z bu kitap ile \u00e7ocuklara, sahip olduklar\u0131 yarat\u0131c\u0131 hayal g\u00fc\u00e7lerini fark ettirmeyi ama\u00e7l\u0131yor.   \u201cMasallar\u0131 \u00e7ok seviyorum, t\u00fcm imk\u00e2ns\u0131zl\u0131klar\u0131na ra\u011fmen!\u201d <\/p>\n","protected":false},"excerpt":{"rendered":"<p>D\u00fcnyay\u0131 \u00e7ocuk g\u00f6z\u00fcyle g\u00f6rmek ve onlar\u0131n kalbiyle kucaklamaktan daha g\u00fczel bir yol var m\u0131? \u00c7ocuklar\u0131n d\u00fcnyas\u0131nda sevgi, mutluluk ve oyunlar b\u00fcy\u00fck yer kapl\u0131yor. Ac\u0131y\u0131, \u00f6fkeyi, k\u00f6t\u00fcl\u00fc\u011f\u00fc<span class=\"excerpt-hellip\"> [\u2026]<\/span><\/p>\n","protected":false},"featured_media":0,"template":"","meta":{"_monsterinsights_skip_tracking":false,"_monsterinsights_sitenote_active":false,"_monsterinsights_sitenote_note":"","_monsterinsights_sitenote_category":0},"product_brand":[],"product_cat":[12274,12284],"product_tag":[],"class_list":{"0":"post-744319","1":"product","2":"type-product","3":"status-publish","5":"product_cat-cocuk-ve-genclik-kitaplari","6":"product_cat-hikayeler","7":"pa_cilt-ciltsiz","8":"pa_tur-kitap","9":"pa_yayinevi-luna-cocuk-yayinlari","10":"pa_yazar-bahar-dogan","12":"first","13":"instock","14":"sale","15":"shipping-taxable","16":"purchasable","17":"product-type-simple"},"_links":{"self":[{"href":"https:\/\/roveyayinevi.com.tr\/index.php\/wp-json\/wp\/v2\/product\/744319","targetHints":{"allow":["GET"]}}],"collection":[{"href":"https:\/\/roveyayinevi.com.tr\/index.php\/wp-json\/wp\/v2\/product"}],"about":[{"href":"https:\/\/roveyayinevi.com.tr\/index.php\/wp-json\/wp\/v2\/types\/product"}],"wp:attachment":[{"href":"https:\/\/roveyayinevi.com.tr\/index.php\/wp-json\/wp\/v2\/media?parent=744319"}],"wp:term":[{"taxonomy":"product_brand","embeddable":true,"href":"https:\/\/roveyayinevi.com.tr\/index.php\/wp-json\/wp\/v2\/product_brand?post=744319"},{"taxonomy":"product_cat","embeddable":true,"href":"https:\/\/roveyayinevi.com.tr\/index.php\/wp-json\/wp\/v2\/product_cat?post=744319"},{"taxonomy":"product_tag","embeddable":true,"href":"https:\/\/roveyayinevi.com.tr\/index.php\/wp-json\/wp\/v2\/product_tag?post=744319"}],"curies":[{"name":"wp","href":"https:\/\/api.w.org\/{rel}","templated":true}]}}