{"id":744318,"date":"2025-08-28T01:54:21","date_gmt":"2025-08-27T22:54:21","guid":{"rendered":"https:\/\/roveyayinevi.com.tr\/index.php\/urun\/adi-yurtsuz-bir-koy-estitulu\/"},"modified":"2026-04-16T02:55:50","modified_gmt":"2026-04-15T23:55:50","slug":"adi-yurtsuz-bir-koy-estitulu","status":"publish","type":"product","link":"https:\/\/roveyayinevi.com.tr\/index.php\/urun\/adi-yurtsuz-bir-koy-estitulu\/","title":{"rendered":"Ad\u0131 Yurtsuz &#8211; Bir K\u00f6y Estit\u00fcl\u00fc"},"content":{"rendered":"<p>Ahmet kar\u015f\u0131lar\u0131nda oturan b\u00fcy\u00fck s\u0131n\u0131flardan bir \u00f6\u011frenciye: -A\u011fabey, \u015fu ortada tabakta duran ve eri\u011fe benzeyen \u015feyin ad\u0131 nedir?\u201d diye sordu. Kendilerinden ya\u015f\u00e7a b\u00fcy\u00fck olan a\u011fabey g\u00fcl\u00fcmsedi: -O\u011flum siz hi\u00e7 bunu g\u00f6rmediniz mi? Buna zeytin derler. Bu erik de\u011fil demesiyle birlikte iki emmio\u011flu ve enstit\u00fcye yeni gelen \u00e7ocuklar bunun bir erik de\u011fil, zeytin oldu\u011funu \u00f6\u011frendiler. Zeytini ilk defa tadan \u00e7ocuklar \u00f6nceleri bunlar\u0131, a\u011f\u0131zlar\u0131ndan geri \u00e7\u0131kard\u0131lar. Bu tat onlara \u00e7ok ac\u0131 gelmi\u015fti. Onlar\u0131n memleketinde zeytin yeti\u015fmedi\u011fi i\u00e7in tad\u0131n\u0131 da bilmiyorlard\u0131. Zamanla bu tada da al\u0131\u015facaklar\u0131n\u0131 ve zeytini severek yiyeceklerini \u015fimdiden d\u00fc\u015f\u00fcnemezlerdi. Nereden bileceklerdi zeytinin ekonomik de\u011ferini, zeytinya\u011f\u0131n\u0131. Onlar k\u00f6yde bezir ya\u011f\u0131 ile b\u00fcy\u00fcyen garip ve mahzun k\u00f6y \u00e7ocuklar\u0131 idi. \u201cADI YURTSUZ\u201d; E\u011fitimci yazar ve \u015fair Hasan YURDU\u015eEN\u2019in be\u015finci kitab\u0131d\u0131r. Bu roman; k\u00f6y\u00fcnden, K\u00f6y Enstit\u00fcs\u00fcne gelen Yurtsuz Ahmet\u2019in hikayesidir\u2026 Bu roman yurtlar\u0131nda yurtsuz kalan k\u00f6y enstit\u00fcl\u00fc \u00f6\u011frencilerin hikayesidir\u2026<\/p>\n","protected":false},"excerpt":{"rendered":"<p>Ahmet kar\u015f\u0131lar\u0131nda oturan b\u00fcy\u00fck s\u0131n\u0131flardan bir \u00f6\u011frenciye: -A\u011fabey, \u015fu ortada tabakta duran ve eri\u011fe benzeyen \u015feyin ad\u0131 nedir?\u201d diye sordu. Kendilerinden ya\u015f\u00e7a b\u00fcy\u00fck olan a\u011fabey g\u00fcl\u00fcmsedi:<span class=\"excerpt-hellip\"> [\u2026]<\/span><\/p>\n","protected":false},"featured_media":0,"template":"","meta":{"_monsterinsights_skip_tracking":false,"_monsterinsights_sitenote_active":false,"_monsterinsights_sitenote_note":"","_monsterinsights_sitenote_category":0},"product_brand":[],"product_cat":[12777,12291],"product_tag":[],"class_list":{"0":"post-744318","1":"product","2":"type-product","3":"status-publish","5":"product_cat-deneme","6":"product_cat-edebiyat","7":"pa_cilt-ciltsiz","8":"pa_tur-kitap","9":"pa_yayinevi-platanus-publishing","10":"pa_yazar-hasan-yurdusen","12":"first","13":"instock","14":"sale","15":"shipping-taxable","16":"purchasable","17":"product-type-simple"},"_links":{"self":[{"href":"https:\/\/roveyayinevi.com.tr\/index.php\/wp-json\/wp\/v2\/product\/744318","targetHints":{"allow":["GET"]}}],"collection":[{"href":"https:\/\/roveyayinevi.com.tr\/index.php\/wp-json\/wp\/v2\/product"}],"about":[{"href":"https:\/\/roveyayinevi.com.tr\/index.php\/wp-json\/wp\/v2\/types\/product"}],"wp:attachment":[{"href":"https:\/\/roveyayinevi.com.tr\/index.php\/wp-json\/wp\/v2\/media?parent=744318"}],"wp:term":[{"taxonomy":"product_brand","embeddable":true,"href":"https:\/\/roveyayinevi.com.tr\/index.php\/wp-json\/wp\/v2\/product_brand?post=744318"},{"taxonomy":"product_cat","embeddable":true,"href":"https:\/\/roveyayinevi.com.tr\/index.php\/wp-json\/wp\/v2\/product_cat?post=744318"},{"taxonomy":"product_tag","embeddable":true,"href":"https:\/\/roveyayinevi.com.tr\/index.php\/wp-json\/wp\/v2\/product_tag?post=744318"}],"curies":[{"name":"wp","href":"https:\/\/api.w.org\/{rel}","templated":true}]}}