{"id":744313,"date":"2025-08-28T01:54:14","date_gmt":"2025-08-27T22:54:14","guid":{"rendered":"https:\/\/roveyayinevi.com.tr\/index.php\/urun\/one-punch-man-tek-yumruk-21\/"},"modified":"2026-04-16T02:55:49","modified_gmt":"2026-04-15T23:55:49","slug":"one-punch-man-tek-yumruk-21","status":"publish","type":"product","link":"https:\/\/roveyayinevi.com.tr\/index.php\/urun\/one-punch-man-tek-yumruk-21\/","title":{"rendered":"One Punch Man &#8211; Tek Yumruk 21"},"content":{"rendered":"<p>Kar\u015f\u0131na \u00e7\u0131kan herkesin i\u015fini tek bir yumrukla bitiriyorsan hayat son derece s\u0131k\u0131c\u0131 bir \u015fey haline gelebilir. Canavarlar Birli\u011fi ile kahramanlar aras\u0131ndaki b\u00fcy\u00fck sava\u015fta perde a\u00e7\u0131l\u0131yor! A S\u0131n\u0131f\u0131 ve daha d\u00fc\u015f\u00fck seviye kahramanlar da bu zorlu sava\u015fa dahil olunca, S S\u0131n\u0131f\u0131, yeralt\u0131n\u0131 tamamen istila edip ele ge\u00e7irmeden \u00f6nce bir canavar s\u00fcr\u00fcs\u00fcn\u00fc tek hamlede saf d\u0131\u015f\u0131 b\u0131rakabildi. I\u015f\u0131ldayan Alev ise eski ninja olan canavarlara kar\u015f\u0131 muhte\u015fem bir sava\u015f h\u00fcneri sergiliyor! <\/p>\n","protected":false},"excerpt":{"rendered":"<p>Kar\u015f\u0131na \u00e7\u0131kan herkesin i\u015fini tek bir yumrukla bitiriyorsan hayat son derece s\u0131k\u0131c\u0131 bir \u015fey haline gelebilir. Canavarlar Birli\u011fi ile kahramanlar aras\u0131ndaki b\u00fcy\u00fck sava\u015fta perde a\u00e7\u0131l\u0131yor! A<span class=\"excerpt-hellip\"> [\u2026]<\/span><\/p>\n","protected":false},"featured_media":0,"template":"","meta":{"_monsterinsights_skip_tracking":false,"_monsterinsights_sitenote_active":false,"_monsterinsights_sitenote_note":"","_monsterinsights_sitenote_category":0},"product_brand":[],"product_cat":[12416,12291],"product_tag":[],"class_list":{"0":"post-744313","1":"product","2":"type-product","3":"status-publish","5":"product_cat-cizgi-roman","6":"product_cat-edebiyat","7":"pa_cilt-ciltsiz","8":"pa_tur-kitap","9":"pa_yayinevi-akil-celen-kitaplar","10":"pa_yazar-one","12":"first","13":"instock","14":"sale","15":"shipping-taxable","16":"purchasable","17":"product-type-simple"},"_links":{"self":[{"href":"https:\/\/roveyayinevi.com.tr\/index.php\/wp-json\/wp\/v2\/product\/744313","targetHints":{"allow":["GET"]}}],"collection":[{"href":"https:\/\/roveyayinevi.com.tr\/index.php\/wp-json\/wp\/v2\/product"}],"about":[{"href":"https:\/\/roveyayinevi.com.tr\/index.php\/wp-json\/wp\/v2\/types\/product"}],"wp:attachment":[{"href":"https:\/\/roveyayinevi.com.tr\/index.php\/wp-json\/wp\/v2\/media?parent=744313"}],"wp:term":[{"taxonomy":"product_brand","embeddable":true,"href":"https:\/\/roveyayinevi.com.tr\/index.php\/wp-json\/wp\/v2\/product_brand?post=744313"},{"taxonomy":"product_cat","embeddable":true,"href":"https:\/\/roveyayinevi.com.tr\/index.php\/wp-json\/wp\/v2\/product_cat?post=744313"},{"taxonomy":"product_tag","embeddable":true,"href":"https:\/\/roveyayinevi.com.tr\/index.php\/wp-json\/wp\/v2\/product_tag?post=744313"}],"curies":[{"name":"wp","href":"https:\/\/api.w.org\/{rel}","templated":true}]}}