{"id":744311,"date":"2025-08-28T01:54:12","date_gmt":"2025-08-27T22:54:12","guid":{"rendered":"https:\/\/roveyayinevi.com.tr\/index.php\/urun\/gencler-icin-nutuk-5\/"},"modified":"2026-04-16T02:55:49","modified_gmt":"2026-04-15T23:55:49","slug":"gencler-icin-nutuk-5","status":"publish","type":"product","link":"https:\/\/roveyayinevi.com.tr\/index.php\/urun\/gencler-icin-nutuk-5\/","title":{"rendered":"Gen\u00e7ler \u0130\u00e7in Nutuk"},"content":{"rendered":"<p>Atat\u00fcrk\u2019le var olan, Atat\u00fcrk\u2019\u00fc duyan, Atat\u00fcrk\u2019le ya\u015fayan, Atat\u00fcrk\u2019le dolu bir ku\u015fa\u011f\u0131n \u00e7ocuklar\u0131y\u0131z. Atat\u00fcrk\u2019\u00fcn ad\u0131n\u0131 yazd\u0131\u011f\u0131m\u0131zda duydu\u011fumuz sevinci ve mutlulu\u011fu, \u015fimdi onu daha yak\u0131ndan tan\u0131rken, yapt\u0131klar\u0131n\u0131 de\u011ferlendirirken, b\u00fcy\u00fckl\u00fc\u011f\u00fcn\u00fc okurken duyuyoruz. Gen\u00e7ler \u0130\u00e7in Nutuk kitab\u0131, gen\u00e7lerin rahatl\u0131kla okuyabilece\u011fi ve anlayabilece\u011fi \u015fekilde titizlikle derlendi ve Atat\u00fcrk resimleriyle s\u00fcslendi. Bu kitab\u0131 onun aziz hat\u0131ras\u0131na bir sayg\u0131 ifadesi olarak sunuyoruz.<\/p>\n","protected":false},"excerpt":{"rendered":"<p>Atat\u00fcrk\u2019le var olan, Atat\u00fcrk\u2019\u00fc duyan, Atat\u00fcrk\u2019le ya\u015fayan, Atat\u00fcrk\u2019le dolu bir ku\u015fa\u011f\u0131n \u00e7ocuklar\u0131y\u0131z. Atat\u00fcrk\u2019\u00fcn ad\u0131n\u0131 yazd\u0131\u011f\u0131m\u0131zda duydu\u011fumuz sevinci ve mutlulu\u011fu, \u015fimdi onu daha yak\u0131ndan tan\u0131rken, yapt\u0131klar\u0131n\u0131 de\u011ferlendirirken,<span class=\"excerpt-hellip\"> [\u2026]<\/span><\/p>\n","protected":false},"featured_media":0,"template":"","meta":{"_monsterinsights_skip_tracking":false,"_monsterinsights_sitenote_active":false,"_monsterinsights_sitenote_note":"","_monsterinsights_sitenote_category":0},"product_brand":[],"product_cat":[12530,12304],"product_tag":[],"class_list":{"0":"post-744311","1":"product","2":"type-product","3":"status-publish","5":"product_cat-mustafa-kemal-ataturk","6":"product_cat-tarih","7":"pa_cilt-ciltsiz","8":"pa_tur-kitap","9":"pa_yayinevi-peta-kitap","10":"pa_yazar-faruk-cil","12":"first","13":"instock","14":"sale","15":"shipping-taxable","16":"purchasable","17":"product-type-simple"},"_links":{"self":[{"href":"https:\/\/roveyayinevi.com.tr\/index.php\/wp-json\/wp\/v2\/product\/744311","targetHints":{"allow":["GET"]}}],"collection":[{"href":"https:\/\/roveyayinevi.com.tr\/index.php\/wp-json\/wp\/v2\/product"}],"about":[{"href":"https:\/\/roveyayinevi.com.tr\/index.php\/wp-json\/wp\/v2\/types\/product"}],"wp:attachment":[{"href":"https:\/\/roveyayinevi.com.tr\/index.php\/wp-json\/wp\/v2\/media?parent=744311"}],"wp:term":[{"taxonomy":"product_brand","embeddable":true,"href":"https:\/\/roveyayinevi.com.tr\/index.php\/wp-json\/wp\/v2\/product_brand?post=744311"},{"taxonomy":"product_cat","embeddable":true,"href":"https:\/\/roveyayinevi.com.tr\/index.php\/wp-json\/wp\/v2\/product_cat?post=744311"},{"taxonomy":"product_tag","embeddable":true,"href":"https:\/\/roveyayinevi.com.tr\/index.php\/wp-json\/wp\/v2\/product_tag?post=744311"}],"curies":[{"name":"wp","href":"https:\/\/api.w.org\/{rel}","templated":true}]}}