{"id":744310,"date":"2025-08-28T01:54:11","date_gmt":"2025-08-27T22:54:11","guid":{"rendered":"https:\/\/roveyayinevi.com.tr\/index.php\/urun\/ataturk-devrimleri-ve-ilkeleri\/"},"modified":"2026-04-16T02:55:49","modified_gmt":"2026-04-15T23:55:49","slug":"ataturk-devrimleri-ve-ilkeleri","status":"publish","type":"product","link":"https:\/\/roveyayinevi.com.tr\/index.php\/urun\/ataturk-devrimleri-ve-ilkeleri\/","title":{"rendered":"Atat\u00fcrk Devrimleri ve \u0130lkeleri"},"content":{"rendered":"<p>Kurtulu\u015f Sava\u015f\u0131 sonras\u0131 T\u00fcrk toplumunu istenen d\u00fczeye \u00e7\u0131karmak, ka\u00e7\u0131n\u0131lmaz bir gereksinimdi. Atat\u00fcrk, Lozan\u2019da tam ba\u011f\u0131ms\u0131zl\u0131\u011f\u0131n\u0131 onaylatan yeni T\u00fcrk Devleti\u2019ni \u00e7a\u011fda\u015f \u00f6zellikleriyle g\u00f6rmek istiyordu. Bu sebeple ortaya konan Atat\u00fcrk ilkelerini uygulamak i\u00e7in farkl\u0131 alanlarda devrimlerin yap\u0131lmas\u0131 gerekiyordu. T\u00fcrkiye Cumhuriyeti\u2019ni \u00e7a\u011fda\u015f uygarl\u0131k d\u00fczeyine \u00e7\u0131karan Atat\u00fcrk ilkelerini ve devrimlerini \u00f6\u011frenmek ve onlara sahip \u00e7\u0131kmak g\u00f6revimizdir \u00e7\u00fcnk\u00fc bizler, ancak g\u00f6revde ve n\u00f6bette oldu\u011fumuz s\u00fcrece Atat\u00fcrk\u2019\u00fcn bize b\u0131rakt\u0131\u011f\u0131 miras\u0131 ta\u015f\u0131maya devam edebiliriz. <\/p>\n","protected":false},"excerpt":{"rendered":"<p>Kurtulu\u015f Sava\u015f\u0131 sonras\u0131 T\u00fcrk toplumunu istenen d\u00fczeye \u00e7\u0131karmak, ka\u00e7\u0131n\u0131lmaz bir gereksinimdi. Atat\u00fcrk, Lozan\u2019da tam ba\u011f\u0131ms\u0131zl\u0131\u011f\u0131n\u0131 onaylatan yeni T\u00fcrk Devleti\u2019ni \u00e7a\u011fda\u015f \u00f6zellikleriyle g\u00f6rmek istiyordu. Bu sebeple ortaya<span class=\"excerpt-hellip\"> [\u2026]<\/span><\/p>\n","protected":false},"featured_media":0,"template":"","meta":{"_monsterinsights_skip_tracking":false,"_monsterinsights_sitenote_active":false,"_monsterinsights_sitenote_note":"","_monsterinsights_sitenote_category":0},"product_brand":[],"product_cat":[12530,12304],"product_tag":[],"class_list":{"0":"post-744310","1":"product","2":"type-product","3":"status-publish","5":"product_cat-mustafa-kemal-ataturk","6":"product_cat-tarih","7":"pa_cilt-ciltsiz","8":"pa_tur-kitap","9":"pa_yayinevi-peta-kitap","10":"pa_yazar-faruk-cil","12":"first","13":"instock","14":"sale","15":"shipping-taxable","16":"purchasable","17":"product-type-simple"},"_links":{"self":[{"href":"https:\/\/roveyayinevi.com.tr\/index.php\/wp-json\/wp\/v2\/product\/744310","targetHints":{"allow":["GET"]}}],"collection":[{"href":"https:\/\/roveyayinevi.com.tr\/index.php\/wp-json\/wp\/v2\/product"}],"about":[{"href":"https:\/\/roveyayinevi.com.tr\/index.php\/wp-json\/wp\/v2\/types\/product"}],"wp:attachment":[{"href":"https:\/\/roveyayinevi.com.tr\/index.php\/wp-json\/wp\/v2\/media?parent=744310"}],"wp:term":[{"taxonomy":"product_brand","embeddable":true,"href":"https:\/\/roveyayinevi.com.tr\/index.php\/wp-json\/wp\/v2\/product_brand?post=744310"},{"taxonomy":"product_cat","embeddable":true,"href":"https:\/\/roveyayinevi.com.tr\/index.php\/wp-json\/wp\/v2\/product_cat?post=744310"},{"taxonomy":"product_tag","embeddable":true,"href":"https:\/\/roveyayinevi.com.tr\/index.php\/wp-json\/wp\/v2\/product_tag?post=744310"}],"curies":[{"name":"wp","href":"https:\/\/api.w.org\/{rel}","templated":true}]}}