{"id":744309,"date":"2025-08-28T01:54:09","date_gmt":"2025-08-27T22:54:09","guid":{"rendered":"https:\/\/roveyayinevi.com.tr\/index.php\/urun\/dogumundan-olumune-ataturk\/"},"modified":"2026-04-16T02:55:49","modified_gmt":"2026-04-15T23:55:49","slug":"dogumundan-olumune-ataturk","status":"publish","type":"product","link":"https:\/\/roveyayinevi.com.tr\/index.php\/urun\/dogumundan-olumune-ataturk\/","title":{"rendered":"Do\u011fumundan \u00d6l\u00fcm\u00fcne Atat\u00fcrk"},"content":{"rendered":"<p>Do\u011fumundan \u00d6l\u00fcm\u00fcne Atat\u00fcrk kitab\u0131m\u0131zda; Atat\u00fcrk\u2019\u00fcn ya\u015fam\u0131n\u0131, d\u00e2hilik derecesindeki komutanl\u0131\u011f\u0131n\u0131, ba\u015f\u00f6\u011fretmenli\u011fini, \u00fcst\u00fcn dehas\u0131n\u0131, ilke ve devrimlerini ve \u00e7e\u015fitli konularda birer \u00f6zdeyi\u015f olmu\u015f s\u00f6zlerini toplu olarak sunmay\u0131 ama\u00e7lad\u0131k. Her biri ayr\u0131 bir g\u00fczellik, ayr\u0131 bir \u00f6nem kazanm\u0131\u015f olan an\u0131lar\u0131ndan \u00f6rnekler ve Atat\u00fcrk hakk\u0131nda s\u00f6ylenen s\u00f6zlerden de bir derleme yapt\u0131k.  Onun hayat\u0131n\u0131, ilke ve devrimlerini okumak ve anlamak; bizler i\u00e7in g\u00f6sterdi\u011fi fedak\u00e2rl\u0131klar kar\u015f\u0131s\u0131nda yapabilece\u011fimiz en temel g\u00f6revlerden biridir.<\/p>\n","protected":false},"excerpt":{"rendered":"<p>Do\u011fumundan \u00d6l\u00fcm\u00fcne Atat\u00fcrk kitab\u0131m\u0131zda; Atat\u00fcrk\u2019\u00fcn ya\u015fam\u0131n\u0131, d\u00e2hilik derecesindeki komutanl\u0131\u011f\u0131n\u0131, ba\u015f\u00f6\u011fretmenli\u011fini, \u00fcst\u00fcn dehas\u0131n\u0131, ilke ve devrimlerini ve \u00e7e\u015fitli konularda birer \u00f6zdeyi\u015f olmu\u015f s\u00f6zlerini toplu olarak sunmay\u0131 ama\u00e7lad\u0131k.<span class=\"excerpt-hellip\"> [\u2026]<\/span><\/p>\n","protected":false},"featured_media":0,"template":"","meta":{"_monsterinsights_skip_tracking":false,"_monsterinsights_sitenote_active":false,"_monsterinsights_sitenote_note":"","_monsterinsights_sitenote_category":0},"product_brand":[],"product_cat":[12291,12745],"product_tag":[],"class_list":{"0":"post-744309","1":"product","2":"type-product","3":"status-publish","5":"product_cat-edebiyat","6":"product_cat-tarihi-roman","7":"pa_cilt-ciltsiz","8":"pa_tur-kitap","9":"pa_yayinevi-peta-kitap","10":"pa_yazar-faruk-cil","12":"first","13":"instock","14":"sale","15":"shipping-taxable","16":"purchasable","17":"product-type-simple"},"_links":{"self":[{"href":"https:\/\/roveyayinevi.com.tr\/index.php\/wp-json\/wp\/v2\/product\/744309","targetHints":{"allow":["GET"]}}],"collection":[{"href":"https:\/\/roveyayinevi.com.tr\/index.php\/wp-json\/wp\/v2\/product"}],"about":[{"href":"https:\/\/roveyayinevi.com.tr\/index.php\/wp-json\/wp\/v2\/types\/product"}],"wp:attachment":[{"href":"https:\/\/roveyayinevi.com.tr\/index.php\/wp-json\/wp\/v2\/media?parent=744309"}],"wp:term":[{"taxonomy":"product_brand","embeddable":true,"href":"https:\/\/roveyayinevi.com.tr\/index.php\/wp-json\/wp\/v2\/product_brand?post=744309"},{"taxonomy":"product_cat","embeddable":true,"href":"https:\/\/roveyayinevi.com.tr\/index.php\/wp-json\/wp\/v2\/product_cat?post=744309"},{"taxonomy":"product_tag","embeddable":true,"href":"https:\/\/roveyayinevi.com.tr\/index.php\/wp-json\/wp\/v2\/product_tag?post=744309"}],"curies":[{"name":"wp","href":"https:\/\/api.w.org\/{rel}","templated":true}]}}