{"id":744306,"date":"2025-08-28T01:54:06","date_gmt":"2025-08-27T22:54:06","guid":{"rendered":"https:\/\/roveyayinevi.com.tr\/index.php\/urun\/ivan-ilyicin-olumu-11\/"},"modified":"2026-04-16T02:55:49","modified_gmt":"2026-04-15T23:55:49","slug":"ivan-ilyicin-olumu-11","status":"publish","type":"product","link":"https:\/\/roveyayinevi.com.tr\/index.php\/urun\/ivan-ilyicin-olumu-11\/","title":{"rendered":"\u0130van \u0130lyi\u00e7\u2019in \u00d6l\u00fcm\u00fc"},"content":{"rendered":"<p>\u00d6l\u00fcm\u00fcn, ya\u015fam d\u00f6ng\u00fcs\u00fcn\u00fcn ka\u00e7\u0131n\u0131lmaz sonu oldu\u011funu hepimiz biliriz. Fakat \u00f6l\u00fcm\u00fcn, bizlerin biricik Ya\u015fam\u0131 ve herkesten ayr\u0131 oldu\u011funu d\u00fc\u015f\u00fcnd\u00fc\u011f\u00fcm\u00fcz benli\u011fimiz i\u00e7in de ge\u00e7erli oldu\u011funu kabullenmek o Kadar da kolay de\u011fildir. Rus roman\u0131n\u0131n en g\u00fc\u00e7l\u00fc kalemlerinden Tolstoy; \u0130van \u0130lyi\u00e7\u2019in gen\u00e7li\u011fi, hedefleri ve h\u0131rslar\u0131yla ba\u015flayarak \u00f6l\u00fcme teslim oldu\u011fu ana kadarki s\u00fcreci ustal\u0131kla ele al\u0131r. \u0130van \u0130lyi\u00e7, g\u00fcnbeg\u00fcn \u00f6l\u00fcme do\u011fru yakla\u015f\u0131rken i\u00e7 hesapla\u015fmalar ve yeni idrakler onu beklemektedir. \u0130van \u0130lyi\u00e7\u2019in \u00d6l\u00fcm\u00fc, ya\u015fam ve \u00f6l\u00fcm aras\u0131ndaki bir nefeslik fark\u0131 ba\u015far\u0131yla sunan bir klasik.  <\/p>\n","protected":false},"excerpt":{"rendered":"<p>\u00d6l\u00fcm\u00fcn, ya\u015fam d\u00f6ng\u00fcs\u00fcn\u00fcn ka\u00e7\u0131n\u0131lmaz sonu oldu\u011funu hepimiz biliriz. Fakat \u00f6l\u00fcm\u00fcn, bizlerin biricik Ya\u015fam\u0131 ve herkesten ayr\u0131 oldu\u011funu d\u00fc\u015f\u00fcnd\u00fc\u011f\u00fcm\u00fcz benli\u011fimiz i\u00e7in de ge\u00e7erli oldu\u011funu kabullenmek o Kadar<span class=\"excerpt-hellip\"> [\u2026]<\/span><\/p>\n","protected":false},"featured_media":0,"template":"","meta":{"_monsterinsights_skip_tracking":false,"_monsterinsights_sitenote_active":false,"_monsterinsights_sitenote_note":"","_monsterinsights_sitenote_category":0},"product_brand":[],"product_cat":[12291,12711],"product_tag":[],"class_list":{"0":"post-744306","1":"product","2":"type-product","3":"status-publish","5":"product_cat-edebiyat","6":"product_cat-roman-oyku","7":"pa_cilt-ciltsiz","8":"pa_tur-kitap","9":"pa_yayinevi-fark-yayinlari","10":"pa_yazar-lev-nikolayevic-tolstoy","12":"first","13":"instock","14":"sale","15":"shipping-taxable","16":"purchasable","17":"product-type-simple"},"_links":{"self":[{"href":"https:\/\/roveyayinevi.com.tr\/index.php\/wp-json\/wp\/v2\/product\/744306","targetHints":{"allow":["GET"]}}],"collection":[{"href":"https:\/\/roveyayinevi.com.tr\/index.php\/wp-json\/wp\/v2\/product"}],"about":[{"href":"https:\/\/roveyayinevi.com.tr\/index.php\/wp-json\/wp\/v2\/types\/product"}],"wp:attachment":[{"href":"https:\/\/roveyayinevi.com.tr\/index.php\/wp-json\/wp\/v2\/media?parent=744306"}],"wp:term":[{"taxonomy":"product_brand","embeddable":true,"href":"https:\/\/roveyayinevi.com.tr\/index.php\/wp-json\/wp\/v2\/product_brand?post=744306"},{"taxonomy":"product_cat","embeddable":true,"href":"https:\/\/roveyayinevi.com.tr\/index.php\/wp-json\/wp\/v2\/product_cat?post=744306"},{"taxonomy":"product_tag","embeddable":true,"href":"https:\/\/roveyayinevi.com.tr\/index.php\/wp-json\/wp\/v2\/product_tag?post=744306"}],"curies":[{"name":"wp","href":"https:\/\/api.w.org\/{rel}","templated":true}]}}