{"id":744305,"date":"2025-08-28T01:54:04","date_gmt":"2025-08-27T22:54:04","guid":{"rendered":"https:\/\/roveyayinevi.com.tr\/index.php\/urun\/komunist-manifesto-5\/"},"modified":"2026-04-16T02:55:49","modified_gmt":"2026-04-15T23:55:49","slug":"komunist-manifesto-5","status":"publish","type":"product","link":"https:\/\/roveyayinevi.com.tr\/index.php\/urun\/komunist-manifesto-5\/","title":{"rendered":"Kom\u00fcnist Manifesto"},"content":{"rendered":"<p>Manifesto sadece 48 sayfal\u0131k bir metin olarak yay\u0131mlanm\u0131\u015ft\u0131r. Aral\u0131k 1847-Ocak 1848\u2019de yaz\u0131lm\u0131\u015f ve 1848 Ocak ay\u0131nda Almanca elyazmas\u0131 halindeki taslak, 24 \u015eubat Frans\u0131z Devrimi\u2019nden birka\u00e7 hafta \u00f6nce bas\u0131lmas\u0131 i\u00e7in Londra\u2019ya g\u00f6nderilmi\u015ftir. Tam ad\u0131 \u2018\u2019Kom\u00fcnist Partisi Manifestosu\u2019 \u2019dur. Marksizm\u2019in pratik devrimci yan\u0131 olarak politika bile\u015fenini temsil eden en \u00f6nemli eseridir. Kom\u00fcnistler Birli\u011fi, Marx ve Engels\u2019e, Birli\u011fin 1847 Kas\u0131m\u2019\u0131nda Londra\u2019da yap\u0131lan kongresinde teorik ve pratik bir parti program\u0131 haz\u0131rlama g\u00f6revi verdi. Marx ve Engels kaleme ald\u0131klar\u0131 metni imzas\u0131z olarak yay\u0131mlam\u0131\u015flard\u0131r. \u0130mzas\u0131z olarak yay\u0131mlanmas\u0131n\u0131n sebebi, bir \u00f6rg\u00fct\u00fcn yani Kom\u00fcnistler Birli\u011fi\u2019nin bildirgesi olmas\u0131d\u0131r. \u00c7\u00fcnk\u00fc \u00fcyesi olduklar\u0131 Kom\u00fcnistler Birli\u011fi kendi isimlerinden daha \u00f6nemlidir. Nitekim 48 sayfal\u0131k metin \u015fu ifadeyle ba\u015flamaktad\u0131r:\u2019\u2019\u2026\u00e7e\u015fitli uluslardan kom\u00fcnistler, Londra\u2019da toplanm\u0131\u015f ve \u0130ngiliz Frans\u0131z, Alman, \u0130talyan, Flemenk ve Danimarka dillerinde yay\u0131nlanmak \u00fczere, a\u015fa\u011f\u0131daki manifestoyu kaleme alm\u0131\u015flard\u0131r.\u2019\u2019 Dolay\u0131s\u0131yla Kom\u00fcnist Manifesto asl\u0131nda Kom\u00fcnist Partisi Manifestosu \u2019dur, bir \u00f6rg\u00fct\u00fcn, Kom\u00fcnistler Birli\u011fi adl\u0131 \u00f6rg\u00fct\u00fcn bildirgesidir. <\/p>\n","protected":false},"excerpt":{"rendered":"<p>Manifesto sadece 48 sayfal\u0131k bir metin olarak yay\u0131mlanm\u0131\u015ft\u0131r. Aral\u0131k 1847-Ocak 1848\u2019de yaz\u0131lm\u0131\u015f ve 1848 Ocak ay\u0131nda Almanca elyazmas\u0131 halindeki taslak, 24 \u015eubat Frans\u0131z Devrimi\u2019nden birka\u00e7 hafta<span class=\"excerpt-hellip\"> [\u2026]<\/span><\/p>\n","protected":false},"featured_media":0,"template":"","meta":{"_monsterinsights_skip_tracking":false,"_monsterinsights_sitenote_active":false,"_monsterinsights_sitenote_note":"","_monsterinsights_sitenote_category":0},"product_brand":[],"product_cat":[12291,12711],"product_tag":[],"class_list":{"0":"post-744305","1":"product","2":"type-product","3":"status-publish","5":"product_cat-edebiyat","6":"product_cat-roman-oyku","7":"pa_cilt-ciltsiz","8":"pa_tur-kitap","9":"pa_yayinevi-fark-yayinlari","10":"pa_yazar-karl-marx-friedrich-engels","12":"first","13":"instock","14":"sale","15":"shipping-taxable","16":"purchasable","17":"product-type-simple"},"_links":{"self":[{"href":"https:\/\/roveyayinevi.com.tr\/index.php\/wp-json\/wp\/v2\/product\/744305","targetHints":{"allow":["GET"]}}],"collection":[{"href":"https:\/\/roveyayinevi.com.tr\/index.php\/wp-json\/wp\/v2\/product"}],"about":[{"href":"https:\/\/roveyayinevi.com.tr\/index.php\/wp-json\/wp\/v2\/types\/product"}],"wp:attachment":[{"href":"https:\/\/roveyayinevi.com.tr\/index.php\/wp-json\/wp\/v2\/media?parent=744305"}],"wp:term":[{"taxonomy":"product_brand","embeddable":true,"href":"https:\/\/roveyayinevi.com.tr\/index.php\/wp-json\/wp\/v2\/product_brand?post=744305"},{"taxonomy":"product_cat","embeddable":true,"href":"https:\/\/roveyayinevi.com.tr\/index.php\/wp-json\/wp\/v2\/product_cat?post=744305"},{"taxonomy":"product_tag","embeddable":true,"href":"https:\/\/roveyayinevi.com.tr\/index.php\/wp-json\/wp\/v2\/product_tag?post=744305"}],"curies":[{"name":"wp","href":"https:\/\/api.w.org\/{rel}","templated":true}]}}