{"id":744302,"date":"2025-08-28T01:54:00","date_gmt":"2025-08-27T22:54:00","guid":{"rendered":"https:\/\/roveyayinevi.com.tr\/index.php\/urun\/kevin-hormer\/"},"modified":"2026-04-16T02:55:49","modified_gmt":"2026-04-15T23:55:49","slug":"kevin-hormer","status":"publish","type":"product","link":"https:\/\/roveyayinevi.com.tr\/index.php\/urun\/kevin-hormer\/","title":{"rendered":"Kevin Hormer"},"content":{"rendered":"<p>Hayat\u0131ndaki tek derdin dersler oldu\u011funu d\u00fc\u015f\u00fcnen Kevin, kendisini antik zamandan kalma hem bir karargah hem de b\u00fcy\u00fcc\u00fcl\u00fck okulunun \u00f6n\u00fcnde buldu\u011funda, do\u011fru ile yanl\u0131\u015f\u0131n ve dost ile d\u00fc\u015fman\u0131n kim oldu\u011fundan habersizdi. Ummad\u0131\u011f\u0131 olaylar\u0131n ba\u015f\u0131na gelmesine engel olacak kimsesi yoktu, biri d\u0131\u015f\u0131nda.<\/p>\n","protected":false},"excerpt":{"rendered":"<p>Hayat\u0131ndaki tek derdin dersler oldu\u011funu d\u00fc\u015f\u00fcnen Kevin, kendisini antik zamandan kalma hem bir karargah hem de b\u00fcy\u00fcc\u00fcl\u00fck okulunun \u00f6n\u00fcnde buldu\u011funda, do\u011fru ile yanl\u0131\u015f\u0131n ve dost ile<span class=\"excerpt-hellip\"> [\u2026]<\/span><\/p>\n","protected":false},"featured_media":0,"template":"","meta":{"_monsterinsights_skip_tracking":false,"_monsterinsights_sitenote_active":false,"_monsterinsights_sitenote_note":"","_monsterinsights_sitenote_category":0},"product_brand":[],"product_cat":[12291,14777],"product_tag":[],"class_list":{"0":"post-744302","1":"product","2":"type-product","3":"status-publish","5":"product_cat-edebiyat","6":"product_cat-fantastik","7":"pa_cilt-ciltsiz","8":"pa_tur-kitap","9":"pa_yayinevi-elpis-yayinlari","10":"pa_yazar-eyup-filik","12":"first","13":"instock","14":"sale","15":"shipping-taxable","16":"purchasable","17":"product-type-simple"},"_links":{"self":[{"href":"https:\/\/roveyayinevi.com.tr\/index.php\/wp-json\/wp\/v2\/product\/744302","targetHints":{"allow":["GET"]}}],"collection":[{"href":"https:\/\/roveyayinevi.com.tr\/index.php\/wp-json\/wp\/v2\/product"}],"about":[{"href":"https:\/\/roveyayinevi.com.tr\/index.php\/wp-json\/wp\/v2\/types\/product"}],"wp:attachment":[{"href":"https:\/\/roveyayinevi.com.tr\/index.php\/wp-json\/wp\/v2\/media?parent=744302"}],"wp:term":[{"taxonomy":"product_brand","embeddable":true,"href":"https:\/\/roveyayinevi.com.tr\/index.php\/wp-json\/wp\/v2\/product_brand?post=744302"},{"taxonomy":"product_cat","embeddable":true,"href":"https:\/\/roveyayinevi.com.tr\/index.php\/wp-json\/wp\/v2\/product_cat?post=744302"},{"taxonomy":"product_tag","embeddable":true,"href":"https:\/\/roveyayinevi.com.tr\/index.php\/wp-json\/wp\/v2\/product_tag?post=744302"}],"curies":[{"name":"wp","href":"https:\/\/api.w.org\/{rel}","templated":true}]}}