{"id":744301,"date":"2025-08-28T01:53:59","date_gmt":"2025-08-27T22:53:59","guid":{"rendered":"https:\/\/roveyayinevi.com.tr\/index.php\/urun\/farkina-vardin-mi\/"},"modified":"2026-04-03T02:59:14","modified_gmt":"2026-04-02T23:59:14","slug":"farkina-vardin-mi","status":"publish","type":"product","link":"https:\/\/roveyayinevi.com.tr\/index.php\/urun\/farkina-vardin-mi\/","title":{"rendered":"Fark\u0131na Vard\u0131n M\u0131 ?"},"content":{"rendered":"<p>\u201c\u2018Nefret\u2019 \u00e7ok a\u011f\u0131r bir kelime,\u201d demi\u015fti ve bana \u201cSevmiyorum ya da be\u011fenmiyorum gibi kelimeler kullanabilirsin ama bu kadar k\u00f6t\u00fc olmak zorunda de\u011filsin.\u201d demi\u015fti. Ben de ona \u201cE\u011fer bir \u015feyi, bir ki\u015fiyi be\u011fenmeyip ya da sevmiyorsam bu o ki\u015fiye hala sayg\u0131m\u0131n oldu\u011fu anlam\u0131na gelir ama e\u011fer nefret ediyorsam bu o ki\u015fiye b\u0131rak sayg\u0131 duymay\u0131 tek s\u00f6z etmeyi bile \u00e7ok g\u00f6rd\u00fc\u011f\u00fcm anlam\u0131na gelir,\u201d demi\u015ftim. \u201cBelirli bir s\u00fcreye kadar herkes sayg\u0131y\u0131 hak eder ama nefret \u00f6yle bir noktaya getiriyor ki insan\u0131, hi\u00e7 kimse ama hi\u00e7 kimse i\u00e7in vazge\u00e7ilmez olam\u0131yor,\u201d diye eklemi\u015ftim.    Okudu\u011funuz sat\u0131rlarda, hayat\u0131n bir b\u00fct\u00fcn i\u00e7indeki canl\u0131lar\u0131yla kimsenin kimseden u\u0308stu\u0308nlu\u0308g\u0306u\u0308 olmadan yas\u0327ad\u0131g\u0306\u0131n\u0131 ve yas\u0327amas\u0131 gerektig\u0306i gerc\u0327eg\u0306ini hissedeceksiniz\u2026  <\/p>\n","protected":false},"excerpt":{"rendered":"<p>\u201c\u2018Nefret\u2019 \u00e7ok a\u011f\u0131r bir kelime,\u201d demi\u015fti ve bana \u201cSevmiyorum ya da be\u011fenmiyorum gibi kelimeler kullanabilirsin ama bu kadar k\u00f6t\u00fc olmak zorunda de\u011filsin.\u201d demi\u015fti. Ben de ona<span class=\"excerpt-hellip\"> [\u2026]<\/span><\/p>\n","protected":false},"featured_media":0,"template":"","meta":{"_monsterinsights_skip_tracking":false,"_monsterinsights_sitenote_active":false,"_monsterinsights_sitenote_note":"","_monsterinsights_sitenote_category":0},"product_brand":[],"product_cat":[12364,12376],"product_tag":[],"class_list":{"0":"post-744301","1":"product","2":"type-product","3":"status-publish","5":"product_cat-genel-konular","6":"product_cat-kisisel-gelisim","7":"pa_cilt-ciltsiz","8":"pa_tur-kitap","9":"pa_yayinevi-elpis-yayinlari","10":"pa_yazar-anastasia-akbulut","12":"first","13":"instock","14":"sale","15":"shipping-taxable","16":"purchasable","17":"product-type-simple"},"_links":{"self":[{"href":"https:\/\/roveyayinevi.com.tr\/index.php\/wp-json\/wp\/v2\/product\/744301","targetHints":{"allow":["GET"]}}],"collection":[{"href":"https:\/\/roveyayinevi.com.tr\/index.php\/wp-json\/wp\/v2\/product"}],"about":[{"href":"https:\/\/roveyayinevi.com.tr\/index.php\/wp-json\/wp\/v2\/types\/product"}],"wp:attachment":[{"href":"https:\/\/roveyayinevi.com.tr\/index.php\/wp-json\/wp\/v2\/media?parent=744301"}],"wp:term":[{"taxonomy":"product_brand","embeddable":true,"href":"https:\/\/roveyayinevi.com.tr\/index.php\/wp-json\/wp\/v2\/product_brand?post=744301"},{"taxonomy":"product_cat","embeddable":true,"href":"https:\/\/roveyayinevi.com.tr\/index.php\/wp-json\/wp\/v2\/product_cat?post=744301"},{"taxonomy":"product_tag","embeddable":true,"href":"https:\/\/roveyayinevi.com.tr\/index.php\/wp-json\/wp\/v2\/product_tag?post=744301"}],"curies":[{"name":"wp","href":"https:\/\/api.w.org\/{rel}","templated":true}]}}