{"id":744298,"date":"2025-08-28T01:53:54","date_gmt":"2025-08-27T22:53:54","guid":{"rendered":"https:\/\/roveyayinevi.com.tr\/index.php\/urun\/su-benim-mavi-babam\/"},"modified":"2026-04-16T02:55:49","modified_gmt":"2026-04-15T23:55:49","slug":"su-benim-mavi-babam","status":"publish","type":"product","link":"https:\/\/roveyayinevi.com.tr\/index.php\/urun\/su-benim-mavi-babam\/","title":{"rendered":"\u015eu Benim Mavi Babam"},"content":{"rendered":"<p>\u00d6d\u00fcll\u00fc K\u00f6pr\u00fc Kitaplar koleksiyonunun27. kitab\u0131n\u0131 Haydar Erg\u00fclen yazd\u0131.Siz hi\u00e7 g\u00f6ky\u00fcz\u00fc okuluna gidenbir \u00e7ocuk g\u00f6rd\u00fcn\u00fcz m\u00fc?Edit\u00f6rl\u00fc\u011f\u00fcn\u00fc Semih G\u00fcm\u00fc\u015f&#8217;\u00fcn \u00fcstlendi\u011fi K\u00f6pr\u00fc Kitaplar koleksiyonunun 27. kitab\u0131n\u0131, 1980 sonras\u0131 \u015fiirimizin en \u00f6nemli isimlerinden Haydar Erg\u00fclen yazd\u0131. Usta \u015fair, babas\u0131yla an\u0131lar\u0131n\u0131 lirik bir dille anlat\u0131rken, T\u00fcrkiye&#8217;nin son 60 y\u0131l\u0131na ili\u015fkin \u00e7ok renkli, \u00e7ok katmanl\u0131 bir izlek yarat\u0131yor. Onu derinden etkileyen s\u0131rad\u0131\u015f\u0131 insanlar\u0131n, kitaplar\u0131n, mek\u00e2nlar\u0131n, d\u00fc\u015f\u00fcncelerin, hayallerin d\u00fcnyas\u0131nda dolan\u0131rken, s\u00f6zc\u00fcklerin ve \u015fiirin b\u00fcy\u00fcleyici evrenine davet ediyor. \u015eairlerden yazarlara, sanat\u00e7\u0131lardan d\u00fc\u015f\u00fcnce insanlar\u0131na kadar yak\u0131n tarihimizde iz b\u0131rakan anlaml\u0131 bir an\u0131lar ve duygular b\u00fct\u00fcn\u00fcne okurlar\u0131n\u0131 da ortak ediyor. Babas\u0131 Kel Hasan, ona g\u00f6re bazen mavi bir kelaynakt\u0131, bazen ye\u015fil g\u00f6n\u00fcll\u00fc biri. Alt\u0131 karde\u015ftiler; anne babas\u0131 ve babaannesiyle bir &#8220;kabile&#8221;ydiler. G\u00fcld\u00fc\u011f\u00fcnde d\u00fcnya g\u00fcl\u00fcyor dedi\u011fi babas\u0131 sayesinde kitaplara d\u00fc\u015fk\u00fcn b\u00fcy\u00fcd\u00fc; Ya\u015far Kemal&#8217;den Sait Faik&#8217;e, F\u00fcruzan&#8217;dan Edip Cansever&#8217;e yazarlar, \u015fairler yol arkada\u015flar\u0131yd\u0131. Belki de babas\u0131 &#8220;g\u00f6ky\u00fcz\u00fc okulu&#8221;nda okudu\u011fu i\u00e7in, o da \u00e7ocuklar gibi masmavi sevinen, &#8220;T\u00fcrkiye, Eski\u015fehir olsun!&#8221; dileyen, &#8220;\u015eiire gen\u00e7 ba\u015flan\u0131r, ge\u00e7 ba\u015flanmaz!&#8221; diyen bir edebiyat\u00e7\u0131 oldu\u2026<\/p>\n","protected":false},"excerpt":{"rendered":"<p>\u00d6d\u00fcll\u00fc K\u00f6pr\u00fc Kitaplar koleksiyonunun27. kitab\u0131n\u0131 Haydar Erg\u00fclen yazd\u0131.Siz hi\u00e7 g\u00f6ky\u00fcz\u00fc okuluna gidenbir \u00e7ocuk g\u00f6rd\u00fcn\u00fcz m\u00fc?Edit\u00f6rl\u00fc\u011f\u00fcn\u00fc Semih G\u00fcm\u00fc\u015f&#8217;\u00fcn \u00fcstlendi\u011fi K\u00f6pr\u00fc Kitaplar koleksiyonunun 27. kitab\u0131n\u0131, 1980 sonras\u0131 \u015fiirimizin<span class=\"excerpt-hellip\"> [\u2026]<\/span><\/p>\n","protected":false},"featured_media":0,"template":"","meta":{"_monsterinsights_skip_tracking":false,"_monsterinsights_sitenote_active":false,"_monsterinsights_sitenote_note":"","_monsterinsights_sitenote_category":0},"product_brand":[],"product_cat":[18545,12291],"product_tag":[],"class_list":{"0":"post-744298","1":"product","2":"type-product","3":"status-publish","5":"product_cat-anlati","6":"product_cat-edebiyat","7":"pa_cilt-ciltsiz","8":"pa_tur-kitap","9":"pa_yayinevi-gunisigi-kitapligi","10":"pa_yazar-haydar-ergulen","12":"first","13":"instock","14":"sale","15":"shipping-taxable","16":"purchasable","17":"product-type-simple"},"_links":{"self":[{"href":"https:\/\/roveyayinevi.com.tr\/index.php\/wp-json\/wp\/v2\/product\/744298","targetHints":{"allow":["GET"]}}],"collection":[{"href":"https:\/\/roveyayinevi.com.tr\/index.php\/wp-json\/wp\/v2\/product"}],"about":[{"href":"https:\/\/roveyayinevi.com.tr\/index.php\/wp-json\/wp\/v2\/types\/product"}],"wp:attachment":[{"href":"https:\/\/roveyayinevi.com.tr\/index.php\/wp-json\/wp\/v2\/media?parent=744298"}],"wp:term":[{"taxonomy":"product_brand","embeddable":true,"href":"https:\/\/roveyayinevi.com.tr\/index.php\/wp-json\/wp\/v2\/product_brand?post=744298"},{"taxonomy":"product_cat","embeddable":true,"href":"https:\/\/roveyayinevi.com.tr\/index.php\/wp-json\/wp\/v2\/product_cat?post=744298"},{"taxonomy":"product_tag","embeddable":true,"href":"https:\/\/roveyayinevi.com.tr\/index.php\/wp-json\/wp\/v2\/product_tag?post=744298"}],"curies":[{"name":"wp","href":"https:\/\/api.w.org\/{rel}","templated":true}]}}