{"id":744297,"date":"2025-08-28T01:53:53","date_gmt":"2025-08-27T22:53:53","guid":{"rendered":"https:\/\/roveyayinevi.com.tr\/index.php\/urun\/toplumsal-hafiza-mimarlik-tarih-ve-kuram-ugur-tanyeli-ile-soylesi\/"},"modified":"2026-04-16T02:55:49","modified_gmt":"2026-04-15T23:55:49","slug":"toplumsal-hafiza-mimarlik-tarih-ve-kuram-ugur-tanyeli-ile-soylesi","status":"publish","type":"product","link":"https:\/\/roveyayinevi.com.tr\/index.php\/urun\/toplumsal-hafiza-mimarlik-tarih-ve-kuram-ugur-tanyeli-ile-soylesi\/","title":{"rendered":"Toplumsal Haf\u0131za, Mimarl\u0131k, Tarih ve Kuram &#8211; U\u011fur Tanyeli ile S\u00f6yle\u015fi"},"content":{"rendered":"<p>Erhan Berat F\u0131nd\u0131kl\u0131&#8217;n\u0131n mimarl\u0131k tarih\u00e7isi ve kuramc\u0131s\u0131 U\u011fur Tanyeli ile yapt\u0131\u011f\u0131 bu uzun soluklu s\u00f6yle\u015fi, Tanyeli&#8217;nin metinsel \u00fcretimi, akademik kariyeri ve \u00f6zel ya\u015fam\u0131 \u00fczerinde yo\u011funla\u015farak T\u00fcrkiye&#8217;nin toplumsal ve k\u00fclt\u00fcrel yak\u0131n tarihinden baz\u0131 kesitleri \u00f6znel bir perspektifle sunarken ayn\u0131 zamanda mimarl\u0131k e\u011fitimi, piyasas\u0131, tarihyaz\u0131m\u0131 ve kuram\u0131na ili\u015fkin anlat\u0131lar\u0131 problematize etmeyi ama\u00e7l\u0131yor. F\u0131nd\u0131kl\u0131&#8217;n\u0131n Tanyeli&#8217;ne y\u00f6neltti\u011fi sorular ve itirazlarla yeni tart\u0131\u015fma ba\u015fl\u0131klar\u0131 olu\u015fturulurken mimarl\u0131k sahnesinin baz\u0131 fragmanlar\u0131 yap\u0131s\u00f6k\u00fcme u\u011frat\u0131l\u0131yor.   &#8220;Burada T\u00fcrkiye&#8217;nin 1970&#8217;lerden g\u00fcn\u00fcm\u00fcze mimarl\u0131k\/toplumsall\u0131k ili\u015fkisinin yak\u0131n ge\u00e7mi\u015fine \u0131\u015f\u0131k tutulmas\u0131, mimarl\u0131k tarihinin mevcut kuramsal birikiminin farkl\u0131 akademisyen, profesyonel ve amat\u00f6rlerin mek\u00e2nsal ve metinsel \u00fcretimleri, bireysel ya\u015fam\u00f6yk\u00fcleri arac\u0131l\u0131\u011f\u0131yla tart\u0131\u015f\u0131lmas\u0131, ayn\u0131 zamanda gelece\u011fe d\u00f6n\u00fck yeni ara\u015ft\u0131rma konular\u0131n\u0131n te\u015fvik edilmesi ama\u00e7land\u0131. Bu s\u00f6yle\u015fi, mimarl\u0131k tarihi, ele\u015ftirisi ve sosyolojisinde yeni d\u00fc\u015f\u00fcnsel gerilim alanlar\u0131 yaratt\u0131\u011f\u0131, farkl\u0131 ve \u00f6zg\u00fcn sorunsallar\u0131n \u00fcretilmesine dolayl\u0131 katk\u0131 sundu\u011fu, ele\u015ftiri ve itiraz ald\u0131\u011f\u0131, hem birlikte d\u00fc\u015f\u00fcnmeyi te\u015fvik etti\u011fi hem de yabanc\u0131la\u015ft\u0131r\u0131c\u0131 bir etki yarat\u0131p okuru yaln\u0131zla\u015ft\u0131rd\u0131\u011f\u0131 \u00f6l\u00e7\u00fcde amac\u0131na ula\u015fm\u0131\u015f olacakt\u0131r.&#8221;Erhan Berat F\u0131nd\u0131kl\u0131<\/p>\n","protected":false},"excerpt":{"rendered":"<p>Erhan Berat F\u0131nd\u0131kl\u0131&#8217;n\u0131n mimarl\u0131k tarih\u00e7isi ve kuramc\u0131s\u0131 U\u011fur Tanyeli ile yapt\u0131\u011f\u0131 bu uzun soluklu s\u00f6yle\u015fi, Tanyeli&#8217;nin metinsel \u00fcretimi, akademik kariyeri ve \u00f6zel ya\u015fam\u0131 \u00fczerinde yo\u011funla\u015farak T\u00fcrkiye&#8217;nin<span class=\"excerpt-hellip\"> [\u2026]<\/span><\/p>\n","protected":false},"featured_media":0,"template":"","meta":{"_monsterinsights_skip_tracking":false,"_monsterinsights_sitenote_active":false,"_monsterinsights_sitenote_note":"","_monsterinsights_sitenote_category":0},"product_brand":[],"product_cat":[12291,30969],"product_tag":[],"class_list":{"0":"post-744297","1":"product","2":"type-product","3":"status-publish","5":"product_cat-edebiyat","6":"product_cat-soylesi-edebiyat","7":"pa_cilt-ciltsiz","8":"pa_tur-kitap","9":"pa_yayinevi-sel-yayincilik","10":"pa_yazar-erhan-berat-findikli","12":"first","13":"instock","14":"sale","15":"shipping-taxable","16":"purchasable","17":"product-type-simple"},"_links":{"self":[{"href":"https:\/\/roveyayinevi.com.tr\/index.php\/wp-json\/wp\/v2\/product\/744297","targetHints":{"allow":["GET"]}}],"collection":[{"href":"https:\/\/roveyayinevi.com.tr\/index.php\/wp-json\/wp\/v2\/product"}],"about":[{"href":"https:\/\/roveyayinevi.com.tr\/index.php\/wp-json\/wp\/v2\/types\/product"}],"wp:attachment":[{"href":"https:\/\/roveyayinevi.com.tr\/index.php\/wp-json\/wp\/v2\/media?parent=744297"}],"wp:term":[{"taxonomy":"product_brand","embeddable":true,"href":"https:\/\/roveyayinevi.com.tr\/index.php\/wp-json\/wp\/v2\/product_brand?post=744297"},{"taxonomy":"product_cat","embeddable":true,"href":"https:\/\/roveyayinevi.com.tr\/index.php\/wp-json\/wp\/v2\/product_cat?post=744297"},{"taxonomy":"product_tag","embeddable":true,"href":"https:\/\/roveyayinevi.com.tr\/index.php\/wp-json\/wp\/v2\/product_tag?post=744297"}],"curies":[{"name":"wp","href":"https:\/\/api.w.org\/{rel}","templated":true}]}}