{"id":744295,"date":"2025-08-28T01:53:50","date_gmt":"2025-08-27T22:53:50","guid":{"rendered":"https:\/\/roveyayinevi.com.tr\/index.php\/urun\/az-su-isteyen-bahceler\/"},"modified":"2026-04-16T02:55:49","modified_gmt":"2026-04-15T23:55:49","slug":"az-su-isteyen-bahceler","status":"publish","type":"product","link":"https:\/\/roveyayinevi.com.tr\/index.php\/urun\/az-su-isteyen-bahceler\/","title":{"rendered":"Az Su \u0130steyen Bah\u00e7eler"},"content":{"rendered":"<p>D\u00fcnyam\u0131z her ge\u00e7en g\u00fcn giderek artan bir kurakl\u0131k sorunuyla kar\u015f\u0131 kar\u015f\u0131ya. Ne yaz\u0131k ki bu \u00fcrk\u00fct\u00fcc\u00fc sorunun tek sorumlusu biz insanlar\u0131z. Bu k\u00f6t\u00fc gidi\u015fe ancak bizler dur diyebiliriz. Do\u011fan\u0131n kendini yenileme becerisine s\u0131\u011f\u0131n\u0131p: \u201c\u00d6nce kap\u0131m\u0131z\u0131n \u00f6n\u00fc\u201d diyerek hepimiz tek tek \u00f6nlem almal\u0131y\u0131z; ancak bu \u015fekilde do\u011fam\u0131z\u0131 korur ve ona duydu\u011fumuz sayg\u0131y\u0131 g\u00f6stermi\u015f oluruz. \u0130klim krizine ba\u011fl\u0131 olarak d\u00fcnyam\u0131z, \u00f6zellikle \u00fclkemiz gibi Akdeniz iklim ku\u015fa\u011f\u0131nda olan ya da daha s\u0131cak \u00fclkeler \u00e7ok ciddi su s\u0131k\u0131nt\u0131s\u0131 i\u00e7inde. Bu b\u00fcy\u00fck sorunla ba\u015f etmenin \u00e7\u00f6z\u00fcmlerinden biri de su tasarrufu ve suyun geri d\u00f6n\u00fc\u015f\u00fcm\u00fcn\u00fc sa\u011flamak. \u201cBiz ne yapabiliriz?\u201d sorusuna \u00f6zellikle bah\u00e7esi olan okurlar\u0131m\u0131za, bug\u00fcne de\u011fin bah\u00e7e al\u0131\u015fk\u0131nl\u0131klar\u0131n\u0131 b\u0131rakmalar\u0131n\u0131 ve bah\u00e7elerini AZ SU \u0130STEYEN bitkilerle olu\u015fturmalar\u0131n\u0131 sal\u0131k veriyoruz. Birbirinden zengin t\u00fcrleriyle \u00fclkemizde de yeti\u015fen s\u00fck\u00fclent, kakt\u00fcs t\u00fcrlerinin yan\u0131 s\u0131ra susuzlu\u011fa dayan\u0131kl\u0131, kolayl\u0131kla sa\u011flayabilece\u011finiz, bah\u00e7enize bi\u00e7im renk, koku ve \u00f6zellik katacak \u00e7ok \u00e7e\u015fitli bitkilerle bu kitap size rehber olacakt\u0131r. <\/p>\n","protected":false},"excerpt":{"rendered":"<p>D\u00fcnyam\u0131z her ge\u00e7en g\u00fcn giderek artan bir kurakl\u0131k sorunuyla kar\u015f\u0131 kar\u015f\u0131ya. Ne yaz\u0131k ki bu \u00fcrk\u00fct\u00fcc\u00fc sorunun tek sorumlusu biz insanlar\u0131z. Bu k\u00f6t\u00fc gidi\u015fe ancak bizler<span class=\"excerpt-hellip\"> [\u2026]<\/span><\/p>\n","protected":false},"featured_media":0,"template":"","meta":{"_monsterinsights_skip_tracking":false,"_monsterinsights_sitenote_active":false,"_monsterinsights_sitenote_note":"","_monsterinsights_sitenote_category":0},"product_brand":[],"product_cat":[13772,12364],"product_tag":[],"class_list":{"0":"post-744295","1":"product","2":"type-product","3":"status-publish","5":"product_cat-basvuru-kitaplari","6":"product_cat-genel-konular","7":"pa_cilt-ciltsiz","8":"pa_tur-kitap","9":"pa_yayinevi-inkilap-kitabevi","10":"pa_yazar-gulnar-onay","12":"first","13":"instock","14":"sale","15":"shipping-taxable","16":"purchasable","17":"product-type-simple"},"_links":{"self":[{"href":"https:\/\/roveyayinevi.com.tr\/index.php\/wp-json\/wp\/v2\/product\/744295","targetHints":{"allow":["GET"]}}],"collection":[{"href":"https:\/\/roveyayinevi.com.tr\/index.php\/wp-json\/wp\/v2\/product"}],"about":[{"href":"https:\/\/roveyayinevi.com.tr\/index.php\/wp-json\/wp\/v2\/types\/product"}],"wp:attachment":[{"href":"https:\/\/roveyayinevi.com.tr\/index.php\/wp-json\/wp\/v2\/media?parent=744295"}],"wp:term":[{"taxonomy":"product_brand","embeddable":true,"href":"https:\/\/roveyayinevi.com.tr\/index.php\/wp-json\/wp\/v2\/product_brand?post=744295"},{"taxonomy":"product_cat","embeddable":true,"href":"https:\/\/roveyayinevi.com.tr\/index.php\/wp-json\/wp\/v2\/product_cat?post=744295"},{"taxonomy":"product_tag","embeddable":true,"href":"https:\/\/roveyayinevi.com.tr\/index.php\/wp-json\/wp\/v2\/product_tag?post=744295"}],"curies":[{"name":"wp","href":"https:\/\/api.w.org\/{rel}","templated":true}]}}