{"id":744294,"date":"2025-08-28T01:53:48","date_gmt":"2025-08-27T22:53:48","guid":{"rendered":"https:\/\/roveyayinevi.com.tr\/index.php\/urun\/ataturkun-izinde\/"},"modified":"2026-04-16T02:55:49","modified_gmt":"2026-04-15T23:55:49","slug":"ataturkun-izinde","status":"publish","type":"product","link":"https:\/\/roveyayinevi.com.tr\/index.php\/urun\/ataturkun-izinde\/","title":{"rendered":"Atat\u00fcrk\u2019\u00fcn \u0130zinde"},"content":{"rendered":"<p>O hepimizin kahraman\u0131, ama ya senin hayat hik\u00e2yenin ba\u015fkahraman\u0131 olsayd\u0131? Onunla ayn\u0131 s\u0131ralarda okuyabilme, day\u0131s\u0131n\u0131n \u00e7iftli\u011finde birlikte ata binebilme ya da bu \u00fclke i\u00e7in destanlar yazarken ona destek olabilme \u015fans\u0131n olsayd\u0131? Asl\u0131nda olmamas\u0131 i\u00e7in hi\u00e7bir neden yok. Sayfalar\u0131 aralad\u0131\u011f\u0131nda bunun imk\u00e2ns\u0131z olmad\u0131\u011f\u0131n\u0131 g\u00f6receksin. Bu kitap, sana Atat\u00fcrk\u2019\u00fcn en yak\u0131n arkada\u015f\u0131 olma f\u0131rsat\u0131 veriyor. Arkada\u015f\u0131ma Veda kitab\u0131ndan pasajlar e\u015fli\u011finde haz\u0131rlanan Atat\u00fcrk\u2019\u00fcn \u0130zinde, e\u011flenceli etkinliklerle ba\u015frollerinde ikinizin oldu\u011fu yepyeni bir d\u00fcnya yaratman i\u00e7in sana yol g\u00f6steriyor. B\u00fcy\u00fck Usta Z\u00fclf\u00fc Livaneli, yazar olacak \u00e7ocuklara g\u00fc\u00e7l\u00fc kalemiyle rehber oluyor.<\/p>\n","protected":false},"excerpt":{"rendered":"<p>O hepimizin kahraman\u0131, ama ya senin hayat hik\u00e2yenin ba\u015fkahraman\u0131 olsayd\u0131? Onunla ayn\u0131 s\u0131ralarda okuyabilme, day\u0131s\u0131n\u0131n \u00e7iftli\u011finde birlikte ata binebilme ya da bu \u00fclke i\u00e7in destanlar yazarken<span class=\"excerpt-hellip\"> [\u2026]<\/span><\/p>\n","protected":false},"featured_media":0,"template":"","meta":{"_monsterinsights_skip_tracking":false,"_monsterinsights_sitenote_active":false,"_monsterinsights_sitenote_note":"","_monsterinsights_sitenote_category":0},"product_brand":[],"product_cat":[12274,12284],"product_tag":[],"class_list":{"0":"post-744294","1":"product","2":"type-product","3":"status-publish","5":"product_cat-cocuk-ve-genclik-kitaplari","6":"product_cat-hikayeler","7":"pa_cilt-ciltsiz","8":"pa_tur-kitap","9":"pa_yayinevi-inkilap-kitabevi","10":"pa_yazar-zulfu-livaneli","12":"first","13":"instock","14":"sale","15":"shipping-taxable","16":"purchasable","17":"product-type-simple"},"_links":{"self":[{"href":"https:\/\/roveyayinevi.com.tr\/index.php\/wp-json\/wp\/v2\/product\/744294","targetHints":{"allow":["GET"]}}],"collection":[{"href":"https:\/\/roveyayinevi.com.tr\/index.php\/wp-json\/wp\/v2\/product"}],"about":[{"href":"https:\/\/roveyayinevi.com.tr\/index.php\/wp-json\/wp\/v2\/types\/product"}],"wp:attachment":[{"href":"https:\/\/roveyayinevi.com.tr\/index.php\/wp-json\/wp\/v2\/media?parent=744294"}],"wp:term":[{"taxonomy":"product_brand","embeddable":true,"href":"https:\/\/roveyayinevi.com.tr\/index.php\/wp-json\/wp\/v2\/product_brand?post=744294"},{"taxonomy":"product_cat","embeddable":true,"href":"https:\/\/roveyayinevi.com.tr\/index.php\/wp-json\/wp\/v2\/product_cat?post=744294"},{"taxonomy":"product_tag","embeddable":true,"href":"https:\/\/roveyayinevi.com.tr\/index.php\/wp-json\/wp\/v2\/product_tag?post=744294"}],"curies":[{"name":"wp","href":"https:\/\/api.w.org\/{rel}","templated":true}]}}