{"id":744293,"date":"2025-08-28T01:53:47","date_gmt":"2025-08-27T22:53:47","guid":{"rendered":"https:\/\/roveyayinevi.com.tr\/index.php\/urun\/korku-tuneli-cesaret-sinavi\/"},"modified":"2026-04-16T02:55:49","modified_gmt":"2026-04-15T23:55:49","slug":"korku-tuneli-cesaret-sinavi","status":"publish","type":"product","link":"https:\/\/roveyayinevi.com.tr\/index.php\/urun\/korku-tuneli-cesaret-sinavi\/","title":{"rendered":"Korku T\u00fcneli Cesaret S\u0131nav\u0131"},"content":{"rendered":"<p>KORKU T\u00dcNEL\u0130NE G\u0130R\u0130N! CESARET\u0130N\u0130Z\u0130 TEST ED\u0130N! Kim korkak biri olarak an\u0131lmak ister? Hi\u00e7 kimse de\u011fil mi? Siz de istemezsiniz tabii. Bir arkada\u015f\u0131n\u0131zla iddiaya giriyor ve do\u011fada tek ba\u015f\u0131n\u0131za bir hafta kalmay\u0131 kabul ediyorsunuz. \u00d6n\u00fcn\u00fczde masum g\u00f6r\u00fcnen bir g\u00f6l, ard\u0131n\u0131zdaysa derin bir orman var&#8230; Her ikisi de \u00f6ng\u00f6remedi\u011finiz gizem ve tehlikelerle dolu&#8230; Bu, bir cesaret s\u0131nav\u0131&#8230; \u00d6n\u00fcn\u00fczdeki haftay\u0131 sa\u011f salim atlatmal\u0131, girece\u011finiz s\u0131navdan cesaretini kan\u0131tlam\u0131\u015f, \u00fcnl\u00fc ve zengin biri olarak \u00e7\u0131kmal\u0131s\u0131n\u0131z. Bu da yerinde ve cesur kararlar vermenize ba\u011fl\u0131&#8230; \u00c7\u00fcnk\u00fc bu kitapta tam 14 farkl\u0131 son var&#8230; Ancak bunlardan yaln\u0131z biri sizi ger\u00e7ek amac\u0131n\u0131za ula\u015ft\u0131rabilecek.       BU K\u0130TABIN KAHRAMANI S\u0130ZS\u0130N\u0130Z!<\/p>\n","protected":false},"excerpt":{"rendered":"<p>KORKU T\u00dcNEL\u0130NE G\u0130R\u0130N! CESARET\u0130N\u0130Z\u0130 TEST ED\u0130N! Kim korkak biri olarak an\u0131lmak ister? Hi\u00e7 kimse de\u011fil mi? Siz de istemezsiniz tabii. Bir arkada\u015f\u0131n\u0131zla iddiaya giriyor ve do\u011fada<span class=\"excerpt-hellip\"> [\u2026]<\/span><\/p>\n","protected":false},"featured_media":0,"template":"","meta":{"_monsterinsights_skip_tracking":false,"_monsterinsights_sitenote_active":false,"_monsterinsights_sitenote_note":"","_monsterinsights_sitenote_category":0},"product_brand":[],"product_cat":[12689,12274],"product_tag":[],"class_list":{"0":"post-744293","1":"product","2":"type-product","3":"status-publish","5":"product_cat-cizgi-roman-cocuk-ve-genclik-kitaplari","6":"product_cat-cocuk-ve-genclik-kitaplari","7":"pa_cilt-ciltsiz","8":"pa_tur-kitap","9":"pa_yayinevi-genc-hayat","10":"pa_yazar-tuncel-altinkopru","12":"first","13":"instock","14":"sale","15":"shipping-taxable","16":"purchasable","17":"product-type-simple"},"_links":{"self":[{"href":"https:\/\/roveyayinevi.com.tr\/index.php\/wp-json\/wp\/v2\/product\/744293","targetHints":{"allow":["GET"]}}],"collection":[{"href":"https:\/\/roveyayinevi.com.tr\/index.php\/wp-json\/wp\/v2\/product"}],"about":[{"href":"https:\/\/roveyayinevi.com.tr\/index.php\/wp-json\/wp\/v2\/types\/product"}],"wp:attachment":[{"href":"https:\/\/roveyayinevi.com.tr\/index.php\/wp-json\/wp\/v2\/media?parent=744293"}],"wp:term":[{"taxonomy":"product_brand","embeddable":true,"href":"https:\/\/roveyayinevi.com.tr\/index.php\/wp-json\/wp\/v2\/product_brand?post=744293"},{"taxonomy":"product_cat","embeddable":true,"href":"https:\/\/roveyayinevi.com.tr\/index.php\/wp-json\/wp\/v2\/product_cat?post=744293"},{"taxonomy":"product_tag","embeddable":true,"href":"https:\/\/roveyayinevi.com.tr\/index.php\/wp-json\/wp\/v2\/product_tag?post=744293"}],"curies":[{"name":"wp","href":"https:\/\/api.w.org\/{rel}","templated":true}]}}