{"id":744292,"date":"2025-08-28T01:53:45","date_gmt":"2025-08-27T22:53:45","guid":{"rendered":"https:\/\/roveyayinevi.com.tr\/index.php\/urun\/dalgic\/"},"modified":"2026-04-16T02:55:49","modified_gmt":"2026-04-15T23:55:49","slug":"dalgic","status":"publish","type":"product","link":"https:\/\/roveyayinevi.com.tr\/index.php\/urun\/dalgic\/","title":{"rendered":"Dalg\u0131\u00e7"},"content":{"rendered":"<p>Raul Tafen hemen bal\u0131kadam giysilerini giydi ve hop, denize dald\u0131! G\u00f6revi ne mi dediniz? \u00c7ok \u00f6nemli bir \u015fey say\u0131lmaz. Son iki bin y\u0131ld\u0131r kay\u0131p olan Roma \u0130mparatorlu\u011fu d\u00f6neminden kalma bir kad\u0131rgay\u0131 bulmas\u0131 gerekiyor, o kadarc\u0131k! Bal\u0131kadamlar\u0131n kral\u0131 i\u00e7in \u00e7ocuk oyunca\u011f\u0131 diyebiliriz. Yaln\u0131z Raul\u2019\u00fcn yine de dikkatli olmas\u0131 gerek \u00e7\u00fcnk\u00fc okyanus s\u00fcrprizlerle dolu! <\/p>\n","protected":false},"excerpt":{"rendered":"<p>Raul Tafen hemen bal\u0131kadam giysilerini giydi ve hop, denize dald\u0131! G\u00f6revi ne mi dediniz? \u00c7ok \u00f6nemli bir \u015fey say\u0131lmaz. Son iki bin y\u0131ld\u0131r kay\u0131p olan Roma<span class=\"excerpt-hellip\"> [\u2026]<\/span><\/p>\n","protected":false},"featured_media":0,"template":"","meta":{"_monsterinsights_skip_tracking":false,"_monsterinsights_sitenote_active":false,"_monsterinsights_sitenote_note":"","_monsterinsights_sitenote_category":0},"product_brand":[],"product_cat":[12275,12274],"product_tag":[],"class_list":{"0":"post-744292","1":"product","2":"type-product","3":"status-publish","5":"product_cat-6-12-yas-kitaplari","6":"product_cat-cocuk-ve-genclik-kitaplari","7":"pa_cilt-ciltsiz","8":"pa_tur-kitap","9":"pa_yayinevi-yapi-kredi-yayinlari","10":"pa_yazar-gerard-moncomble","12":"first","13":"instock","14":"sale","15":"shipping-taxable","16":"purchasable","17":"product-type-simple"},"_links":{"self":[{"href":"https:\/\/roveyayinevi.com.tr\/index.php\/wp-json\/wp\/v2\/product\/744292","targetHints":{"allow":["GET"]}}],"collection":[{"href":"https:\/\/roveyayinevi.com.tr\/index.php\/wp-json\/wp\/v2\/product"}],"about":[{"href":"https:\/\/roveyayinevi.com.tr\/index.php\/wp-json\/wp\/v2\/types\/product"}],"wp:attachment":[{"href":"https:\/\/roveyayinevi.com.tr\/index.php\/wp-json\/wp\/v2\/media?parent=744292"}],"wp:term":[{"taxonomy":"product_brand","embeddable":true,"href":"https:\/\/roveyayinevi.com.tr\/index.php\/wp-json\/wp\/v2\/product_brand?post=744292"},{"taxonomy":"product_cat","embeddable":true,"href":"https:\/\/roveyayinevi.com.tr\/index.php\/wp-json\/wp\/v2\/product_cat?post=744292"},{"taxonomy":"product_tag","embeddable":true,"href":"https:\/\/roveyayinevi.com.tr\/index.php\/wp-json\/wp\/v2\/product_tag?post=744292"}],"curies":[{"name":"wp","href":"https:\/\/api.w.org\/{rel}","templated":true}]}}