{"id":744290,"date":"2025-08-28T01:53:42","date_gmt":"2025-08-27T22:53:42","guid":{"rendered":"https:\/\/roveyayinevi.com.tr\/index.php\/urun\/memento-mori-olum-aklimdasin\/"},"modified":"2026-04-16T02:55:48","modified_gmt":"2026-04-15T23:55:48","slug":"memento-mori-olum-aklimdasin","status":"publish","type":"product","link":"https:\/\/roveyayinevi.com.tr\/index.php\/urun\/memento-mori-olum-aklimdasin\/","title":{"rendered":"Memento Mori \u00d6l\u00fcm Akl\u0131mdas\u0131n"},"content":{"rendered":"<p>\u201cHerkes kendi i\u00e7inde ta\u015f\u0131yor \u00f6l\u00fcm\u00fcn\u00fc, meyvenin \u00e7ekirde\u011fi kabu\u011funun alt\u0131nda saklad\u0131\u011f\u0131 gibi; ne var ki hakk\u0131nda hi\u00e7bir \u015fey bilmiyor. Sevdiklerimizin, yak\u0131nlar\u0131m\u0131z\u0131n \u00f6l\u00fcmlerini kendi \u00f6l\u00fcm\u00fcm\u00fcz gibi ya\u015fad\u0131\u011f\u0131m\u0131z da do\u011fru de\u011fil. \u0130nsan yaln\u0131z ve sadece kendi \u00f6l\u00fcm\u00fcn\u00fc \u00f6l\u00fcyor.\u201d   Hi\u00e7 \u00f6lmeyecekmi\u015f gibi ya\u015fayabilir mi insan? Yoksa sonsuzlu\u011fun i\u00e7 karart\u0131c\u0131 tekd\u00fczeli\u011finden bunal\u0131p \u00f6l\u00fcm\u00fc m\u00fc g\u00f6zler? Bitmeyen anlam aray\u0131\u015f\u0131m\u0131z \u00f6l\u00fcm\u00fc s\u00fcrekli ertelemek, belki de yenmek i\u00e7in midir?   Kafka\u2019dan Camus\u2019ye, Dostoyevski\u2019den Tolstoy\u2019a, Sad\u0131k Hidayet\u2019ten Borges\u2019e, Samuel Beckett\u2019ten Anadolu erenlerine, Yunan mitolojisinden kutsal kitaplara kadar, kimi zaman kendi deneyimlerinden de yola \u00e7\u0131karak \u00f6l\u00fcm\u00fcn izini s\u00fcr\u00fcyor Nedim G\u00fcrsel. <\/p>\n","protected":false},"excerpt":{"rendered":"<p>\u201cHerkes kendi i\u00e7inde ta\u015f\u0131yor \u00f6l\u00fcm\u00fcn\u00fc, meyvenin \u00e7ekirde\u011fi kabu\u011funun alt\u0131nda saklad\u0131\u011f\u0131 gibi; ne var ki hakk\u0131nda hi\u00e7bir \u015fey bilmiyor. Sevdiklerimizin, yak\u0131nlar\u0131m\u0131z\u0131n \u00f6l\u00fcmlerini kendi \u00f6l\u00fcm\u00fcm\u00fcz gibi ya\u015fad\u0131\u011f\u0131m\u0131z da<span class=\"excerpt-hellip\"> [\u2026]<\/span><\/p>\n","protected":false},"featured_media":0,"template":"","meta":{"_monsterinsights_skip_tracking":false,"_monsterinsights_sitenote_active":false,"_monsterinsights_sitenote_note":"","_monsterinsights_sitenote_category":0},"product_brand":[],"product_cat":[12777,12291],"product_tag":[],"class_list":{"0":"post-744290","1":"product","2":"type-product","3":"status-publish","5":"product_cat-deneme","6":"product_cat-edebiyat","7":"pa_cilt-ciltsiz","8":"pa_tur-kitap","9":"pa_yayinevi-dogan-kitap","10":"pa_yazar-nedim-gursel","12":"first","13":"instock","14":"sale","15":"shipping-taxable","16":"purchasable","17":"product-type-simple"},"_links":{"self":[{"href":"https:\/\/roveyayinevi.com.tr\/index.php\/wp-json\/wp\/v2\/product\/744290","targetHints":{"allow":["GET"]}}],"collection":[{"href":"https:\/\/roveyayinevi.com.tr\/index.php\/wp-json\/wp\/v2\/product"}],"about":[{"href":"https:\/\/roveyayinevi.com.tr\/index.php\/wp-json\/wp\/v2\/types\/product"}],"wp:attachment":[{"href":"https:\/\/roveyayinevi.com.tr\/index.php\/wp-json\/wp\/v2\/media?parent=744290"}],"wp:term":[{"taxonomy":"product_brand","embeddable":true,"href":"https:\/\/roveyayinevi.com.tr\/index.php\/wp-json\/wp\/v2\/product_brand?post=744290"},{"taxonomy":"product_cat","embeddable":true,"href":"https:\/\/roveyayinevi.com.tr\/index.php\/wp-json\/wp\/v2\/product_cat?post=744290"},{"taxonomy":"product_tag","embeddable":true,"href":"https:\/\/roveyayinevi.com.tr\/index.php\/wp-json\/wp\/v2\/product_tag?post=744290"}],"curies":[{"name":"wp","href":"https:\/\/api.w.org\/{rel}","templated":true}]}}