{"id":744289,"date":"2025-08-28T01:53:41","date_gmt":"2025-08-27T22:53:41","guid":{"rendered":"https:\/\/roveyayinevi.com.tr\/index.php\/urun\/zamanin-getirdigi-perspektifler\/"},"modified":"2026-04-16T02:55:48","modified_gmt":"2026-04-15T23:55:48","slug":"zamanin-getirdigi-perspektifler","status":"publish","type":"product","link":"https:\/\/roveyayinevi.com.tr\/index.php\/urun\/zamanin-getirdigi-perspektifler\/","title":{"rendered":"Zaman\u0131n Getirdi\u011fi Perspektifler"},"content":{"rendered":"<p>Haldun Taner\u2019in d\u00fczyaz\u0131 kitaplar\u0131 serisi yeni derlemelerle s\u00fcr\u00fcyor. Tuncay Birkan\u2019\u0131n derleyip haz\u0131rlad\u0131\u011f\u0131 Zaman\u0131n Getirdi\u011fi Perspektifler yazar\u0131n d\u00fcnya edebiyat\u0131n\u0131n se\u00e7kin yazarlar\u0131 ve yap\u0131tlar\u0131 \u00fcst\u00fcne gazete ve dergilerde \u00e7\u0131km\u0131\u015f yaz\u0131lar\u0131ndan olu\u015fuyor. Edebiyat\u0131m\u0131z\u0131n b\u00fcy\u00fck ustas\u0131, klasiklerden modernlere uzanan geni\u015f yelpazede d\u00fcnya edebiyat\u0131na evrensel \u00f6l\u00e7ekte bak\u0131\u015flar getiriyor. Shakespeare\u2019den C\u00e9line\u2019e, Flaubert\u2019den Kafka ve Faulkner\u2019a pek \u00e7ok yazar\u0131; Vi\u015fne Bah\u00e7esi\u2019nden G\u00fcne\u015f de Do\u011far\u2019a T\u00fcrk\u00e7eye \u00e7evrilmi\u015f onlarca kitab\u0131 yorumluyor. \u00d6te yandan, g\u00fcnl\u00fck ve biyografi yazmak, klasikler, yazar\u0131n sorumlulu\u011fu, intihar, \u00f6yk\u00fc, ele\u015ftiri, \u00e7eviri sorunlar\u0131 gibi konular \u00fcst\u00fcne \u00f6zg\u00fcn de\u011ferlendirmelerde bulunuyor.   \u201cOkumak, insan\u0131 megalomanl\u0131ktan, narsisizmden, kendi fikirlerine hayranl\u0131ktan kurtar\u0131r. Al\u00e7akg\u00f6n\u00fcll\u00fc olmaya, dengeli olmaya, \u00f6l\u00e7\u00fcl\u00fc olmaya g\u00f6t\u00fcr\u00fcr. Megalomaniye yakalanmaya en yatk\u0131n ki\u015filer i\u00e7inde sanat\u00e7\u0131larla politikac\u0131lar san\u0131r\u0131m en ba\u015fta gelir. Bu vir\u00fcse kar\u015f\u0131 en dayan\u0131kl\u0131lar, en ba\u011f\u0131\u015f\u0131k olanlar ise bilim adamlar\u0131d\u0131rlar. Bilim adamlar\u0131 b\u00fct\u00fcn edindikleri bilgiyi ba\u015fka kitaplara, ba\u015fkalar\u0131n\u0131n bu alandaki \u00e7al\u0131\u015fmalar\u0131na ve t\u00fcm insanl\u0131\u011f\u0131n bu alandaki birikimine bor\u00e7lu olduklar\u0131n\u0131 bilirler.\u201d <\/p>\n","protected":false},"excerpt":{"rendered":"<p>Haldun Taner\u2019in d\u00fczyaz\u0131 kitaplar\u0131 serisi yeni derlemelerle s\u00fcr\u00fcyor. Tuncay Birkan\u2019\u0131n derleyip haz\u0131rlad\u0131\u011f\u0131 Zaman\u0131n Getirdi\u011fi Perspektifler yazar\u0131n d\u00fcnya edebiyat\u0131n\u0131n se\u00e7kin yazarlar\u0131 ve yap\u0131tlar\u0131 \u00fcst\u00fcne gazete ve dergilerde<span class=\"excerpt-hellip\"> [\u2026]<\/span><\/p>\n","protected":false},"featured_media":0,"template":"","meta":{"_monsterinsights_skip_tracking":false,"_monsterinsights_sitenote_active":false,"_monsterinsights_sitenote_note":"","_monsterinsights_sitenote_category":0},"product_brand":[],"product_cat":[13072,12291],"product_tag":[],"class_list":{"0":"post-744289","1":"product","2":"type-product","3":"status-publish","5":"product_cat-arastirma-inceleme-referans","6":"product_cat-edebiyat","7":"pa_cilt-ciltsiz","8":"pa_tur-kitap","9":"pa_yayinevi-yapi-kredi-yayinlari","10":"pa_yazar-haldun-taner","12":"first","13":"instock","14":"sale","15":"shipping-taxable","16":"purchasable","17":"product-type-simple"},"_links":{"self":[{"href":"https:\/\/roveyayinevi.com.tr\/index.php\/wp-json\/wp\/v2\/product\/744289","targetHints":{"allow":["GET"]}}],"collection":[{"href":"https:\/\/roveyayinevi.com.tr\/index.php\/wp-json\/wp\/v2\/product"}],"about":[{"href":"https:\/\/roveyayinevi.com.tr\/index.php\/wp-json\/wp\/v2\/types\/product"}],"wp:attachment":[{"href":"https:\/\/roveyayinevi.com.tr\/index.php\/wp-json\/wp\/v2\/media?parent=744289"}],"wp:term":[{"taxonomy":"product_brand","embeddable":true,"href":"https:\/\/roveyayinevi.com.tr\/index.php\/wp-json\/wp\/v2\/product_brand?post=744289"},{"taxonomy":"product_cat","embeddable":true,"href":"https:\/\/roveyayinevi.com.tr\/index.php\/wp-json\/wp\/v2\/product_cat?post=744289"},{"taxonomy":"product_tag","embeddable":true,"href":"https:\/\/roveyayinevi.com.tr\/index.php\/wp-json\/wp\/v2\/product_tag?post=744289"}],"curies":[{"name":"wp","href":"https:\/\/api.w.org\/{rel}","templated":true}]}}