{"id":744288,"date":"2025-08-28T01:53:40","date_gmt":"2025-08-27T22:53:40","guid":{"rendered":"https:\/\/roveyayinevi.com.tr\/index.php\/urun\/kendinle-tanistin-mi\/"},"modified":"2026-04-16T02:55:48","modified_gmt":"2026-04-15T23:55:48","slug":"kendinle-tanistin-mi","status":"publish","type":"product","link":"https:\/\/roveyayinevi.com.tr\/index.php\/urun\/kendinle-tanistin-mi\/","title":{"rendered":"Kendinle Tan\u0131\u015ft\u0131n M\u0131?"},"content":{"rendered":"<p>\u0130nsan\u0131 tan\u0131mak ve anlamak\u2026 Bunun i\u00e7in kendini bilme-tan\u0131ma yoluna d\u00fc\u015fmek\u2026 Ge\u00e7ti\u011fimiz yollar\u0131 yad\u0131rgamadan, yarg\u0131lamadan, yola ve yolculu\u011fa \u015fahitlik etmek\u2026 Yola ve yolculu\u011fa \u015fahitlik etmenin yan\u0131nda kendini de ke\u015ffetmek\u2026 Kendisiyle tan\u0131\u015fmak\u2026 Kabul edelim ki bu me\u015fakkatli bir yolculuk. Ama asla imk\u00e2ns\u0131z de\u011fil. Yol, yola d\u00fc\u015fene rehberlik eder; kap\u0131lar, tan\u0131ma ve anlama aray\u0131\u015f\u0131na girene bir bir a\u00e7\u0131l\u0131verir. Ve bu yolculu\u011fun sonu huzur \u015fehrine \u00e7\u0131kar. \u00c7\u0131kar ama yolda \u015fu sorulara cevap bulmak ve kendini bilmek \u015fart\u0131yla: \u0130nsan\u0131n bu tan\u0131ma, anlama, anlamland\u0131rma yolculu\u011fu i\u00e7in laz\u0131m olan \u015feyler nelerdir? \u0130nsan\u0131n varl\u0131\u011f\u0131n\u0131n anlam\u0131 ve sonucu nedir? \u0130nsan\u0131n arad\u0131\u011f\u0131 nedir? \u0130nsan\u0131n tercihini neler belirler? \u0130nsan\u0131n mizac\u0131 ve ki\u015fili\u011fi \u015f\u00fckr\u00fc m\u00fcd\u00fcr yoksa imtihan\u0131 m\u0131? \u0130li\u015fkilerimiz ve sorumluluklar\u0131m\u0131z bir ba\u011f m\u0131 yoksa bir f\u0131rsat m\u0131? K\u0131saca insan\u0131n ABC\u2019si nedir? Yolunuz a\u00e7\u0131k olsun! <\/p>\n","protected":false},"excerpt":{"rendered":"<p>\u0130nsan\u0131 tan\u0131mak ve anlamak\u2026 Bunun i\u00e7in kendini bilme-tan\u0131ma yoluna d\u00fc\u015fmek\u2026 Ge\u00e7ti\u011fimiz yollar\u0131 yad\u0131rgamadan, yarg\u0131lamadan, yola ve yolculu\u011fa \u015fahitlik etmek\u2026 Yola ve yolculu\u011fa \u015fahitlik etmenin yan\u0131nda kendini<span class=\"excerpt-hellip\"> [\u2026]<\/span><\/p>\n","protected":false},"featured_media":0,"template":"","meta":{"_monsterinsights_skip_tracking":false,"_monsterinsights_sitenote_active":false,"_monsterinsights_sitenote_note":"","_monsterinsights_sitenote_category":0},"product_brand":[],"product_cat":[12358,12357],"product_tag":[],"class_list":{"0":"post-744288","1":"product","2":"type-product","3":"status-publish","5":"product_cat-genel-psikoloji","6":"product_cat-psikoloji","7":"pa_cilt-ciltsiz","8":"pa_tur-kitap","9":"pa_yayinevi-cinaralti-yayinlari","10":"pa_yazar-elif-ozdemir","12":"first","13":"instock","14":"sale","15":"shipping-taxable","16":"purchasable","17":"product-type-simple"},"_links":{"self":[{"href":"https:\/\/roveyayinevi.com.tr\/index.php\/wp-json\/wp\/v2\/product\/744288","targetHints":{"allow":["GET"]}}],"collection":[{"href":"https:\/\/roveyayinevi.com.tr\/index.php\/wp-json\/wp\/v2\/product"}],"about":[{"href":"https:\/\/roveyayinevi.com.tr\/index.php\/wp-json\/wp\/v2\/types\/product"}],"wp:attachment":[{"href":"https:\/\/roveyayinevi.com.tr\/index.php\/wp-json\/wp\/v2\/media?parent=744288"}],"wp:term":[{"taxonomy":"product_brand","embeddable":true,"href":"https:\/\/roveyayinevi.com.tr\/index.php\/wp-json\/wp\/v2\/product_brand?post=744288"},{"taxonomy":"product_cat","embeddable":true,"href":"https:\/\/roveyayinevi.com.tr\/index.php\/wp-json\/wp\/v2\/product_cat?post=744288"},{"taxonomy":"product_tag","embeddable":true,"href":"https:\/\/roveyayinevi.com.tr\/index.php\/wp-json\/wp\/v2\/product_tag?post=744288"}],"curies":[{"name":"wp","href":"https:\/\/api.w.org\/{rel}","templated":true}]}}