{"id":744286,"date":"2025-08-28T01:53:37","date_gmt":"2025-08-27T22:53:37","guid":{"rendered":"https:\/\/roveyayinevi.com.tr\/index.php\/urun\/cunku-herkes-bir-sey-soyler\/"},"modified":"2026-04-16T02:55:48","modified_gmt":"2026-04-15T23:55:48","slug":"cunku-herkes-bir-sey-soyler","status":"publish","type":"product","link":"https:\/\/roveyayinevi.com.tr\/index.php\/urun\/cunku-herkes-bir-sey-soyler\/","title":{"rendered":"\u00c7\u00fcnk\u00fc Herkes Bir \u015eey S\u00f6yler"},"content":{"rendered":"<p>Herkesin bir \u015feyler s\u00f6yledi\u011fi bir devirdeyiz. \u00c7arklar b\u00f6yle d\u00f6n\u00fcyor\u2026 Hepimiz kendi penceremizden sesleniyoruz, hepimiz \u00e7ok g\u00fczel s\u00f6ylemiyoruz belki ama hepimizin yapmak zorunda oldu\u011fu bir \u015fey var: G\u00fczel davranmak ve ya\u015famak\u2026 Bu kitapta s\u00f6ylediklerimizin, bize kulak verenlere, g\u00fczel davranma  ve ya\u015fama yolunda bir pusula olmas\u0131 temennisi ile\u2026 <\/p>\n","protected":false},"excerpt":{"rendered":"<p>Herkesin bir \u015feyler s\u00f6yledi\u011fi bir devirdeyiz. \u00c7arklar b\u00f6yle d\u00f6n\u00fcyor\u2026 Hepimiz kendi penceremizden sesleniyoruz, hepimiz \u00e7ok g\u00fczel s\u00f6ylemiyoruz belki ama hepimizin yapmak zorunda oldu\u011fu bir \u015fey var:<span class=\"excerpt-hellip\"> [\u2026]<\/span><\/p>\n","protected":false},"featured_media":0,"template":"","meta":{"_monsterinsights_skip_tracking":false,"_monsterinsights_sitenote_active":false,"_monsterinsights_sitenote_note":"","_monsterinsights_sitenote_category":0},"product_brand":[],"product_cat":[12777,12291],"product_tag":[],"class_list":{"0":"post-744286","1":"product","2":"type-product","3":"status-publish","5":"product_cat-deneme","6":"product_cat-edebiyat","7":"pa_cilt-ciltsiz","8":"pa_tur-kitap","9":"pa_yayinevi-cinaralti-yayinlari","10":"pa_yazar-ayse-elif-apuhan","12":"first","13":"instock","14":"sale","15":"shipping-taxable","16":"purchasable","17":"product-type-simple"},"_links":{"self":[{"href":"https:\/\/roveyayinevi.com.tr\/index.php\/wp-json\/wp\/v2\/product\/744286","targetHints":{"allow":["GET"]}}],"collection":[{"href":"https:\/\/roveyayinevi.com.tr\/index.php\/wp-json\/wp\/v2\/product"}],"about":[{"href":"https:\/\/roveyayinevi.com.tr\/index.php\/wp-json\/wp\/v2\/types\/product"}],"wp:attachment":[{"href":"https:\/\/roveyayinevi.com.tr\/index.php\/wp-json\/wp\/v2\/media?parent=744286"}],"wp:term":[{"taxonomy":"product_brand","embeddable":true,"href":"https:\/\/roveyayinevi.com.tr\/index.php\/wp-json\/wp\/v2\/product_brand?post=744286"},{"taxonomy":"product_cat","embeddable":true,"href":"https:\/\/roveyayinevi.com.tr\/index.php\/wp-json\/wp\/v2\/product_cat?post=744286"},{"taxonomy":"product_tag","embeddable":true,"href":"https:\/\/roveyayinevi.com.tr\/index.php\/wp-json\/wp\/v2\/product_tag?post=744286"}],"curies":[{"name":"wp","href":"https:\/\/api.w.org\/{rel}","templated":true}]}}