{"id":744283,"date":"2025-08-28T01:53:34","date_gmt":"2025-08-27T22:53:34","guid":{"rendered":"https:\/\/roveyayinevi.com.tr\/index.php\/urun\/felsefeye-giris-8\/"},"modified":"2026-04-16T02:55:48","modified_gmt":"2026-04-15T23:55:48","slug":"felsefeye-giris-8","status":"publish","type":"product","link":"https:\/\/roveyayinevi.com.tr\/index.php\/urun\/felsefeye-giris-8\/","title":{"rendered":"Felsefeye Giri\u015f"},"content":{"rendered":"<p>T\u00fcrkiye\u2019de ilk ve kapsaml\u0131 Felsefeye Giri\u015f kitaplar\u0131ndan birinin Hilmi Ziya \u00dclken\u2019e ait olmas\u0131, eserin b\u00fct\u00fcnl\u00fc\u011f\u00fc ve konular\u0131n ele al\u0131n\u0131\u015f tarz\u0131 d\u00fc\u015f\u00fcn\u00fcld\u00fc\u011f\u00fcnde tutarl\u0131 bir gerek\u00e7eye yaslan\u0131r. \u00d6ncelikle \u00dclken, felsefeyi sosyal bilimlerin bir alt dal\u0131 olarak g\u00f6rmemi\u015f, felsefi bir bak\u0131\u015f a\u00e7\u0131s\u0131yla bilimleri ku\u015fatan bir yakla\u015f\u0131m geli\u015ftirmi\u015ftir. Di\u011fer bir \u00f6zellik, birbirinden farkl\u0131 d\u00fc\u015f\u00fcnce ve ekolleri incelerken felsefe ve bilimin \u00e7ok y\u00f6nl\u00fcl\u00fc\u011f\u00fcn\u00fc belirli bir etkile\u015fim ve neden-sonu\u00e7 ili\u015fkisi i\u00e7inde yorumlam\u0131\u015ft\u0131r. Tarihsel olarak Antik Yunan\u2019dan modern felsefeye, Do\u011fu k\u00fclt\u00fcrlerinin d\u00fc\u015f\u00fcnsel birikimini de d\u00e2hil ederek, birbiriyle kayna\u015fan ufuklar\u0131n zengin miras\u0131n\u0131 g\u00fcn\u00fcm\u00fcze ta\u015f\u0131m\u0131\u015ft\u0131r. Fenomenolojik betimleme diyebilece\u011fimiz bir y\u00f6ntemle kavramlar\u0131n \u00f6z ve b\u00fct\u00fcnl\u00fcklerini, i\u00e7erik ve ba\u011flamlar\u0131n\u0131 korumu\u015ftur. Her d\u00fc\u015f\u00fcncenin ba\u015fka bir d\u00fc\u015f\u00fcnceyi \u00e7a\u011f\u0131ran; yarat\u0131c\u0131l\u0131\u011fa ve \u00f6zg\u00fcr bir zihne kap\u0131 aralayan bir \u00fcst\u00fcnl\u00fc\u011f\u00fc vard\u0131r. Aristoteles, Hume, Kant ve Descartes gibi rasyonel \u00e7izgide ilerleyen isimler felsefe tarihine kritik katk\u0131larda bulunurken Platon, Augustinus, Pascal, Bergson ve Heidegger gibi d\u00fc\u015f\u00fcn\u00fcrler de ince duyu\u015f ve sezgileriyle okurda bamba\u015fka bir felsefi ve estetik tav\u0131r yarat\u0131r. Ku\u015fkusuz bu tarz d\u00fc\u015f\u00fcnme al\u0131\u015fkanl\u0131\u011f\u0131n\u0131n T\u00fcrkiye\u2019de ye\u015fermesinde, \u00dclken\u2019in d\u00fc\u015f\u00fcnce tarihimizin en renkli simalar\u0131ndan biri olmas\u0131n\u0131n b\u00fcy\u00fck pay\u0131 vard\u0131r.   Daha \u00f6nce iki cilt halinde yay\u0131mlanan eser, bu yeni bas\u0131mda tek ciltte topland\u0131. Kitap felsefenin do\u011fu\u015fu, felsefenin ana konular\u0131 ve y\u00f6ntemi, mant\u0131k problemi, bilgi ve varl\u0131k kuramlar\u0131 ile ba\u015flar. Felsefenin matematik d\u00fc\u015f\u00fcnce, fizik ve biyoloji ile ili\u015fkisi \u00fczerinde ayr\u0131nt\u0131lar\u0131yla durulur. Bunun yan\u0131nda sosyoloji, tarih, psikoloji ve din konular\u0131n\u0131n felsefe ile ili\u015fkisi bir\u00e7ok y\u00f6n\u00fcyle de\u011ferlendirilir. <\/p>\n","protected":false},"excerpt":{"rendered":"<p>T\u00fcrkiye\u2019de ilk ve kapsaml\u0131 Felsefeye Giri\u015f kitaplar\u0131ndan birinin Hilmi Ziya \u00dclken\u2019e ait olmas\u0131, eserin b\u00fct\u00fcnl\u00fc\u011f\u00fc ve konular\u0131n ele al\u0131n\u0131\u015f tarz\u0131 d\u00fc\u015f\u00fcn\u00fcld\u00fc\u011f\u00fcnde tutarl\u0131 bir gerek\u00e7eye yaslan\u0131r. \u00d6ncelikle<span class=\"excerpt-hellip\"> [\u2026]<\/span><\/p>\n","protected":false},"featured_media":0,"template":"","meta":{"_monsterinsights_skip_tracking":false,"_monsterinsights_sitenote_active":false,"_monsterinsights_sitenote_note":"","_monsterinsights_sitenote_category":0},"product_brand":[],"product_cat":[12389,12388],"product_tag":[],"class_list":{"0":"post-744283","1":"product","2":"type-product","3":"status-publish","5":"product_cat-diger-felsefe","6":"product_cat-felsefe","7":"pa_cilt-ciltsiz","8":"pa_tur-kitap","9":"pa_yayinevi-dogu-bati-yayinlari","10":"pa_yazar-hilmi-ziya-ulken","12":"first","13":"instock","14":"sale","15":"shipping-taxable","16":"purchasable","17":"product-type-simple"},"_links":{"self":[{"href":"https:\/\/roveyayinevi.com.tr\/index.php\/wp-json\/wp\/v2\/product\/744283","targetHints":{"allow":["GET"]}}],"collection":[{"href":"https:\/\/roveyayinevi.com.tr\/index.php\/wp-json\/wp\/v2\/product"}],"about":[{"href":"https:\/\/roveyayinevi.com.tr\/index.php\/wp-json\/wp\/v2\/types\/product"}],"wp:attachment":[{"href":"https:\/\/roveyayinevi.com.tr\/index.php\/wp-json\/wp\/v2\/media?parent=744283"}],"wp:term":[{"taxonomy":"product_brand","embeddable":true,"href":"https:\/\/roveyayinevi.com.tr\/index.php\/wp-json\/wp\/v2\/product_brand?post=744283"},{"taxonomy":"product_cat","embeddable":true,"href":"https:\/\/roveyayinevi.com.tr\/index.php\/wp-json\/wp\/v2\/product_cat?post=744283"},{"taxonomy":"product_tag","embeddable":true,"href":"https:\/\/roveyayinevi.com.tr\/index.php\/wp-json\/wp\/v2\/product_tag?post=744283"}],"curies":[{"name":"wp","href":"https:\/\/api.w.org\/{rel}","templated":true}]}}